{"id":900,"date":"2024-06-24T13:16:41","date_gmt":"2024-06-24T13:16:41","guid":{"rendered":"https:\/\/immediateconnect.biz\/?page_id=900"},"modified":"2026-04-10T06:11:05","modified_gmt":"2026-04-10T06:11:05","slug":"dziekuje","status":"publish","type":"page","link":"https:\/\/immediateconnect.biz\/pl\/thank-you\/","title":{"rendered":"Thank You"},"content":{"rendered":"<div data-elementor-type=\"wp-page\" data-elementor-id=\"900\" class=\"elementor elementor-900\" data-elementor-post-type=\"page\">\n\t\t\t\t<div class=\"elementor-element elementor-element-627ab9d e-flex e-con-boxed e-con e-parent\" data-id=\"627ab9d\" data-element_type=\"container\" data-e-type=\"container\" data-settings=\"{&quot;background_background&quot;:&quot;video&quot;,&quot;background_video_link&quot;:&quot;https:\\\/\\\/immediateconnect.biz\\\/wp-content\\\/uploads\\\/2024\\\/09\\\/file.mp4&quot;,&quot;background_play_on_mobile&quot;:&quot;yes&quot;}\">\n\t\t\t\t\t<div class=\"e-con-inner\">\n\t\t<div class=\"elementor-background-video-container\">\n\t\t\t\t\t\t\t<video class=\"elementor-background-video-hosted\" role=\"presentation\" autoplay muted playsinline loop><\/video>\n\t\t\t\t\t<\/div><div class=\"elementor-element elementor-element-d902a8f e-con-full e-flex e-con e-child\" data-id=\"d902a8f\" data-element_type=\"container\" data-e-type=\"container\">\n\t\t\t\t<div class=\"elementor-element elementor-element-e2de08b elementor-widget elementor-widget-heading\" data-id=\"e2de08b\" data-element_type=\"widget\" data-e-type=\"widget\" data-widget_type=\"heading.default\">\n\t\t\t\t\t<h1 class=\"elementor-heading-title elementor-size-default\">Dzi\u0119kujemy za rejestracj\u0119!\n<\/h1>\t\t\t\t<\/div>\n\t\t\t\t<div class=\"elementor-element elementor-element-09b3646 elementor-widget__width-initial elementor-widget-tablet__width-initial elementor-widget elementor-widget-text-editor\" data-id=\"09b3646\" data-element_type=\"widget\" data-e-type=\"widget\" data-widget_type=\"text-editor.default\">\n\t\t\t\t\t\t\t\t\t<p>Cieszymy si\u0119, \u017ce mamy Ci\u0119 na pok\u0142adzie! Aby zapewni\u0107 Pa\u0144stwu najlepsz\u0105 mo\u017cliw\u0105 obs\u0142ug\u0119, uprzejmie prosimy o upewnienie si\u0119, \u017ce telefon jest dost\u0119pny do wykonania po\u0142\u0105czenia. By\u0107 mo\u017ce b\u0119dziemy musieli skontaktowa\u0107 si\u0119 z Tob\u0105, aby uzyska\u0107 dalsze informacje lub om\u00f3wi\u0107 szczeg\u00f3\u0142y rejestracji. Mo\u017cesz mie\u0107 pewno\u015b\u0107, \u017ce wkr\u00f3tce si\u0119 z Tob\u0105 skontaktujemy i odpowiemy na wszelkie pytania lub w\u0105tpliwo\u015bci. Cenimy Tw\u00f3j udzia\u0142 i dok\u0142adamy wszelkich stara\u0144, aby Twoje do\u015bwiadczenia z nami by\u0142y wyj\u0105tkowe. Jeszcze raz dzi\u0119kujemy za rejestracj\u0119 i nie mo\u017cemy si\u0119 doczeka\u0107 rozmowy z Tob\u0105 ju\u017c wkr\u00f3tce!<\/p>\t\t\t\t\t\t\t\t<\/div>\n\t\t\t\t<div class=\"elementor-element elementor-element-b766df5 elementor-align-justify elementor-widget__width-initial elementor-widget-tablet__width-initial elementor-widget elementor-widget-button\" data-id=\"b766df5\" data-element_type=\"widget\" data-e-type=\"widget\" data-widget_type=\"button.default\">\n\t\t\t\t\t\t\t\t\t\t<a class=\"elementor-button elementor-button-link elementor-size-sm\" href=\"https:\/\/immediateconnect.biz\/pl\/\">\n\t\t\t\t\t\t<span class=\"elementor-button-content-wrapper\">\n\t\t\t\t\t\t\t\t\t<span class=\"elementor-button-text\">Powr\u00f3t do strony g\u0142\u00f3wnej<\/span>\n\t\t\t\t\t<\/span>\n\t\t\t\t\t<\/a>\n\t\t\t\t\t\t\t\t<\/div>\n\t\t\t\t<\/div>\n\t\t\t\t\t<\/div>\n\t\t\t\t<\/div>\n\t\t\t\t<\/div>","protected":false},"excerpt":{"rendered":"<p>Thank you for your registration! We\u2019re excited to have you on board! In order to provide you with the best possible service, we kindly ask that you ensure your phone is available for a call. We may need to reach out to you for further information or to discuss your registration details. Rest assured, we\u2019ll [&hellip;]<\/p>\n","protected":false},"author":1,"featured_media":0,"parent":0,"menu_order":0,"comment_status":"closed","ping_status":"closed","template":"","meta":{"footnotes":""},"class_list":["post-900","page","type-page","status-publish","hentry"],"_links":{"self":[{"href":"https:\/\/immediateconnect.biz\/pl\/wp-json\/wp\/v2\/pages\/900","targetHints":{"allow":["GET"]}}],"collection":[{"href":"https:\/\/immediateconnect.biz\/pl\/wp-json\/wp\/v2\/pages"}],"about":[{"href":"https:\/\/immediateconnect.biz\/pl\/wp-json\/wp\/v2\/types\/page"}],"author":[{"embeddable":true,"href":"https:\/\/immediateconnect.biz\/pl\/wp-json\/wp\/v2\/users\/1"}],"replies":[{"embeddable":true,"href":"https:\/\/immediateconnect.biz\/pl\/wp-json\/wp\/v2\/comments?post=900"}],"version-history":[{"count":40,"href":"https:\/\/immediateconnect.biz\/pl\/wp-json\/wp\/v2\/pages\/900\/revisions"}],"predecessor-version":[{"id":1713,"href":"https:\/\/immediateconnect.biz\/pl\/wp-json\/wp\/v2\/pages\/900\/revisions\/1713"}],"wp:attachment":[{"href":"https:\/\/immediateconnect.biz\/pl\/wp-json\/wp\/v2\/media?parent=900"}],"curies":[{"name":"wp","href":"https:\/\/api.w.org\/{rel}","templated":true}]}}