{"id":297,"date":"2023-08-24T12:26:58","date_gmt":"2023-08-24T12:26:58","guid":{"rendered":"https:\/\/immediateconnect.biz\/?page_id=297"},"modified":"2025-12-10T06:33:28","modified_gmt":"2025-12-10T06:33:28","slug":"polityka-plikow-cookie","status":"publish","type":"page","link":"https:\/\/immediateconnect.biz\/pl\/cookie-policy\/","title":{"rendered":"Polityka dotycz\u0105ca plik\u00f3w cookie"},"content":{"rendered":"<div data-elementor-type=\"wp-page\" data-elementor-id=\"297\" class=\"elementor elementor-297\" data-elementor-post-type=\"page\">\n\t\t\t\t<div class=\"elementor-element elementor-element-42d1043 e-flex e-con-boxed e-con e-parent\" data-id=\"42d1043\" data-element_type=\"container\" data-e-type=\"container\" data-settings=\"{&quot;background_background&quot;:&quot;gradient&quot;}\">\n\t\t\t\t\t<div class=\"e-con-inner\">\n\t\t\t\t<div class=\"elementor-element elementor-element-47612aa elementor-widget elementor-widget-heading\" data-id=\"47612aa\" data-element_type=\"widget\" data-e-type=\"widget\" data-widget_type=\"heading.default\">\n\t\t\t\t\t<h1 class=\"elementor-heading-title elementor-size-default\">Polityka dotycz\u0105ca plik\u00f3w cookie<\/h1>\t\t\t\t<\/div>\n\t\t\t\t\t<\/div>\n\t\t\t\t<\/div>\n\t\t<div class=\"elementor-element elementor-element-ac51480 e-flex e-con-boxed e-con e-parent\" data-id=\"ac51480\" data-element_type=\"container\" data-e-type=\"container\" data-settings=\"{&quot;background_background&quot;:&quot;classic&quot;}\">\n\t\t\t\t\t<div class=\"e-con-inner\">\n\t\t\t\t<div class=\"elementor-element elementor-element-5932fcf elementor-widget elementor-widget-text-editor\" data-id=\"5932fcf\" data-element_type=\"widget\" data-e-type=\"widget\" data-widget_type=\"text-editor.default\">\n\t\t\t\t\t\t\t\t\t<p>W tej sekcji wyja\u015bnimy wszystko, co musisz wiedzie\u0107 o r\u00f3\u017cnych typach plik\u00f3w cookie u\u017cywanych w witrynie. <strong>Immediate Connect<\/strong> strona internetowa.<\/p>\t\t\t\t\t\t\t\t<\/div>\n\t\t\t\t<div class=\"elementor-element elementor-element-9db2ca4 elementor-widget elementor-widget-heading\" data-id=\"9db2ca4\" data-element_type=\"widget\" data-e-type=\"widget\" data-widget_type=\"heading.default\">\n\t\t\t\t\t<h2 class=\"elementor-heading-title elementor-size-default\">Co to jest plik cookie?<\/h2>\t\t\t\t<\/div>\n\t\t\t\t<div class=\"elementor-element elementor-element-4f57277 elementor-widget elementor-widget-text-editor\" data-id=\"4f57277\" data-element_type=\"widget\" data-e-type=\"widget\" data-widget_type=\"text-editor.default\">\n\t\t\t\t\t\t\t\t\t<p>Plik cookie to plik tekstowy, kt\u00f3ry jest przechowywany w przegl\u0105darce internetowej i zapisuje informacje o przegl\u0105daniu, kt\u00f3re pomagaj\u0105 zidentyfikowa\u0107 Twoje urz\u0105dzenie. Kiedy odwiedzasz stron\u0119 internetow\u0105, tak\u0105 jak <strong>Immediate Connect<\/strong>, plik cookie jest wysy\u0142any do Twojego komputera, smartfona lub tabletu, a za ka\u017cdym razem, gdy ponownie odwiedzasz t\u0119 sam\u0105 stron\u0119 internetow\u0105, plik cookie jest u\u017cywany do identyfikacji Ciebie. Pliki cookie s\u0105 u\u017cywane do rejestrowania Twojej aktywno\u015bci przegl\u0105dania i zachowania, dzi\u0119ki czemu strony internetowe mog\u0105 tworzy\u0107 spersonalizowane do\u015bwiadczenie, kt\u00f3re jest specjalnie dostosowane do Ciebie.<\/p>\t\t\t\t\t\t\t\t<\/div>\n\t\t\t\t<div class=\"elementor-element elementor-element-3b582b3 elementor-widget elementor-widget-heading\" data-id=\"3b582b3\" data-element_type=\"widget\" data-e-type=\"widget\" data-widget_type=\"heading.default\">\n\t\t\t\t\t<h2 class=\"elementor-heading-title elementor-size-default\">Dlaczego u\u017cywamy plik\u00f3w cookie?<\/h2>\t\t\t\t<\/div>\n\t\t\t\t<div class=\"elementor-element elementor-element-ad3a232 elementor-widget elementor-widget-text-editor\" data-id=\"ad3a232\" data-element_type=\"widget\" data-e-type=\"widget\" data-widget_type=\"text-editor.default\">\n\t\t\t\t\t\t\t\t\t<p><strong>Immediate Connect<\/strong> u\u017cywa plik\u00f3w cookie, aby pom\u00f3c nam ulepszy\u0107 wszystkie aspekty naszej witryny, w tym jej wydajno\u015b\u0107, dost\u0119pno\u015b\u0107 i funkcjonalno\u015b\u0107. Pliki cookie dostarczaj\u0105 nam wa\u017cnych informacji, kt\u00f3re pozwalaj\u0105 nam zrozumie\u0107, w jaki spos\u00f3b odwiedzaj\u0105cy wchodz\u0105 w interakcj\u0119 z nasz\u0105 witryn\u0105 i dost\u0119pnymi funkcjami.<\/p><p>Pliki cookie mog\u0105 na przyk\u0142ad pokaza\u0107 nam, kt\u00f3re sekcje <strong>Immediate Connect<\/strong> s\u0105 najcz\u0119\u015bciej odwiedzane i zawieraj\u0105 sekcje, na kt\u00f3rych u\u017cytkownicy sp\u0119dzaj\u0105 najmniej czasu. Dzi\u0119ki tym informacjom mo\u017cemy skupi\u0107 si\u0119 na konkretnych obszarach naszej witryny i pracowa\u0107 nad wprowadzaniem ulepsze\u0144, aby zapewni\u0107 lepsze og\u00f3lne wra\u017cenia u\u017cytkownika.<\/p><p>Pliki cookie mog\u0105 r\u00f3wnie\u017c umo\u017cliwi\u0107 nam dostarczanie spersonalizowanych tre\u015bci i funkcji odwiedzaj\u0105cym witryn\u0119 poprzez zbieranie informacji zwi\u0105zanych z ich zainteresowaniami i wzorcami zachowa\u0144. Ponadto pliki cookie mog\u0105 umo\u017cliwi\u0107 nam identyfikacj\u0119 i napraw\u0119 wszelkich problem\u00f3w technicznych, a tak\u017ce popraw\u0119 bezpiecze\u0144stwa <strong>Immediate Connect<\/strong> strona internetowa.<\/p>\t\t\t\t\t\t\t\t<\/div>\n\t\t\t\t<div class=\"elementor-element elementor-element-d3841ef elementor-widget elementor-widget-heading\" data-id=\"d3841ef\" data-element_type=\"widget\" data-e-type=\"widget\" data-widget_type=\"heading.default\">\n\t\t\t\t\t<h2 class=\"elementor-heading-title elementor-size-default\">R\u00f3\u017cne rodzaje plik\u00f3w cookie<\/h2>\t\t\t\t<\/div>\n\t\t\t\t<div class=\"elementor-element elementor-element-bfb17da elementor-widget elementor-widget-text-editor\" data-id=\"bfb17da\" data-element_type=\"widget\" data-e-type=\"widget\" data-widget_type=\"text-editor.default\">\n\t\t\t\t\t\t\t\t\t<p>Podczas korzystania z serwisu napotkasz trzy g\u0142\u00f3wne typy plik\u00f3w cookie: <strong>Immediate Connect<\/strong> strona internetowa. S\u0105 one nast\u0119puj\u0105ce:<\/p>\t\t\t\t\t\t\t\t<\/div>\n\t\t\t\t<div class=\"elementor-element elementor-element-348dec3 elementor-widget elementor-widget-heading\" data-id=\"348dec3\" data-element_type=\"widget\" data-e-type=\"widget\" data-widget_type=\"heading.default\">\n\t\t\t\t\t<h3 class=\"elementor-heading-title elementor-size-default\">Niezb\u0119dne pliki cookie<\/h3>\t\t\t\t<\/div>\n\t\t\t\t<div class=\"elementor-element elementor-element-66e8faf elementor-widget elementor-widget-text-editor\" data-id=\"66e8faf\" data-element_type=\"widget\" data-e-type=\"widget\" data-widget_type=\"text-editor.default\">\n\t\t\t\t\t\t\t\t\t<p>Jako najwa\u017cniejszy rodzaj plik\u00f3w cookie, kt\u00f3re s\u0105 u\u017cywane w <strong>Immediate Connect,<\/strong> niezb\u0119dne pliki cookie (czasami nazywane sta\u0142ymi plikami cookie) zapewniaj\u0105 prawid\u0142owe dzia\u0142anie witryny. Te pliki cookie pozwalaj\u0105 nam wykonywa\u0107 wszystkie niezb\u0119dne czynno\u015bci i udost\u0119pnia\u0107 odwiedzaj\u0105cym wygodne funkcje, takie jak automatyczne wype\u0142nianie i trwa\u0142e logowanie. Niezb\u0119dne pliki cookie s\u0105 niezb\u0119dne do dzia\u0142ania naszej witryny. Bez nich wiele funkcji stanie si\u0119 niedost\u0119pnych, a odwiedzaj\u0105cy b\u0119d\u0105 mieli niezwykle ograniczone do\u015bwiadczenie u\u017cytkownika.<\/p>\t\t\t\t\t\t\t\t<\/div>\n\t\t\t\t<div class=\"elementor-element elementor-element-c4cee05 elementor-widget elementor-widget-heading\" data-id=\"c4cee05\" data-element_type=\"widget\" data-e-type=\"widget\" data-widget_type=\"heading.default\">\n\t\t\t\t\t<h3 class=\"elementor-heading-title elementor-size-default\">Pliki cookie Google Analytics<\/h3>\t\t\t\t<\/div>\n\t\t\t\t<div class=\"elementor-element elementor-element-0b44c31 elementor-widget elementor-widget-text-editor\" data-id=\"0b44c31\" data-element_type=\"widget\" data-e-type=\"widget\" data-widget_type=\"text-editor.default\">\n\t\t\t\t\t\t\t\t\t<p><strong>Immediate Connect<\/strong> u\u017cywa plik\u00f3w cookie Google Analytics, aby lepiej zrozumie\u0107 zachowanie i preferencje naszych go\u015bci. Te pliki cookie daj\u0105 nam lepszy wgl\u0105d w to, jak dzia\u0142a nasza strona internetowa i pozwalaj\u0105 nam okre\u015bli\u0107 kluczowe obszary, kt\u00f3re wymagaj\u0105 ulepsze\u0144 lub optymalizacji. Dzi\u0119ki tym plikom cookie mo\u017cemy nadal zapewnia\u0107 dostosowane i przyjazne dla u\u017cytkownika do\u015bwiadczenie dla wszystkich go\u015bci. Pliki cookie Google Analytics nie zbieraj\u0105 ani nie przechowuj\u0105 danych osobowych, takich jak imi\u0119 i nazwisko oraz dane kontaktowe.<\/p>\t\t\t\t\t\t\t\t<\/div>\n\t\t\t\t<div class=\"elementor-element elementor-element-0253ec8 elementor-widget elementor-widget-heading\" data-id=\"0253ec8\" data-element_type=\"widget\" data-e-type=\"widget\" data-widget_type=\"heading.default\">\n\t\t\t\t\t<h3 class=\"elementor-heading-title elementor-size-default\">Pliki cookie stron trzecich<\/h3>\t\t\t\t<\/div>\n\t\t\t\t<div class=\"elementor-element elementor-element-b6a632f elementor-widget elementor-widget-text-editor\" data-id=\"b6a632f\" data-element_type=\"widget\" data-e-type=\"widget\" data-widget_type=\"text-editor.default\">\n\t\t\t\t\t\t\t\t\t<p>Podczas korzystania z naszej witryny u\u017cytkownik mo\u017ce r\u00f3wnie\u017c napotka\u0107 pliki cookie stron trzecich. Te pliki cookie nale\u017c\u0105 do witryn internetowych stron trzecich, z kt\u00f3rymi wsp\u00f3\u0142pracujemy lub do kt\u00f3rych \u0142\u0105cza znajduj\u0105 si\u0119 w tre\u015bci naszej witryny, takich jak domy maklerskie. Pliki cookie stron trzecich umo\u017cliwiaj\u0105 p\u0142ynne przej\u015bcie mi\u0119dzy nasz\u0105 witryn\u0105 a witrynami naszych partner\u00f3w. Wi\u0119cej informacji na temat tych plik\u00f3w cookie mo\u017cna znale\u017a\u0107 w odpowiednich politykach dotycz\u0105cych plik\u00f3w cookie witryn internetowych stron trzecich, do kt\u00f3rych \u0142\u0105cza znajduj\u0105 si\u0119 na naszej stronie.<\/p>\t\t\t\t\t\t\t\t<\/div>\n\t\t\t\t<div class=\"elementor-element elementor-element-8a34508 elementor-widget elementor-widget-heading\" data-id=\"8a34508\" data-element_type=\"widget\" data-e-type=\"widget\" data-widget_type=\"heading.default\">\n\t\t\t\t\t<h3 class=\"elementor-heading-title elementor-size-default\">Jak dostosowa\u0107 lub wy\u0142\u0105czy\u0107 pliki cookie?<\/h3>\t\t\t\t<\/div>\n\t\t\t\t<div class=\"elementor-element elementor-element-43d037c elementor-widget elementor-widget-text-editor\" data-id=\"43d037c\" data-element_type=\"widget\" data-e-type=\"widget\" data-widget_type=\"text-editor.default\">\n\t\t\t\t\t\t\t\t\t<p>Pliki cookie s\u0105 cennym narz\u0119dziem, kt\u00f3re pomaga nam ulepsza\u0107 nasze us\u0142ugi i zapewnia\u0107 pozytywne do\u015bwiadczenia u\u017cytkownikom odwiedzaj\u0105cym nasz\u0105 witryn\u0119. <strong>Immediate Connect<\/strong> witryna internetowa. Jednak korzystanie z plik\u00f3w cookie nie jest obowi\u0105zkowe, a pliki cookie mo\u017cna wy\u0142\u0105czy\u0107 w dowolnym momencie. Nale\u017cy pami\u0119ta\u0107, \u017ce po wy\u0142\u0105czeniu plik\u00f3w cookie niekt\u00f3re funkcje mog\u0105 by\u0107 niedost\u0119pne lub nie dzia\u0142a\u0107 zgodnie z przeznaczeniem.<\/p><p>Je\u015bli u\u017cytkownik chce wy\u0142\u0105czy\u0107 nasze pliki cookie lub dostosowa\u0107 ustawienia plik\u00f3w cookie, mo\u017ce to zrobi\u0107 za pomoc\u0105 ustawie\u0144 przegl\u0105darki. Pliki cookie mo\u017cna r\u00f3wnie\u017c odrzuci\u0107 w wyskakuj\u0105cym okienku, kt\u00f3re pojawia si\u0119 przy pierwszym wej\u015bciu na nasz\u0105 stron\u0119 internetow\u0105.<\/p>\t\t\t\t\t\t\t\t<\/div>\n\t\t\t\t<div class=\"elementor-element elementor-element-8bbb6e5 elementor-widget elementor-widget-heading\" data-id=\"8bbb6e5\" data-element_type=\"widget\" data-e-type=\"widget\" data-widget_type=\"heading.default\">\n\t\t\t\t\t<h3 class=\"elementor-heading-title elementor-size-default\">Zmiany w polityce<\/h3>\t\t\t\t<\/div>\n\t\t\t\t<div class=\"elementor-element elementor-element-986aa64 elementor-widget elementor-widget-text-editor\" data-id=\"986aa64\" data-element_type=\"widget\" data-e-type=\"widget\" data-widget_type=\"text-editor.default\">\n\t\t\t\t\t\t\t\t\t<p>Ca\u0142a tre\u015b\u0107 niniejszej Polityki plik\u00f3w cookie podlega zmianom w dowolnym momencie i bez wcze\u015bniejszego powiadomienia. Wszelkie zmiany wprowadzone do niniejszej polityki staj\u0105 si\u0119 wa\u017cne natychmiast po ich opublikowaniu. Nasi u\u017cytkownicy musz\u0105 upewni\u0107 si\u0119, \u017ce s\u0105 na bie\u017c\u0105co z najnowsz\u0105 wersj\u0105 niniejszej Polityki plik\u00f3w cookie, poniewa\u017c ich dalsze korzystanie z <strong>Immediate Connect<\/strong> o\u015bwiadcza, \u017ce \u200b\u200bwyra\u017ca zgod\u0119 na wszystkie wprowadzone zmiany.<\/p>\t\t\t\t\t\t\t\t<\/div>\n\t\t\t\t\t<\/div>\n\t\t\t\t<\/div>\n\t\t\t\t<\/div>","protected":false},"excerpt":{"rendered":"<p>Cookie Policy In this section, we shall explain everything you need to know about the different types of cookie usage on the Immediate Connect website. What Is a Cookie? A cookie is a text file that is stored within a web browser and saves browsing information that helps to identify your device. When you visit [&hellip;]<\/p>\n","protected":false},"author":1,"featured_media":0,"parent":0,"menu_order":0,"comment_status":"closed","ping_status":"closed","template":"elementor_header_footer","meta":{"footnotes":""},"class_list":["post-297","page","type-page","status-publish","hentry"],"_links":{"self":[{"href":"https:\/\/immediateconnect.biz\/pl\/wp-json\/wp\/v2\/pages\/297","targetHints":{"allow":["GET"]}}],"collection":[{"href":"https:\/\/immediateconnect.biz\/pl\/wp-json\/wp\/v2\/pages"}],"about":[{"href":"https:\/\/immediateconnect.biz\/pl\/wp-json\/wp\/v2\/types\/page"}],"author":[{"embeddable":true,"href":"https:\/\/immediateconnect.biz\/pl\/wp-json\/wp\/v2\/users\/1"}],"replies":[{"embeddable":true,"href":"https:\/\/immediateconnect.biz\/pl\/wp-json\/wp\/v2\/comments?post=297"}],"version-history":[{"count":44,"href":"https:\/\/immediateconnect.biz\/pl\/wp-json\/wp\/v2\/pages\/297\/revisions"}],"predecessor-version":[{"id":1647,"href":"https:\/\/immediateconnect.biz\/pl\/wp-json\/wp\/v2\/pages\/297\/revisions\/1647"}],"wp:attachment":[{"href":"https:\/\/immediateconnect.biz\/pl\/wp-json\/wp\/v2\/media?parent=297"}],"curies":[{"name":"wp","href":"https:\/\/api.w.org\/{rel}","templated":true}]}}