{"id":241,"date":"2023-08-24T11:10:31","date_gmt":"2023-08-24T11:10:31","guid":{"rendered":"https:\/\/immediateconnect.biz\/?page_id=241"},"modified":"2025-06-30T13:23:33","modified_gmt":"2025-06-30T13:23:33","slug":"czesto-zadawane-pytania","status":"publish","type":"page","link":"https:\/\/immediateconnect.biz\/pl\/faqs\/","title":{"rendered":"FAQs"},"content":{"rendered":"<div data-elementor-type=\"wp-page\" data-elementor-id=\"241\" class=\"elementor elementor-241\" data-elementor-post-type=\"page\">\n\t\t\t\t<div class=\"elementor-element elementor-element-e359744 e-flex e-con-boxed e-con e-parent\" data-id=\"e359744\" data-element_type=\"container\" data-e-type=\"container\" data-settings=\"{&quot;background_background&quot;:&quot;gradient&quot;}\">\n\t\t\t\t\t<div class=\"e-con-inner\">\n\t\t\t\t<div class=\"elementor-element elementor-element-f14c8f1 elementor-widget elementor-widget-heading\" data-id=\"f14c8f1\" data-element_type=\"widget\" data-e-type=\"widget\" data-widget_type=\"heading.default\">\n\t\t\t\t\t<h1 class=\"elementor-heading-title elementor-size-default\">Cz\u0119sto zadawane pytania<\/h1>\t\t\t\t<\/div>\n\t\t\t\t<div class=\"elementor-element elementor-element-5e3769f elementor-widget elementor-widget-text-editor\" data-id=\"5e3769f\" data-element_type=\"widget\" data-e-type=\"widget\" data-widget_type=\"text-editor.default\">\n\t\t\t\t\t\t\t\t\t<p>Tutaj znajdziesz odpowiedzi na najcz\u0119\u015bciej zadawane pytania dotycz\u0105ce naszej platformy, us\u0142ug i broker\u00f3w, z kt\u00f3rymi wsp\u00f3\u0142pracujemy!<\/p>\t\t\t\t\t\t\t\t<\/div>\n\t\t\t\t\t<\/div>\n\t\t\t\t<\/div>\n\t\t<div class=\"elementor-element elementor-element-a660155 e-flex e-con-boxed e-con e-parent\" data-id=\"a660155\" data-element_type=\"container\" data-e-type=\"container\" data-settings=\"{&quot;background_background&quot;:&quot;classic&quot;}\">\n\t\t\t\t\t<div class=\"e-con-inner\">\n\t\t<div class=\"elementor-element elementor-element-bf346dd e-con-full e-flex e-con e-child\" data-id=\"bf346dd\" data-element_type=\"container\" data-e-type=\"container\" data-settings=\"{&quot;background_background&quot;:&quot;classic&quot;}\">\n\t\t\t\t<div class=\"elementor-element elementor-element-6e1b2f3 elementor-widget elementor-widget-heading\" data-id=\"6e1b2f3\" data-element_type=\"widget\" data-e-type=\"widget\" data-widget_type=\"heading.default\">\n\t\t\t\t\t<h2 class=\"elementor-heading-title elementor-size-default\">Czym jest Immediate Connect?<\/h2>\t\t\t\t<\/div>\n\t\t\t\t<div class=\"elementor-element elementor-element-7f8b315 elementor-widget elementor-widget-text-editor\" data-id=\"7f8b315\" data-element_type=\"widget\" data-e-type=\"widget\" data-widget_type=\"text-editor.default\">\n\t\t\t\t\t\t\t\t\t<p>Immediate Connect to narz\u0119dzie marketingowe, kt\u00f3rego celem jest wype\u0142nienie luki mi\u0119dzy inwestorami a brokerami. Platforma ta zosta\u0142a zaprojektowana, aby uczyni\u0107 handel bardziej dost\u0119pnym, nawet dla zupe\u0142nie pocz\u0105tkuj\u0105cych. Immediate Connect zdecydowa\u0142o si\u0119 na wsp\u00f3\u0142prac\u0119 z uznanymi brokerami na ca\u0142ym \u015bwiecie, kt\u00f3rzy oferuj\u0105 u\u017cytkownikom pomocne narz\u0119dzia i us\u0142ugi. Nie jeste\u015bmy doradcami finansowymi i nie ponosimy odpowiedzialno\u015bci za jakiekolwiek wyniki, kt\u00f3re mog\u0105 wyst\u0105pi\u0107 w wyniku handlu za po\u015brednictwem jednego z naszych broker\u00f3w partnerskich.<\/p>\t\t\t\t\t\t\t\t<\/div>\n\t\t\t\t<\/div>\n\t\t<div class=\"elementor-element elementor-element-90855d5 e-con-full e-flex e-con e-child\" data-id=\"90855d5\" data-element_type=\"container\" data-e-type=\"container\" data-settings=\"{&quot;background_background&quot;:&quot;classic&quot;}\">\n\t\t\t\t<div class=\"elementor-element elementor-element-942ad48 elementor-widget elementor-widget-heading\" data-id=\"942ad48\" data-element_type=\"widget\" data-e-type=\"widget\" data-widget_type=\"heading.default\">\n\t\t\t\t\t<h2 class=\"elementor-heading-title elementor-size-default\">Co to jest broker?<\/h2>\t\t\t\t<\/div>\n\t\t\t\t<div class=\"elementor-element elementor-element-1cc02a3 elementor-widget elementor-widget-text-editor\" data-id=\"1cc02a3\" data-element_type=\"widget\" data-e-type=\"widget\" data-widget_type=\"text-editor.default\">\n\t\t\t\t\t\t\t\t\t<p>Broker (lub dom maklerski) jest po\u015brednikiem mi\u0119dzy inwestorami a rynkiem. Ich rol\u0105 jest u\u0142atwianie transakcji, za co otrzymuj\u0105 wynagrodzenie, a tak\u017ce oferowanie r\u00f3\u017cnych innych us\u0142ug. Wielu broker\u00f3w zapewnia r\u00f3wnie\u017c inwestorom narz\u0119dzia, wskaz\u00f3wki i zasoby, kt\u00f3re mog\u0105 pom\u00f3c im w handlu kryptowalutami i innymi aktywami. Na przyk\u0142ad, niekt\u00f3rzy brokerzy zapewniaj\u0105 konta demo, kt\u00f3re pozwalaj\u0105 u\u017cytkownikom \u0107wiczy\u0107 handel w bezpiecznym \u015brodowisku przy u\u017cyciu fikcyjnych \u015brodk\u00f3w.<\/p>\t\t\t\t\t\t\t\t<\/div>\n\t\t\t\t<\/div>\n\t\t<div class=\"elementor-element elementor-element-c178d55 e-con-full e-flex e-con e-child\" data-id=\"c178d55\" data-element_type=\"container\" data-e-type=\"container\" data-settings=\"{&quot;background_background&quot;:&quot;classic&quot;}\">\n\t\t\t\t<div class=\"elementor-element elementor-element-5605e1c elementor-widget elementor-widget-heading\" data-id=\"5605e1c\" data-element_type=\"widget\" data-e-type=\"widget\" data-widget_type=\"heading.default\">\n\t\t\t\t\t<h2 class=\"elementor-heading-title elementor-size-default\">Kt\u00f3rymi aktywami mog\u0119 handlowa\u0107?<\/h2>\t\t\t\t<\/div>\n\t\t\t\t<div class=\"elementor-element elementor-element-450da9a elementor-widget elementor-widget-text-editor\" data-id=\"450da9a\" data-element_type=\"widget\" data-e-type=\"widget\" data-widget_type=\"text-editor.default\">\n\t\t\t\t\t\t\t\t\t<p>Nasi brokerzy obs\u0142uguj\u0105 handel wieloma r\u00f3\u017cnymi aktywami, w tym r\u00f3\u017cnymi kryptowalutami, takimi jak Bitcoin (BTC), Ethereum (ETH), XRP (XRP), BNB (BNB), Tether (USDT), Cardano (ADA), Dogecoin (DOGE), Shiba Inu (SHIB), Avalanche (AVAX), Polygon (MATIC) i Solana (SOL). Wielu broker\u00f3w, z kt\u00f3rymi wsp\u00f3\u0142pracujemy, obs\u0142uguje r\u00f3wnie\u017c inne zbywalne aktywa, w tym akcje, Forex i kontrakty CFD, a tak\u017ce towary, takie jak z\u0142oto, srebro i ropa naftowa.<\/p>\t\t\t\t\t\t\t\t<\/div>\n\t\t\t\t<\/div>\n\t\t<div class=\"elementor-element elementor-element-3387eca e-con-full e-flex e-con e-child\" data-id=\"3387eca\" data-element_type=\"container\" data-e-type=\"container\" data-settings=\"{&quot;background_background&quot;:&quot;classic&quot;}\">\n\t\t\t\t<div class=\"elementor-element elementor-element-12f1420 elementor-widget elementor-widget-heading\" data-id=\"12f1420\" data-element_type=\"widget\" data-e-type=\"widget\" data-widget_type=\"heading.default\">\n\t\t\t\t\t<h2 class=\"elementor-heading-title elementor-size-default\">Czy Immediate Connect jest odpowiedni dla pocz\u0105tkuj\u0105cych inwestor\u00f3w?<\/h2>\t\t\t\t<\/div>\n\t\t\t\t<div class=\"elementor-element elementor-element-790c42b elementor-widget elementor-widget-text-editor\" data-id=\"790c42b\" data-element_type=\"widget\" data-e-type=\"widget\" data-widget_type=\"text-editor.default\">\n\t\t\t\t\t\t\t\t\t<p>Tak, Immediate Connect jest zdecydowanie odpowiedni zar\u00f3wno dla pocz\u0105tkuj\u0105cych, jak i trader\u00f3w na wszystkich innych poziomach do\u015bwiadczenia! Zapewnili\u015bmy, \u017ce nasza platforma jest \u0142atwa w nawigacji, a wszystkie us\u0142ugi s\u0105 przyjazne dla pocz\u0105tkuj\u0105cych, wi\u0119c nie potrzebujesz \u017cadnego wcze\u015bniejszego do\u015bwiadczenia handlowego, aby utworzy\u0107 konto i po\u0142\u0105czy\u0107 si\u0119 z jednym z naszych bogatych w funkcje broker\u00f3w.<\/p>\t\t\t\t\t\t\t\t<\/div>\n\t\t\t\t<\/div>\n\t\t<div class=\"elementor-element elementor-element-7cb36ec e-con-full e-flex e-con e-child\" data-id=\"7cb36ec\" data-element_type=\"container\" data-e-type=\"container\" data-settings=\"{&quot;background_background&quot;:&quot;classic&quot;}\">\n\t\t\t\t<div class=\"elementor-element elementor-element-bd736b4 elementor-widget elementor-widget-heading\" data-id=\"bd736b4\" data-element_type=\"widget\" data-e-type=\"widget\" data-widget_type=\"heading.default\">\n\t\t\t\t\t<h2 class=\"elementor-heading-title elementor-size-default\">Jak utworzy\u0107 konto w Immediate Connect?<\/h2>\t\t\t\t<\/div>\n\t\t\t\t<div class=\"elementor-element elementor-element-b36b32e elementor-widget elementor-widget-text-editor\" data-id=\"b36b32e\" data-element_type=\"widget\" data-e-type=\"widget\" data-widget_type=\"text-editor.default\">\n\t\t\t\t\t\t\t\t\t<p>Utworzenie konta w Immediate Connect jest szybkie i proste. Wystarczy przej\u015b\u0107 do strony \"Zaloguj si\u0119\" i wype\u0142ni\u0107 formularz rejestracyjny, podaj\u0105c swoje imi\u0119 i nazwisko oraz dane kontaktowe. Wkr\u00f3tce potem skontaktuje si\u0119 z Tob\u0105 broker, z kt\u00f3rym po\u0142\u0105czy\u0142 Ci\u0119 nasz algorytm. Mo\u017cesz om\u00f3wi\u0107 swoje preferencje i cele z przypisanym brokerem przed zdeponowaniem \u015brodk\u00f3w na swoim koncie. Nast\u0119pnie mo\u017cesz rozpocz\u0105\u0107 handel!<\/p>\t\t\t\t\t\t\t\t<\/div>\n\t\t\t\t<\/div>\n\t\t<div class=\"elementor-element elementor-element-6aef8a8 e-con-full e-flex e-con e-child\" data-id=\"6aef8a8\" data-element_type=\"container\" data-e-type=\"container\" data-settings=\"{&quot;background_background&quot;:&quot;classic&quot;}\">\n\t\t\t\t<div class=\"elementor-element elementor-element-9fb4d4d elementor-widget elementor-widget-heading\" data-id=\"9fb4d4d\" data-element_type=\"widget\" data-e-type=\"widget\" data-widget_type=\"heading.default\">\n\t\t\t\t\t<h2 class=\"elementor-heading-title elementor-size-default\">Ile kosztuje korzystanie z Immediate Connect?<\/h2>\t\t\t\t<\/div>\n\t\t\t\t<div class=\"elementor-element elementor-element-cb14c07 elementor-widget elementor-widget-text-editor\" data-id=\"cb14c07\" data-element_type=\"widget\" data-e-type=\"widget\" data-widget_type=\"text-editor.default\">\n\t\t\t\t\t\t\t\t\t<p>Immediate Connect jest 100% darmowy dla wszystkich u\u017cytkownik\u00f3w! Poniewa\u017c otrzymujemy wynagrodzenie od naszych partnerskich broker\u00f3w, mo\u017cemy z dum\u0105 stwierdzi\u0107, \u017ce na naszej platformie nie ma absolutnie \u017cadnych ukrytych op\u0142at ani prowizji. Wszyscy u\u017cytkownicy mog\u0105 porusza\u0107 si\u0119 po naszej stronie internetowej, utworzy\u0107 konto i pozwoli\u0107 naszemu zautomatyzowanemu algorytmowi przypisa\u0107 im brokera bez \u017cadnych koszt\u00f3w. U\u017cytkownicy b\u0119d\u0105 jednak musieli wp\u0142aci\u0107 co najmniej 250 USD, zanim b\u0119d\u0105 mogli sfinalizowa\u0107 rejestracj\u0119 konta i rozpocz\u0105\u0107 handel za po\u015brednictwem przypisanego im brokera.<\/p>\t\t\t\t\t\t\t\t<\/div>\n\t\t\t\t<\/div>\n\t\t<div class=\"elementor-element elementor-element-b73d891 e-con-full e-flex e-con e-child\" data-id=\"b73d891\" data-element_type=\"container\" data-e-type=\"container\" data-settings=\"{&quot;background_background&quot;:&quot;classic&quot;}\">\n\t\t\t\t<div class=\"elementor-element elementor-element-520c8e2 elementor-widget elementor-widget-heading\" data-id=\"520c8e2\" data-element_type=\"widget\" data-e-type=\"widget\" data-widget_type=\"heading.default\">\n\t\t\t\t\t<h2 class=\"elementor-heading-title elementor-size-default\">Czy mog\u0119 zarobi\u0107 na handlu kryptowalutami?<\/h2>\t\t\t\t<\/div>\n\t\t\t\t<div class=\"elementor-element elementor-element-34d73ba elementor-widget elementor-widget-text-editor\" data-id=\"34d73ba\" data-element_type=\"widget\" data-e-type=\"widget\" data-widget_type=\"text-editor.default\">\n\t\t\t\t\t\t\t\t\t<p>Nie ma gwarancji, \u017ce ty lub jakikolwiek inny inwestor osi\u0105gnie zysk z handlu kryptowalutami, nawet przy u\u017cyciu narz\u0119dzi i us\u0142ug oferowanych przez naszych broker\u00f3w. Rynek kryptowalut jest niezwykle zmienny i nawet bardzo do\u015bwiadczeni traderzy s\u0105 nara\u017ceni na ryzyko utraty swoich aktyw\u00f3w. Aby jednak zwi\u0119kszy\u0107 swoje szanse na potencjalny zysk z handlu kryptowalutami, zaleca si\u0119 przeprowadzenie wielu bada\u0144, rozwa\u017cenie swojej tolerancji na ryzyko i zbudowanie zdywersyfikowanego portfela.<\/p>\t\t\t\t\t\t\t\t<\/div>\n\t\t\t\t<\/div>\n\t\t\t\t\t<\/div>\n\t\t\t\t<\/div>\n\t\t\t\t<\/div>","protected":false},"excerpt":{"rendered":"<p>Frequently Asked Questions Here, you\u2019ll find the answers to the most frequently asked questions about our platform, services, and the brokers we partner with! What Is Immediate Connect? Immediate Connect is a marketing tool whose purpose is to bridge the gap between traders and brokers. This platform was designed to make trading more accessible, even [&hellip;]<\/p>\n","protected":false},"author":1,"featured_media":0,"parent":0,"menu_order":0,"comment_status":"closed","ping_status":"closed","template":"elementor_header_footer","meta":{"footnotes":""},"class_list":["post-241","page","type-page","status-publish","hentry"],"_links":{"self":[{"href":"https:\/\/immediateconnect.biz\/pl\/wp-json\/wp\/v2\/pages\/241","targetHints":{"allow":["GET"]}}],"collection":[{"href":"https:\/\/immediateconnect.biz\/pl\/wp-json\/wp\/v2\/pages"}],"about":[{"href":"https:\/\/immediateconnect.biz\/pl\/wp-json\/wp\/v2\/types\/page"}],"author":[{"embeddable":true,"href":"https:\/\/immediateconnect.biz\/pl\/wp-json\/wp\/v2\/users\/1"}],"replies":[{"embeddable":true,"href":"https:\/\/immediateconnect.biz\/pl\/wp-json\/wp\/v2\/comments?post=241"}],"version-history":[{"count":31,"href":"https:\/\/immediateconnect.biz\/pl\/wp-json\/wp\/v2\/pages\/241\/revisions"}],"predecessor-version":[{"id":1563,"href":"https:\/\/immediateconnect.biz\/pl\/wp-json\/wp\/v2\/pages\/241\/revisions\/1563"}],"wp:attachment":[{"href":"https:\/\/immediateconnect.biz\/pl\/wp-json\/wp\/v2\/media?parent=241"}],"curies":[{"name":"wp","href":"https:\/\/api.w.org\/{rel}","templated":true}]}}