{"id":222,"date":"2023-08-24T09:40:47","date_gmt":"2023-08-24T09:40:47","guid":{"rendered":"https:\/\/immediateconnect.biz\/?page_id=222"},"modified":"2025-12-10T06:53:22","modified_gmt":"2025-12-10T06:53:22","slug":"o","status":"publish","type":"page","link":"https:\/\/immediateconnect.biz\/pl\/about\/","title":{"rendered":"O"},"content":{"rendered":"<div data-elementor-type=\"wp-page\" data-elementor-id=\"222\" class=\"elementor elementor-222\" data-elementor-post-type=\"page\">\n\t\t\t\t<div class=\"elementor-element elementor-element-1f80fca e-flex e-con-boxed e-con e-parent\" data-id=\"1f80fca\" data-element_type=\"container\" data-e-type=\"container\" data-settings=\"{&quot;background_background&quot;:&quot;gradient&quot;}\">\n\t\t\t\t\t<div class=\"e-con-inner\">\n\t\t\t\t<div class=\"elementor-element elementor-element-1217b5a elementor-widget elementor-widget-heading\" data-id=\"1217b5a\" data-element_type=\"widget\" data-e-type=\"widget\" data-widget_type=\"heading.default\">\n\t\t\t\t\t<h1 class=\"elementor-heading-title elementor-size-default\">O nas<\/h1>\t\t\t\t<\/div>\n\t\t\t\t<div class=\"elementor-element elementor-element-6b81b3f elementor-widget elementor-widget-text-editor\" data-id=\"6b81b3f\" data-element_type=\"widget\" data-e-type=\"widget\" data-widget_type=\"text-editor.default\">\n\t\t\t\t\t\t\t\t\t<p>Dowiedz si\u0119 wi\u0119cej o platformie Immediate Connect i odkryj, w jaki spos\u00f3b zamierzamy zmieni\u0107 sytuacj\u0119 w handlu akcjami dla u\u017cytkownik\u00f3w na ca\u0142ym \u015bwiecie!<\/p>\t\t\t\t\t\t\t\t<\/div>\n\t\t\t\t\t<\/div>\n\t\t\t\t<\/div>\n\t\t<div class=\"elementor-element elementor-element-c59ca0c e-flex e-con-boxed e-con e-parent\" data-id=\"c59ca0c\" data-element_type=\"container\" data-e-type=\"container\" data-settings=\"{&quot;background_background&quot;:&quot;classic&quot;}\">\n\t\t\t\t\t<div class=\"e-con-inner\">\n\t\t<div class=\"elementor-element elementor-element-ebac9cf e-con-full e-flex e-con e-child\" data-id=\"ebac9cf\" data-element_type=\"container\" data-e-type=\"container\">\n\t\t\t\t<div class=\"elementor-element elementor-element-b1b5e85 elementor-widget elementor-widget-heading\" data-id=\"b1b5e85\" data-element_type=\"widget\" data-e-type=\"widget\" data-widget_type=\"heading.default\">\n\t\t\t\t\t<h2 class=\"elementor-heading-title elementor-size-default\">Nasze warto\u015bci<\/h2>\t\t\t\t<\/div>\n\t\t\t\t<div class=\"elementor-element elementor-element-f56ff0f elementor-widget elementor-widget-text-editor\" data-id=\"f56ff0f\" data-element_type=\"widget\" data-e-type=\"widget\" data-widget_type=\"text-editor.default\">\n\t\t\t\t\t\t\t\t\t<p>Immediate Connect ma trzy g\u0142\u00f3wne warto\u015bci, kt\u00f3re wzi\u0119li\u015bmy pod uwag\u0119 przy projektowaniu tej platformy i wyborze broker\u00f3w do wsp\u00f3\u0142pracy. S\u0105 one nast\u0119puj\u0105ce:<\/p>\t\t\t\t\t\t\t\t<\/div>\n\t\t\t\t<div class=\"elementor-element elementor-element-900c73a elementor-widget elementor-widget-text-editor\" data-id=\"900c73a\" data-element_type=\"widget\" data-e-type=\"widget\" data-widget_type=\"text-editor.default\">\n\t\t\t\t\t\t\t\t\t<ul class=\"text-white\"><li>Ka\u017cdy powinien mie\u0107 mo\u017cliwo\u015b\u0107 inwestowania w akcje i inne aktywa.<\/li><li>\u015awiat handlu powinien by\u0107 dost\u0119pny i przyjazny dla trader\u00f3w na ka\u017cdym poziomie do\u015bwiadczenia.<\/li><li>Brokerzy powinni by\u0107 w pe\u0142ni funkcjonalni, pomocni i przyja\u017ani dla pocz\u0105tkuj\u0105cych, umo\u017cliwiaj\u0105c ka\u017cdemu inwestorowi \u0142atwe korzystanie z ich us\u0142ug.<\/li><\/ul>\t\t\t\t\t\t\t\t<\/div>\n\t\t\t\t<div class=\"elementor-element elementor-element-1d61d43 elementor-widget elementor-widget-text-editor\" data-id=\"1d61d43\" data-element_type=\"widget\" data-e-type=\"widget\" data-widget_type=\"text-editor.default\">\n\t\t\t\t\t\t\t\t\t<p>Naszym celem jest uczynienie handlu dost\u0119pnym i bezstresowym dla pocz\u0105tkuj\u0105cych. Wsp\u00f3\u0142pracuj\u0105c z najlepszymi brokerami, upraszczamy proces, zapewniaj\u0105c Ci odpowiednie wsparcie, dzi\u0119ki czemu mo\u017cesz skupi\u0107 si\u0119 na nauce, nie martwi\u0105c si\u0119 o kosztowne b\u0142\u0119dy. Nasi brokerzy zapewniaj\u0105 przyjazne dla pocz\u0105tkuj\u0105cych narz\u0119dzia, zasoby, a nawet konta demonstracyjne, kt\u00f3re pomog\u0105 Ci \u0107wiczy\u0107 bez ryzyka i budowa\u0107 pewno\u015b\u0107 siebie przed zainwestowaniem prawdziwych pieni\u0119dzy. Rozpocznij swoj\u0105 podr\u00f3\u017c handlow\u0105 z \u0142atwo\u015bci\u0105 i wsparciem dostosowanym do ka\u017cdego poziomu do\u015bwiadczenia!<\/p>\t\t\t\t\t\t\t\t<\/div>\n\t\t\t\t<\/div>\n\t\t<div class=\"elementor-element elementor-element-ff7c6ba e-con-full e-flex e-con e-child\" data-id=\"ff7c6ba\" data-element_type=\"container\" data-e-type=\"container\">\n\t\t\t\t<div class=\"elementor-element elementor-element-9043b3b elementor-widget-mobile__width-initial elementor-widget elementor-widget-image\" data-id=\"9043b3b\" data-element_type=\"widget\" data-e-type=\"widget\" data-widget_type=\"image.default\">\n\t\t\t\t\t\t\t\t\t\t\t\t\t\t\t<img fetchpriority=\"high\" decoding=\"async\" width=\"800\" height=\"450\" src=\"https:\/\/immediateconnect.biz\/wp-content\/uploads\/2024\/02\/bg-hero-1_11zon.webp\" class=\"attachment-large size-large wp-image-607\" alt=\"trade with immediate connect\" srcset=\"https:\/\/immediateconnect.biz\/wp-content\/uploads\/2024\/02\/bg-hero-1_11zon.webp 1000w, https:\/\/immediateconnect.biz\/wp-content\/uploads\/2024\/02\/bg-hero-1_11zon-300x169.webp 300w, https:\/\/immediateconnect.biz\/wp-content\/uploads\/2024\/02\/bg-hero-1_11zon-768x432.webp 768w\" sizes=\"(max-width: 800px) 100vw, 800px\" \/>\t\t\t\t\t\t\t\t\t\t\t\t\t\t\t<\/div>\n\t\t\t\t<\/div>\n\t\t\t\t\t<\/div>\n\t\t\t\t<\/div>\n\t\t<div class=\"elementor-element elementor-element-4fefd7f e-flex e-con-boxed e-con e-parent\" data-id=\"4fefd7f\" data-element_type=\"container\" data-e-type=\"container\" data-settings=\"{&quot;background_background&quot;:&quot;classic&quot;}\">\n\t\t\t\t\t<div class=\"e-con-inner\">\n\t\t<div class=\"elementor-element elementor-element-fe8598c e-con-full e-flex e-con e-child\" data-id=\"fe8598c\" data-element_type=\"container\" data-e-type=\"container\">\n\t\t\t\t<div class=\"elementor-element elementor-element-17c3574 elementor-widget elementor-widget-spacer\" data-id=\"17c3574\" data-element_type=\"widget\" data-e-type=\"widget\" data-widget_type=\"spacer.default\">\n\t\t\t\t\t\t\t<div class=\"elementor-spacer\">\n\t\t\t<div class=\"elementor-spacer-inner\"><\/div>\n\t\t<\/div>\n\t\t\t\t\t\t<\/div>\n\t\t<div class=\"elementor-element elementor-element-df92ba6 e-con-full e-flex e-con e-child\" data-id=\"df92ba6\" data-element_type=\"container\" data-e-type=\"container\">\n\t\t<div class=\"elementor-element elementor-element-d714503 e-con-full e-flex e-con e-child\" data-id=\"d714503\" data-element_type=\"container\" data-e-type=\"container\" data-settings=\"{&quot;background_background&quot;:&quot;classic&quot;}\">\n\t\t\t\t<div class=\"elementor-element elementor-element-8afc750 elementor-widget elementor-widget-heading\" data-id=\"8afc750\" data-element_type=\"widget\" data-e-type=\"widget\" data-widget_type=\"heading.default\">\n\t\t\t\t\t<h2 class=\"elementor-heading-title elementor-size-default\">Do\u0142\u0105cz do rewolucji akcji z Immediate Connect<\/h2>\t\t\t\t<\/div>\n\t\t\t\t<div class=\"elementor-element elementor-element-73527c5 elementor-widget elementor-widget-text-editor\" data-id=\"73527c5\" data-element_type=\"widget\" data-e-type=\"widget\" data-widget_type=\"text-editor.default\">\n\t\t\t\t\t\t\t\t\t<p>Chcesz zdywersyfikowa\u0107 sw\u00f3j portfel za pomoc\u0105 rewolucyjnego aktywa? Rozwa\u017c handel akcjami i aktywami rynkowymi! Te inwestycje zyskuj\u0105 na popularno\u015bci, a ich warto\u015b\u0107 jest nap\u0119dzana przez rzeczywiste przypadki u\u017cycia i rosn\u0105c\u0105 globaln\u0105 akceptacj\u0119. Jednak aktywa rynkowe pozostaj\u0105 spekulacyjne, wi\u0119c inwestuj m\u0105drze i tylko tyle, ile mo\u017cesz sobie pozwoli\u0107 straci\u0107.<\/p><p>Je\u015bli akcje nie s\u0105 Twoim wyborem, nasi brokerzy oferuj\u0105 inne zbywalne aktywa, takie jak akcje, kontrakty CFD, Forex, ropa naftowa, z\u0142oto i srebro, aby pom\u00f3c Ci zbudowa\u0107 zdywersyfikowany portfel. Wolisz handlowa\u0107 aktywami finansowymi? Zacznij ju\u017c teraz, aby wykorzysta\u0107 potencjalne mo\u017cliwo\u015bci dzi\u0119ki popularnym opcjom, takim jak Ethereum, Ripple, Solana i innym.<\/p><p>Do\u0142\u0105cz do Immediate Connect ju\u017c dzi\u015b, aby dopasowa\u0107 si\u0119 do brokera i rozpocz\u0105\u0107 swoj\u0105 podr\u00f3\u017c handlow\u0105 ze wsparciem ekspert\u00f3w!<\/p>\t\t\t\t\t\t\t\t<\/div>\n\t\t\t\t<div class=\"elementor-element elementor-element-f0d5321 elementor-align-center elementor-widget elementor-widget-button\" data-id=\"f0d5321\" data-element_type=\"widget\" data-e-type=\"widget\" data-widget_type=\"button.default\">\n\t\t\t\t\t\t\t\t\t\t<a class=\"elementor-button elementor-button-link elementor-size-sm elementor-animation-grow\" href=\"https:\/\/immediateconnect.biz\/pl\/skontaktuj-sie-z-nami\/#registration\">\n\t\t\t\t\t\t<span class=\"elementor-button-content-wrapper\">\n\t\t\t\t\t\t\t\t\t<span class=\"elementor-button-text\">BEZP\u0141ATNA REJESTRACJA<\/span>\n\t\t\t\t\t<\/span>\n\t\t\t\t\t<\/a>\n\t\t\t\t\t\t\t\t<\/div>\n\t\t\t\t<\/div>\n\t\t\t\t<\/div>\n\t\t\t\t<div class=\"elementor-element elementor-element-643a75c elementor-widget elementor-widget-spacer\" data-id=\"643a75c\" data-element_type=\"widget\" data-e-type=\"widget\" data-widget_type=\"spacer.default\">\n\t\t\t\t\t\t\t<div class=\"elementor-spacer\">\n\t\t\t<div class=\"elementor-spacer-inner\"><\/div>\n\t\t<\/div>\n\t\t\t\t\t\t<\/div>\n\t\t\t\t<\/div>\n\t\t\t\t\t<\/div>\n\t\t\t\t<\/div>\n\t\t\t\t<\/div>","protected":false},"excerpt":{"rendered":"<p>About Us Find out more about the Immediate Connect platform and discover how we aim to change the state of Equity trading for users worldwide! Our Values Immediate Connect has three main values that we\u2019ve considered when designing this platform and choosing brokers to partner with. They are as follows: Everyone should be given the [&hellip;]<\/p>\n","protected":false},"author":1,"featured_media":0,"parent":0,"menu_order":0,"comment_status":"closed","ping_status":"closed","template":"elementor_header_footer","meta":{"footnotes":""},"class_list":["post-222","page","type-page","status-publish","hentry"],"_links":{"self":[{"href":"https:\/\/immediateconnect.biz\/pl\/wp-json\/wp\/v2\/pages\/222","targetHints":{"allow":["GET"]}}],"collection":[{"href":"https:\/\/immediateconnect.biz\/pl\/wp-json\/wp\/v2\/pages"}],"about":[{"href":"https:\/\/immediateconnect.biz\/pl\/wp-json\/wp\/v2\/types\/page"}],"author":[{"embeddable":true,"href":"https:\/\/immediateconnect.biz\/pl\/wp-json\/wp\/v2\/users\/1"}],"replies":[{"embeddable":true,"href":"https:\/\/immediateconnect.biz\/pl\/wp-json\/wp\/v2\/comments?post=222"}],"version-history":[{"count":58,"href":"https:\/\/immediateconnect.biz\/pl\/wp-json\/wp\/v2\/pages\/222\/revisions"}],"predecessor-version":[{"id":1665,"href":"https:\/\/immediateconnect.biz\/pl\/wp-json\/wp\/v2\/pages\/222\/revisions\/1665"}],"wp:attachment":[{"href":"https:\/\/immediateconnect.biz\/pl\/wp-json\/wp\/v2\/media?parent=222"}],"curies":[{"name":"wp","href":"https:\/\/api.w.org\/{rel}","templated":true}]}}