{"id":260,"date":"2023-08-24T11:33:23","date_gmt":"2023-08-24T11:33:23","guid":{"rendered":"https:\/\/immediateconnect.biz\/?page_id=260"},"modified":"2025-12-10T06:49:29","modified_gmt":"2025-12-10T06:49:29","slug":"termini-e-condizioni","status":"publish","type":"page","link":"https:\/\/immediateconnect.biz\/it\/terms-and-conditions\/","title":{"rendered":"Termini e condizioni"},"content":{"rendered":"<div data-elementor-type=\"wp-page\" data-elementor-id=\"260\" class=\"elementor elementor-260\" data-elementor-post-type=\"page\">\n\t\t\t\t<div class=\"elementor-element elementor-element-264bc5b e-flex e-con-boxed e-con e-parent\" data-id=\"264bc5b\" data-element_type=\"container\" data-e-type=\"container\" data-settings=\"{&quot;background_background&quot;:&quot;gradient&quot;}\">\n\t\t\t\t\t<div class=\"e-con-inner\">\n\t\t\t\t<div class=\"elementor-element elementor-element-364e813 elementor-widget elementor-widget-heading\" data-id=\"364e813\" data-element_type=\"widget\" data-e-type=\"widget\" data-widget_type=\"heading.default\">\n\t\t\t\t\t<h1 class=\"elementor-heading-title elementor-size-default\">Termini e condizioni<\/h1>\t\t\t\t<\/div>\n\t\t\t\t\t<\/div>\n\t\t\t\t<\/div>\n\t\t<div class=\"elementor-element elementor-element-18cf781 e-flex e-con-boxed e-con e-parent\" data-id=\"18cf781\" data-element_type=\"container\" data-e-type=\"container\" data-settings=\"{&quot;background_background&quot;:&quot;classic&quot;}\">\n\t\t\t\t\t<div class=\"e-con-inner\">\n\t\t\t\t<div class=\"elementor-element elementor-element-b29bff1 elementor-widget elementor-widget-text-editor\" data-id=\"b29bff1\" data-element_type=\"widget\" data-e-type=\"widget\" data-widget_type=\"text-editor.default\">\n\t\t\t\t\t\t\t\t\t<p>La sezione seguente descrive i Termini e le Condizioni di <strong>Immediate Connect<\/strong>Il presente accordo si applica alla totalit\u00e0 del <strong>Immediate Connect<\/strong> sito web e i suoi sottositi.<\/p><p>Tutti i visitatori devono aderire a questi Termini e Condizioni senza eccezioni. L'uso continuato del nostro sito Web rappresenta il tuo consenso a tutti i Termini e condizioni delineati nel presente accordo.<\/p>\t\t\t\t\t\t\t\t<\/div>\n\t\t\t\t<div class=\"elementor-element elementor-element-0361875 elementor-widget elementor-widget-heading\" data-id=\"0361875\" data-element_type=\"widget\" data-e-type=\"widget\" data-widget_type=\"heading.default\">\n\t\t\t\t\t<h2 class=\"elementor-heading-title elementor-size-default\">Preambolo<\/h2>\t\t\t\t<\/div>\n\t\t\t\t<div class=\"elementor-element elementor-element-a0f60ac elementor-widget elementor-widget-heading\" data-id=\"a0f60ac\" data-element_type=\"widget\" data-e-type=\"widget\" data-widget_type=\"heading.default\">\n\t\t\t\t\t<h3 class=\"elementor-heading-title elementor-size-default\">Consenso<\/h3>\t\t\t\t<\/div>\n\t\t\t\t<div class=\"elementor-element elementor-element-464ffc8 elementor-widget elementor-widget-text-editor\" data-id=\"464ffc8\" data-element_type=\"widget\" data-e-type=\"widget\" data-widget_type=\"text-editor.default\">\n\t\t\t\t\t\t\t\t\t<p>Utilizzando questo sito web, accetti tutti i termini descritti nel presente Contratto. Questi termini e condizioni si applicano a tutti i visitatori del sito <strong>Immediate Connect<\/strong> sito web e, se non siete d'accordo con essi, dovete abbandonare immediatamente il sito. Il contenuto del presente Contratto di Termini e Condizioni \u00e8 soggetto a modifiche senza preavviso ai nostri visitatori. Pertanto, \u00e8 vostra responsabilit\u00e0 rimanere aggiornati con la versione pi\u00f9 recente.<\/p>\t\t\t\t\t\t\t\t<\/div>\n\t\t\t\t<div class=\"elementor-element elementor-element-9e8848a elementor-widget elementor-widget-heading\" data-id=\"9e8848a\" data-element_type=\"widget\" data-e-type=\"widget\" data-widget_type=\"heading.default\">\n\t\t\t\t\t<h3 class=\"elementor-heading-title elementor-size-default\">Termini<\/h3>\t\t\t\t<\/div>\n\t\t\t\t<div class=\"elementor-element elementor-element-5aeeff8 elementor-widget elementor-widget-text-editor\" data-id=\"5aeeff8\" data-element_type=\"widget\" data-e-type=\"widget\" data-widget_type=\"text-editor.default\">\n\t\t\t\t\t\t\t\t\t<p>In questo Contratto, ci riferiremo ai visitatori del sito web con i termini \"clienti\", \"clienti\" e \"utenti\" o ci rivolgeremo a loro direttamente con \"voi\" o \"vostro\/a\/i\/e\". Utilizzeremo anche pronomi come \"noi\", \"noi\" e \"nostro\/a\/i\/e\" per riferirci a <strong>Immediate Connect.<\/strong><\/p>\t\t\t\t\t\t\t\t<\/div>\n\t\t\t\t<div class=\"elementor-element elementor-element-12130b4 elementor-widget elementor-widget-heading\" data-id=\"12130b4\" data-element_type=\"widget\" data-e-type=\"widget\" data-widget_type=\"heading.default\">\n\t\t\t\t\t<h3 class=\"elementor-heading-title elementor-size-default\">Limitazioni di et\u00e0<\/h3>\t\t\t\t<\/div>\n\t\t\t\t<div class=\"elementor-element elementor-element-1d9d9a6 elementor-widget elementor-widget-text-editor\" data-id=\"1d9d9a6\" data-element_type=\"widget\" data-e-type=\"widget\" data-widget_type=\"text-editor.default\">\n\t\t\t\t\t\t\t\t\t<p>The <strong>Immediate Connect<\/strong> Il sito web e i servizi non sono adatti ai minori. Per creare un account e utilizzare i nostri servizi, \u00e8 necessario avere pi\u00f9 dell'et\u00e0 minima legale nel proprio Paese di residenza. A seconda della propria posizione geografica e delle leggi locali, l'et\u00e0 minima potrebbe essere 18, 21 anni o un'altra et\u00e0. Se si \u00e8 considerati minorenni, \u00e8 necessario abbandonare immediatamente questo sito web.<\/p>\t\t\t\t\t\t\t\t<\/div>\n\t\t\t\t<div class=\"elementor-element elementor-element-78e9184 elementor-widget elementor-widget-heading\" data-id=\"78e9184\" data-element_type=\"widget\" data-e-type=\"widget\" data-widget_type=\"heading.default\">\n\t\t\t\t\t<h3 class=\"elementor-heading-title elementor-size-default\">Esclusione del rischio<\/h3>\t\t\t\t<\/div>\n\t\t\t\t<div class=\"elementor-element elementor-element-951473a elementor-widget elementor-widget-heading\" data-id=\"951473a\" data-element_type=\"widget\" data-e-type=\"widget\" data-widget_type=\"heading.default\">\n\t\t\t\t\t<h3 class=\"elementor-heading-title elementor-size-default\">Chi siamo<\/h3>\t\t\t\t<\/div>\n\t\t\t\t<div class=\"elementor-element elementor-element-773d4aa elementor-widget elementor-widget-text-editor\" data-id=\"773d4aa\" data-element_type=\"widget\" data-e-type=\"widget\" data-widget_type=\"text-editor.default\">\n\t\t\t\t\t\t\t\t\t<p><strong>Immediate Connect<\/strong> non \u00e8 un broker finanziario o di criptovalute e non fornisce consulenza sugli investimenti. Lo scopo di questo sito web \u00e8 invece quello di informare gli utenti sull'esistenza di broker finanziari e di criptovalute. Qualsiasi informazione fornita su questo sito web non deve essere considerata una consulenza legale o professionale su come prendere una decisione in merito al trading o all'utilizzo di criptovalute.<\/p>\t\t\t\t\t\t\t\t<\/div>\n\t\t\t\t<div class=\"elementor-element elementor-element-fc52037 elementor-widget elementor-widget-heading\" data-id=\"fc52037\" data-element_type=\"widget\" data-e-type=\"widget\" data-widget_type=\"heading.default\">\n\t\t\t\t\t<h3 class=\"elementor-heading-title elementor-size-default\">Ambito dei servizi<\/h3>\t\t\t\t<\/div>\n\t\t\t\t<div class=\"elementor-element elementor-element-15a91a0 elementor-widget elementor-widget-text-editor\" data-id=\"15a91a0\" data-element_type=\"widget\" data-e-type=\"widget\" data-widget_type=\"text-editor.default\">\n\t\t\t\t\t\t\t\t\t<p>L'ambito dei servizi forniti da <strong>Immediate Connect<\/strong> si limita alla commercializzazione di broker che offrono ai visitatori opportunit\u00e0 di investimento. Dopo aver accettato i nostri Termini e Condizioni, l'Informativa sulla Privacy e l'Informativa sui Cookie, gli utenti possono creare un account fornendo il proprio nome e i propri dati di contatto. Agli utenti verr\u00e0 quindi assegnato in modo casuale un broker con cui collaboriamo tramite un sistema automatizzato.<\/p><p>I nostri partner affiliati offriranno agli utenti i loro servizi, che potranno essere accettati o rifiutati a discrezione dell'utente. Prima di interagire con il broker assegnato, ti consigliamo di familiarizzare con le rispettive politiche e con i Termini e Condizioni. Tutti i servizi finanziari forniti dai nostri affiliati sono esterni a <strong>Immediate Connect\u2019s<\/strong> ambito dei servizi.<\/p><p>Incoraggiamo tutti gli utenti a svolgere la dovuta diligenza prima di utilizzare i servizi forniti dal broker assegnato. Il trading di criptovalute \u00e8 ad alto rischio e non \u00e8 adatto a tutti. Si possono prevedere perdite a causa della volatilit\u00e0 del mercato delle criptovalute e gli utenti potrebbero perdere l\u2019intero capitale. Non siamo responsabili per eventuali perdite derivanti da decisioni finanziarie che potresti prendere utilizzando i servizi del tuo broker.<\/p>\t\t\t\t\t\t\t\t<\/div>\n\t\t\t\t<div class=\"elementor-element elementor-element-201fd0b elementor-widget elementor-widget-heading\" data-id=\"201fd0b\" data-element_type=\"widget\" data-e-type=\"widget\" data-widget_type=\"heading.default\">\n\t\t\t\t\t<h3 class=\"elementor-heading-title elementor-size-default\">Contenuto<\/h3>\t\t\t\t<\/div>\n\t\t\t\t<div class=\"elementor-element elementor-element-4425b68 elementor-widget elementor-widget-text-editor\" data-id=\"4425b68\" data-element_type=\"widget\" data-e-type=\"widget\" data-widget_type=\"text-editor.default\">\n\t\t\t\t\t\t\t\t\t<p>I contenuti di questo sito web relativi a criptovalute, finanza e trading sono stati forniti a scopo didattico. Tuttavia, non possiamo garantire che queste informazioni siano accurate, aggiornate o prive di errori. Non dovresti basare le tue decisioni di investimento o finanziarie sui contenuti forniti su questo sito web. <strong>Immediate Connect<\/strong> non \u00e8 responsabile per eventuali perdite o danni che potrebbero derivare dal consumo di questo contenuto.<\/p><p>Il nostro obiettivo \u00e8 fornire informazioni corrette, ma poich\u00e9 il settore finanziario e delle criptovalute \u00e8 in costante cambiamento, queste informazioni possono rapidamente diventare obsolete. Pertanto, gli utenti devono effettuare le proprie ricerche prima di intraprendere qualsiasi attivit\u00e0 relativa al trading finanziario o di criptovaluta.<\/p>\t\t\t\t\t\t\t\t<\/div>\n\t\t\t\t<div class=\"elementor-element elementor-element-1d6d77f elementor-widget elementor-widget-heading\" data-id=\"1d6d77f\" data-element_type=\"widget\" data-e-type=\"widget\" data-widget_type=\"heading.default\">\n\t\t\t\t\t<h3 class=\"elementor-heading-title elementor-size-default\">Restrizioni geografiche<\/h3>\t\t\t\t<\/div>\n\t\t\t\t<div class=\"elementor-element elementor-element-e1dadf0 elementor-widget elementor-widget-text-editor\" data-id=\"e1dadf0\" data-element_type=\"widget\" data-e-type=\"widget\" data-widget_type=\"text-editor.default\">\n\t\t\t\t\t\t\t\t\t<p>I visitatori di tutto il mondo possono accedere al <strong>Immediate Connect<\/strong> sito web. Tuttavia, le normative specifiche di ciascun paese possono impedire ad alcuni visitatori di utilizzare legalmente i nostri servizi. Ad esempio, la commercializzazione, la vendita e l'utilizzo di CFD sono limitati nel Regno Unito, come previsto dalla dichiarazione PS 20\/10 della Financial Conduct Authority (FCA). Restrizioni simili potrebbero essere applicate anche in altri paesi.<\/p><p>Prima di procedere con la creazione dell'account, verifica le normative e le leggi locali per assicurarti che <strong>Immediate Connect<\/strong> e i broker con cui collaboriamo possono operare legalmente e fornirti i servizi corrispondenti nel tuo paese di residenza.<\/p>\t\t\t\t\t\t\t\t<\/div>\n\t\t\t\t<div class=\"elementor-element elementor-element-4d056fa elementor-widget elementor-widget-heading\" data-id=\"4d056fa\" data-element_type=\"widget\" data-e-type=\"widget\" data-widget_type=\"heading.default\">\n\t\t\t\t\t<h3 class=\"elementor-heading-title elementor-size-default\">Dichiarazione di non responsabilit\u00e0 per gli affiliati<\/h3>\t\t\t\t<\/div>\n\t\t\t\t<div class=\"elementor-element elementor-element-6c18b78 elementor-widget elementor-widget-text-editor\" data-id=\"6c18b78\" data-element_type=\"widget\" data-e-type=\"widget\" data-widget_type=\"text-editor.default\">\n\t\t\t\t\t\t\t\t\t<p><strong>Immediate Connect<\/strong> pu\u00f2 includere link di affiliazione sul proprio sito web. Quando un visitatore segue questi link, guadagneremo una commissione dai nostri partner affiliati. Non ti verr\u00e0 addebitato alcun costo per questa commissione.<\/p><p>\u00c8 responsabilit\u00e0 dei nostri utenti qualsiasi collegamento effettuato a siti web di terze parti a cui rimandiamo. <strong>Immediate Connect<\/strong> non \u00e8 responsabile per perdite o danni derivanti dall'utilizzo di prodotti, contenuti o servizi di terze parti. Per ulteriori informazioni, consultare i Termini e Condizioni della terza parte interessata.<\/p>\t\t\t\t\t\t\t\t<\/div>\n\t\t\t\t<div class=\"elementor-element elementor-element-09f8845 elementor-widget elementor-widget-heading\" data-id=\"09f8845\" data-element_type=\"widget\" data-e-type=\"widget\" data-widget_type=\"heading.default\">\n\t\t\t\t\t<h3 class=\"elementor-heading-title elementor-size-default\">Utilizzo del sito web<\/h3>\t\t\t\t<\/div>\n\t\t\t\t<div class=\"elementor-element elementor-element-58d1ecf elementor-widget elementor-widget-heading\" data-id=\"58d1ecf\" data-element_type=\"widget\" data-e-type=\"widget\" data-widget_type=\"heading.default\">\n\t\t\t\t\t<h3 class=\"elementor-heading-title elementor-size-default\">Manutenzione<\/h3>\t\t\t\t<\/div>\n\t\t\t\t<div class=\"elementor-element elementor-element-de44db5 elementor-widget elementor-widget-text-editor\" data-id=\"de44db5\" data-element_type=\"widget\" data-e-type=\"widget\" data-widget_type=\"text-editor.default\">\n\t\t\t\t\t\t\t\t\t<p>Potremmo effettuare una manutenzione programmata per rimuovere bug, risolvere problemi tecnici e apportare miglioramenti al <strong>Immediate Connect<\/strong> Sito web. Cercheremo di informare i nostri utenti in anticipo di eventuali interventi di manutenzione, poich\u00e9 potrebbero causare tempi di inattivit\u00e0. Tuttavia, non possiamo garantire che ci\u00f2 accada e potremmo effettuare interventi di manutenzione sul nostro sito web senza alcun preavviso agli utenti.<\/p>\t\t\t\t\t\t\t\t<\/div>\n\t\t\t\t<div class=\"elementor-element elementor-element-d471eca elementor-widget elementor-widget-heading\" data-id=\"d471eca\" data-element_type=\"widget\" data-e-type=\"widget\" data-widget_type=\"heading.default\">\n\t\t\t\t\t<h3 class=\"elementor-heading-title elementor-size-default\">Interruzioni del servizio<\/h3>\t\t\t\t<\/div>\n\t\t\t\t<div class=\"elementor-element elementor-element-d9e3a9a elementor-widget elementor-widget-text-editor\" data-id=\"d9e3a9a\" data-element_type=\"widget\" data-e-type=\"widget\" data-widget_type=\"text-editor.default\">\n\t\t\t\t\t\t\t\t\t<p>Occasionalmente, <strong>Immediate Connect<\/strong> potrebbe riscontrare interruzioni dei servizi che potrebbero causare la temporanea inaccessibilit\u00e0 del sito web o di una qualsiasi delle sue funzionalit\u00e0. In tal caso, cercheremo di risolvere eventuali problemi tramite manutenzione di emergenza e ripristinare il corretto funzionamento del nostro sito web il prima possibile.<\/p><p><strong>Immediate Connect<\/strong> non \u00e8 responsabile per eventuali perdite o danni derivanti da interruzioni programmate o non programmate del nostro sito web e dei suoi servizi.<\/p>\t\t\t\t\t\t\t\t<\/div>\n\t\t\t\t<div class=\"elementor-element elementor-element-4b2f0a8 elementor-widget elementor-widget-heading\" data-id=\"4b2f0a8\" data-element_type=\"widget\" data-e-type=\"widget\" data-widget_type=\"heading.default\">\n\t\t\t\t\t<h3 class=\"elementor-heading-title elementor-size-default\">Contenuti di terze parti<\/h3>\t\t\t\t<\/div>\n\t\t\t\t<div class=\"elementor-element elementor-element-de130e9 elementor-widget elementor-widget-text-editor\" data-id=\"de130e9\" data-element_type=\"widget\" data-e-type=\"widget\" data-widget_type=\"text-editor.default\">\n\t\t\t\t\t\t\t\t\t<p>In tutto il <strong>Immediate Connect<\/strong> Il sito web contiene link a siti di terze parti. Questi link sono inclusi a scopo didattico, in quanto contengono informazioni, prodotti o risorse che riteniamo possano essere utili ai nostri visitatori. Tuttavia, non possiamo garantire o verificare che il contenuto visualizzato tramite questi link sia accurato, aggiornato o privo di errori. <strong>Immediate Connect<\/strong> non \u00e8 responsabile di tali inesattezze e non pu\u00f2 essere ritenuto responsabile per eventuali perdite o danni derivanti dall'aver seguito questi link.<\/p>\t\t\t\t\t\t\t\t<\/div>\n\t\t\t\t<div class=\"elementor-element elementor-element-5504ad8 elementor-widget elementor-widget-heading\" data-id=\"5504ad8\" data-element_type=\"widget\" data-e-type=\"widget\" data-widget_type=\"heading.default\">\n\t\t\t\t\t<h3 class=\"elementor-heading-title elementor-size-default\">Diritti di propriet\u00e0 intellettuale<\/h3>\t\t\t\t<\/div>\n\t\t\t\t<div class=\"elementor-element elementor-element-bf0bd48 elementor-widget elementor-widget-text-editor\" data-id=\"bf0bd48\" data-element_type=\"widget\" data-e-type=\"widget\" data-widget_type=\"text-editor.default\">\n\t\t\t\t\t\t\t\t\t<p><strong>Immediate Connect<\/strong> mantiene i diritti proprietari su tutti i contenuti di questo sito web, inclusi, a titolo esemplificativo ma non esaustivo, testo, codice, file, foto, video, audio e altre risorse. I visitatori non possono condividere, duplicare o modificare alcun contenuto del sito web senza <strong>Immediate Connect\u2019s<\/strong> Consenso legale. Se desideri utilizzare qualsiasi contenuto di questo sito web, puoi richiederlo tramite il nostro modulo Contattaci. Tuttavia, ci riserviamo il diritto di rifiutare la tua richiesta.<\/p><p>Contenuto sul <strong>Immediate Connect<\/strong> sito web pu\u00f2 essere stampato per uso personale.<\/p>\t\t\t\t\t\t\t\t<\/div>\n\t\t\t\t<div class=\"elementor-element elementor-element-786b463 elementor-widget elementor-widget-heading\" data-id=\"786b463\" data-element_type=\"widget\" data-e-type=\"widget\" data-widget_type=\"heading.default\">\n\t\t\t\t\t<h3 class=\"elementor-heading-title elementor-size-default\">Esclusione di responsabilit\u00e0<\/h3>\t\t\t\t<\/div>\n\t\t\t\t<div class=\"elementor-element elementor-element-0242d51 elementor-widget elementor-widget-text-editor\" data-id=\"0242d51\" data-element_type=\"widget\" data-e-type=\"widget\" data-widget_type=\"text-editor.default\">\n\t\t\t\t\t\t\t\t\t<p><strong>Immediate Connect<\/strong> non pu\u00f2 essere ritenuto responsabile nel caso in cui i visitatori subiscano perdite o danni causati direttamente o indirettamente da quanto segue:<\/p><ul><li>Utilizzando il <strong>Immediate Connect<\/strong> sito web o siti web di terze parti collegati tramite i nostri contenuti;<\/li><li>Manutenzione programmata o problemi tecnici che interessano il <strong>Immediate Connect<\/strong> sito web o servizi;<\/li><li>Inesattezze o errori nel contenuto del <strong>Immediate Connect<\/strong> sito web o siti web di terze parti a cui \u00e8 collegato.<\/li><\/ul>\t\t\t\t\t\t\t\t<\/div>\n\t\t\t\t<div class=\"elementor-element elementor-element-e6ec956 elementor-widget elementor-widget-heading\" data-id=\"e6ec956\" data-element_type=\"widget\" data-e-type=\"widget\" data-widget_type=\"heading.default\">\n\t\t\t\t\t<h3 class=\"elementor-heading-title elementor-size-default\">Utilizzo dei cookie<\/h3>\t\t\t\t<\/div>\n\t\t\t\t<div class=\"elementor-element elementor-element-b57d12a elementor-widget elementor-widget-text-editor\" data-id=\"b57d12a\" data-element_type=\"widget\" data-e-type=\"widget\" data-widget_type=\"text-editor.default\">\n\t\t\t\t\t\t\t\t\t<p><strong>Immediate Connect<\/strong> utilizza i cookie per migliorare le prestazioni del nostro sito web, offrire un'esperienza personalizzata e risolvere eventuali problemi tecnici. Per saperne di pi\u00f9 sull'utilizzo dei cookie e sulla raccolta dati, consulta la nostra Informativa sui cookie e l'Informativa sulla privacy.<\/p><p>I seguenti cookie vengono utilizzati sul <strong>Immediate Connect<\/strong> sito web:<\/p><ul><li>I cookie essenziali garantiscono che il nostro sito web funzioni come previsto e molte funzionalit\u00e0 sarebbero inaccessibili senza di essi. Questi cookie ci consentono inoltre di fornire alcune funzionalit\u00e0 a diretto vantaggio degli utenti, come il riempimento automatico, l'accesso permanente e il salvataggio delle preferenze.<\/li><li>I cookie di Google Analytics ci forniscono informazioni preziose e statistiche sull'utilizzo del sito che possiamo utilizzare per migliorare il nostro sito web. Con questi cookie possiamo identificare il rendimento di ciascuna sezione del nostro sito Web e apportare ottimizzazioni o modifiche quando necessario.<\/li><li>Sul nostro sito web sono presenti anche cookie di terze parti, poich\u00e9 occasionalmente includiamo collegamenti ipertestuali nei nostri contenuti che reindirizzano gli utenti a siti web di terze parti.<\/li><\/ul><p>Hai il diritto di rifiutare l'utilizzo dei cookie e puoi farlo attraverso le impostazioni del tuo browser. Tieni presente che senza l'uso dei cookie, alcune funzionalit\u00e0 del nostro sito Web potrebbero non funzionare correttamente o non essere disponibili.<\/p>\t\t\t\t\t\t\t\t<\/div>\n\t\t\t\t<div class=\"elementor-element elementor-element-f31851d elementor-widget elementor-widget-heading\" data-id=\"f31851d\" data-element_type=\"widget\" data-e-type=\"widget\" data-widget_type=\"heading.default\">\n\t\t\t\t\t<h3 class=\"elementor-heading-title elementor-size-default\">Conformit\u00e0 legale<\/h3>\t\t\t\t<\/div>\n\t\t\t\t<div class=\"elementor-element elementor-element-0b9de55 elementor-widget elementor-widget-text-editor\" data-id=\"0b9de55\" data-element_type=\"widget\" data-e-type=\"widget\" data-widget_type=\"text-editor.default\">\n\t\t\t\t\t\t\t\t\t<p>I nostri visitatori devono rispettare tutte le leggi pertinenti quando utilizzano il <strong>Immediate Connect<\/strong> Sito web e servizi. Vi chiediamo di comportarvi in \u200b\u200bmodo appropriato e di astenervi dall'utilizzare un linguaggio offensivo durante la vostra navigazione sul nostro sito web. Ci riserviamo il diritto di rimuovere qualsiasi contenuto dannoso, come malware e link dannosi.<\/p><p>Se non rispetti questa richiesta e commetti un reato, potremmo sospendere temporaneamente o definitivamente il tuo account e limitare il tuo accesso ai nostri servizi. <strong>Immediate Connect<\/strong> ha anche il diritto di contattare le autorit\u00e0 competenti se riteniamo che il reato lo giustifichi.<\/p>\t\t\t\t\t\t\t\t<\/div>\n\t\t\t\t<div class=\"elementor-element elementor-element-8f89ace elementor-widget elementor-widget-heading\" data-id=\"8f89ace\" data-element_type=\"widget\" data-e-type=\"widget\" data-widget_type=\"heading.default\">\n\t\t\t\t\t<h3 class=\"elementor-heading-title elementor-size-default\">Modifiche al presente accordo<\/h3>\t\t\t\t<\/div>\n\t\t\t\t<div class=\"elementor-element elementor-element-c35da08 elementor-widget elementor-widget-text-editor\" data-id=\"c35da08\" data-element_type=\"widget\" data-e-type=\"widget\" data-widget_type=\"text-editor.default\">\n\t\t\t\t\t\t\t\t\t<p>Il contenuto del presente Contratto di Termini e Condizioni \u00e8 soggetto a modifiche o revisioni in qualsiasi momento. Si prega di rimanere aggiornati con l'ultima versione del presente Contratto, poich\u00e9 le modifiche possono essere apportate senza preavviso ai nostri visitatori. Non appena pubblicate, le modifiche al presente Contratto diventano valide e l'utilizzo continuato del Sito \u00e8 consentito. <strong>Immediate Connect<\/strong> sito web costituisce il tuo consenso a tutte le modifiche.<\/p>\t\t\t\t\t\t\t\t<\/div>\n\t\t\t\t<div class=\"elementor-element elementor-element-8df35f8 elementor-widget elementor-widget-heading\" data-id=\"8df35f8\" data-element_type=\"widget\" data-e-type=\"widget\" data-widget_type=\"heading.default\">\n\t\t\t\t\t<h3 class=\"elementor-heading-title elementor-size-default\">Domande e feedback<\/h3>\t\t\t\t<\/div>\n\t\t\t\t<div class=\"elementor-element elementor-element-c6b5731 elementor-widget elementor-widget-text-editor\" data-id=\"c6b5731\" data-element_type=\"widget\" data-e-type=\"widget\" data-widget_type=\"text-editor.default\">\n\t\t\t\t\t\t\t\t\t<p>In caso di domande, dubbi o feedback relativi a qualsiasi contenuto del presente Accordo sui termini e condizioni, \u00e8 possibile contattarci tramite il nostro modulo di contatto. Vai alla nostra pagina Contattaci per completare il modulo e ti risponderemo il prima possibile.<\/p>\t\t\t\t\t\t\t\t<\/div>\n\t\t\t\t<div class=\"elementor-element elementor-element-79ac2a2 elementor-widget elementor-widget-heading\" data-id=\"79ac2a2\" data-element_type=\"widget\" data-e-type=\"widget\" data-widget_type=\"heading.default\">\n\t\t\t\t\t<h3 class=\"elementor-heading-title elementor-size-default\">Contattaci<\/h3>\t\t\t\t<\/div>\n\t\t\t\t<div class=\"elementor-element elementor-element-ceca178 elementor-widget elementor-widget-text-editor\" data-id=\"ceca178\" data-element_type=\"widget\" data-e-type=\"widget\" data-widget_type=\"text-editor.default\">\n\t\t\t\t\t\t\t\t\t<p>Se hai domande sulla presente Informativa sulla privacy, puoi contattarci:<\/p><p><a href=\"mailto:support@immediateconnect.biz\"><strong><span style=\"color: #ffffff;\">support@immediateconnect.biz<\/span><\/strong><\/a><\/p>\t\t\t\t\t\t\t\t<\/div>\n\t\t\t\t\t<\/div>\n\t\t\t\t<\/div>\n\t\t\t\t<\/div>","protected":false},"excerpt":{"rendered":"<p>Terms and Conditions The following section outlines the Terms and Conditions of Immediate Connect. This agreement applies to the entirety of the Immediate Connect website and its subsites. All visitors must adhere to these Terms and Conditions without exception. Your continued use of our website represents your consent to all Terms and Conditions outlined in [&hellip;]<\/p>\n","protected":false},"author":1,"featured_media":0,"parent":0,"menu_order":0,"comment_status":"closed","ping_status":"closed","template":"elementor_header_footer","meta":{"footnotes":""},"class_list":["post-260","page","type-page","status-publish","hentry"],"_links":{"self":[{"href":"https:\/\/immediateconnect.biz\/it\/wp-json\/wp\/v2\/pages\/260","targetHints":{"allow":["GET"]}}],"collection":[{"href":"https:\/\/immediateconnect.biz\/it\/wp-json\/wp\/v2\/pages"}],"about":[{"href":"https:\/\/immediateconnect.biz\/it\/wp-json\/wp\/v2\/types\/page"}],"author":[{"embeddable":true,"href":"https:\/\/immediateconnect.biz\/it\/wp-json\/wp\/v2\/users\/1"}],"replies":[{"embeddable":true,"href":"https:\/\/immediateconnect.biz\/it\/wp-json\/wp\/v2\/comments?post=260"}],"version-history":[{"count":49,"href":"https:\/\/immediateconnect.biz\/it\/wp-json\/wp\/v2\/pages\/260\/revisions"}],"predecessor-version":[{"id":1659,"href":"https:\/\/immediateconnect.biz\/it\/wp-json\/wp\/v2\/pages\/260\/revisions\/1659"}],"wp:attachment":[{"href":"https:\/\/immediateconnect.biz\/it\/wp-json\/wp\/v2\/media?parent=260"}],"curies":[{"name":"wp","href":"https:\/\/api.w.org\/{rel}","templated":true}]}}