{"id":241,"date":"2023-08-24T11:10:31","date_gmt":"2023-08-24T11:10:31","guid":{"rendered":"https:\/\/immediateconnect.biz\/?page_id=241"},"modified":"2025-06-30T13:23:33","modified_gmt":"2025-06-30T13:23:33","slug":"domande-frequenti","status":"publish","type":"page","link":"https:\/\/immediateconnect.biz\/it\/faqs\/","title":{"rendered":"FAQs"},"content":{"rendered":"<div data-elementor-type=\"wp-page\" data-elementor-id=\"241\" class=\"elementor elementor-241\" data-elementor-post-type=\"page\">\n\t\t\t\t<div class=\"elementor-element elementor-element-e359744 e-flex e-con-boxed e-con e-parent\" data-id=\"e359744\" data-element_type=\"container\" data-e-type=\"container\" data-settings=\"{&quot;background_background&quot;:&quot;gradient&quot;}\">\n\t\t\t\t\t<div class=\"e-con-inner\">\n\t\t\t\t<div class=\"elementor-element elementor-element-f14c8f1 elementor-widget elementor-widget-heading\" data-id=\"f14c8f1\" data-element_type=\"widget\" data-e-type=\"widget\" data-widget_type=\"heading.default\">\n\t\t\t\t\t<h1 class=\"elementor-heading-title elementor-size-default\">Domande frequenti<\/h1>\t\t\t\t<\/div>\n\t\t\t\t<div class=\"elementor-element elementor-element-5e3769f elementor-widget elementor-widget-text-editor\" data-id=\"5e3769f\" data-element_type=\"widget\" data-e-type=\"widget\" data-widget_type=\"text-editor.default\">\n\t\t\t\t\t\t\t\t\t<p>Qui troverai le risposte alle domande pi\u00f9 frequenti sulla nostra piattaforma, sui servizi e sui broker con cui collaboriamo!<\/p>\t\t\t\t\t\t\t\t<\/div>\n\t\t\t\t\t<\/div>\n\t\t\t\t<\/div>\n\t\t<div class=\"elementor-element elementor-element-a660155 e-flex e-con-boxed e-con e-parent\" data-id=\"a660155\" data-element_type=\"container\" data-e-type=\"container\" data-settings=\"{&quot;background_background&quot;:&quot;classic&quot;}\">\n\t\t\t\t\t<div class=\"e-con-inner\">\n\t\t<div class=\"elementor-element elementor-element-bf346dd e-con-full e-flex e-con e-child\" data-id=\"bf346dd\" data-element_type=\"container\" data-e-type=\"container\" data-settings=\"{&quot;background_background&quot;:&quot;classic&quot;}\">\n\t\t\t\t<div class=\"elementor-element elementor-element-6e1b2f3 elementor-widget elementor-widget-heading\" data-id=\"6e1b2f3\" data-element_type=\"widget\" data-e-type=\"widget\" data-widget_type=\"heading.default\">\n\t\t\t\t\t<h2 class=\"elementor-heading-title elementor-size-default\">Che cos'\u00e8 la connessione immediata?<\/h2>\t\t\t\t<\/div>\n\t\t\t\t<div class=\"elementor-element elementor-element-7f8b315 elementor-widget elementor-widget-text-editor\" data-id=\"7f8b315\" data-element_type=\"widget\" data-e-type=\"widget\" data-widget_type=\"text-editor.default\">\n\t\t\t\t\t\t\t\t\t<p>Immediate Connect \u00e8 uno strumento di marketing il cui scopo \u00e8 colmare il divario tra trader e broker. Questa piattaforma \u00e8 stata progettata per rendere il trading pi\u00f9 accessibile, anche per i principianti assoluti. Immediate Connect ha scelto di collaborare con broker affermati in tutto il mondo che offrono strumenti e servizi utili agli utenti. Non siamo consulenti finanziari e non siamo responsabili per eventuali risultati che potrebbero verificarsi a seguito della negoziazione tramite uno dei nostri broker partner.<\/p>\t\t\t\t\t\t\t\t<\/div>\n\t\t\t\t<\/div>\n\t\t<div class=\"elementor-element elementor-element-90855d5 e-con-full e-flex e-con e-child\" data-id=\"90855d5\" data-element_type=\"container\" data-e-type=\"container\" data-settings=\"{&quot;background_background&quot;:&quot;classic&quot;}\">\n\t\t\t\t<div class=\"elementor-element elementor-element-942ad48 elementor-widget elementor-widget-heading\" data-id=\"942ad48\" data-element_type=\"widget\" data-e-type=\"widget\" data-widget_type=\"heading.default\">\n\t\t\t\t\t<h2 class=\"elementor-heading-title elementor-size-default\">Cos'\u00e8 un broker?<\/h2>\t\t\t\t<\/div>\n\t\t\t\t<div class=\"elementor-element elementor-element-1cc02a3 elementor-widget elementor-widget-text-editor\" data-id=\"1cc02a3\" data-element_type=\"widget\" data-e-type=\"widget\" data-widget_type=\"text-editor.default\">\n\t\t\t\t\t\t\t\t\t<p>Un broker (o brokerage) \u00e8 l'intermediario tra i trader e il mercato. Il loro ruolo \u00e8 facilitare le transazioni, per le quali ricevono un compenso, oltre a offrire vari altri servizi. Molti broker forniscono inoltre ai trader strumenti, indicazioni e risorse che possono assisterli nel commercio di criptovalute e altri asset. Ad esempio, alcuni broker forniscono conti demo che consentono agli utenti di esercitarsi nel trading in un ambiente sicuro utilizzando fondi fittizi.<\/p>\t\t\t\t\t\t\t\t<\/div>\n\t\t\t\t<\/div>\n\t\t<div class=\"elementor-element elementor-element-c178d55 e-con-full e-flex e-con e-child\" data-id=\"c178d55\" data-element_type=\"container\" data-e-type=\"container\" data-settings=\"{&quot;background_background&quot;:&quot;classic&quot;}\">\n\t\t\t\t<div class=\"elementor-element elementor-element-5605e1c elementor-widget elementor-widget-heading\" data-id=\"5605e1c\" data-element_type=\"widget\" data-e-type=\"widget\" data-widget_type=\"heading.default\">\n\t\t\t\t\t<h2 class=\"elementor-heading-title elementor-size-default\">Quali asset posso scambiare?<\/h2>\t\t\t\t<\/div>\n\t\t\t\t<div class=\"elementor-element elementor-element-450da9a elementor-widget elementor-widget-text-editor\" data-id=\"450da9a\" data-element_type=\"widget\" data-e-type=\"widget\" data-widget_type=\"text-editor.default\">\n\t\t\t\t\t\t\t\t\t<p>I nostri broker supportano il trading di molti asset diversi, tra cui varie criptovalute come Bitcoin (BTC), Ethereum (ETH), XRP (XRP), BNB (BNB), Tether (USDT), Cardano (ADA), Dogecoin (DOGE), Shiba Inu (SHIB), Avalanche (AVAX), Poligono (MATIC) e Solana (SOL). Molti dei broker con cui collaboriamo supportano anche altri asset negoziabili, tra cui azioni, Forex e CFD, oltre a materie prime come oro, argento e petrolio.<\/p>\t\t\t\t\t\t\t\t<\/div>\n\t\t\t\t<\/div>\n\t\t<div class=\"elementor-element elementor-element-3387eca e-con-full e-flex e-con e-child\" data-id=\"3387eca\" data-element_type=\"container\" data-e-type=\"container\" data-settings=\"{&quot;background_background&quot;:&quot;classic&quot;}\">\n\t\t\t\t<div class=\"elementor-element elementor-element-12f1420 elementor-widget elementor-widget-heading\" data-id=\"12f1420\" data-element_type=\"widget\" data-e-type=\"widget\" data-widget_type=\"heading.default\">\n\t\t\t\t\t<h2 class=\"elementor-heading-title elementor-size-default\">Immediate Connect \u00e8 adatto ai trader alle prime armi?<\/h2>\t\t\t\t<\/div>\n\t\t\t\t<div class=\"elementor-element elementor-element-790c42b elementor-widget elementor-widget-text-editor\" data-id=\"790c42b\" data-element_type=\"widget\" data-e-type=\"widget\" data-widget_type=\"text-editor.default\">\n\t\t\t\t\t\t\t\t\t<p>S\u00ec, Immediate Connect \u00e8 sicuramente adatto sia ai principianti che ai trader con tutti gli altri livelli di esperienza! Ci siamo assicurati che la nostra piattaforma sia facile da navigare e che tutti i servizi siano adatti ai principianti, quindi non \u00e8 necessaria alcuna esperienza di trading precedente per creare un account ed essere connesso con uno dei nostri broker ricchi di funzionalit\u00e0.<\/p>\t\t\t\t\t\t\t\t<\/div>\n\t\t\t\t<\/div>\n\t\t<div class=\"elementor-element elementor-element-7cb36ec e-con-full e-flex e-con e-child\" data-id=\"7cb36ec\" data-element_type=\"container\" data-e-type=\"container\" data-settings=\"{&quot;background_background&quot;:&quot;classic&quot;}\">\n\t\t\t\t<div class=\"elementor-element elementor-element-bd736b4 elementor-widget elementor-widget-heading\" data-id=\"bd736b4\" data-element_type=\"widget\" data-e-type=\"widget\" data-widget_type=\"heading.default\">\n\t\t\t\t\t<h2 class=\"elementor-heading-title elementor-size-default\">Come posso creare un account con Connessione immediata?<\/h2>\t\t\t\t<\/div>\n\t\t\t\t<div class=\"elementor-element elementor-element-b36b32e elementor-widget elementor-widget-text-editor\" data-id=\"b36b32e\" data-element_type=\"widget\" data-e-type=\"widget\" data-widget_type=\"text-editor.default\">\n\t\t\t\t\t\t\t\t\t<p>Creare un account con Immediate Connect \u00e8 veloce e semplice. Basta andare alla pagina \"Accedi\" e completare il modulo di registrazione fornendo il nome completo e i dettagli di contatto. Subito dopo, puoi aspettarti di essere contattato da un broker con cui il nostro algoritmo ti ha messo in contatto. Puoi discutere le tue preferenze e i tuoi obiettivi con il broker assegnato prima di depositare fondi sul tuo conto. Dopodich\u00e9, sei pronto per iniziare a fare trading!<\/p>\t\t\t\t\t\t\t\t<\/div>\n\t\t\t\t<\/div>\n\t\t<div class=\"elementor-element elementor-element-6aef8a8 e-con-full e-flex e-con e-child\" data-id=\"6aef8a8\" data-element_type=\"container\" data-e-type=\"container\" data-settings=\"{&quot;background_background&quot;:&quot;classic&quot;}\">\n\t\t\t\t<div class=\"elementor-element elementor-element-9fb4d4d elementor-widget elementor-widget-heading\" data-id=\"9fb4d4d\" data-element_type=\"widget\" data-e-type=\"widget\" data-widget_type=\"heading.default\">\n\t\t\t\t\t<h2 class=\"elementor-heading-title elementor-size-default\">Quanto costa l'utilizzo di Connessione immediata?<\/h2>\t\t\t\t<\/div>\n\t\t\t\t<div class=\"elementor-element elementor-element-cb14c07 elementor-widget elementor-widget-text-editor\" data-id=\"cb14c07\" data-element_type=\"widget\" data-e-type=\"widget\" data-widget_type=\"text-editor.default\">\n\t\t\t\t\t\t\t\t\t<p>Immediate Connect is 100% free for all users! As we are compensated by our partnered brokers, we can proudly state that there are absolutely no hidden fees or charges anywhere on our platform. All users can navigate our website, create an account, and allow our automated algorithm to assign them a broker at no cost. However, users will need to deposit a minimum of 250 USD before they can finalise their account registration and start trading through their assigned broker.<\/p>\t\t\t\t\t\t\t\t<\/div>\n\t\t\t\t<\/div>\n\t\t<div class=\"elementor-element elementor-element-b73d891 e-con-full e-flex e-con e-child\" data-id=\"b73d891\" data-element_type=\"container\" data-e-type=\"container\" data-settings=\"{&quot;background_background&quot;:&quot;classic&quot;}\">\n\t\t\t\t<div class=\"elementor-element elementor-element-520c8e2 elementor-widget elementor-widget-heading\" data-id=\"520c8e2\" data-element_type=\"widget\" data-e-type=\"widget\" data-widget_type=\"heading.default\">\n\t\t\t\t\t<h2 class=\"elementor-heading-title elementor-size-default\">Can I Make a Profit From Trading Crypto?<\/h2>\t\t\t\t<\/div>\n\t\t\t\t<div class=\"elementor-element elementor-element-34d73ba elementor-widget elementor-widget-text-editor\" data-id=\"34d73ba\" data-element_type=\"widget\" data-e-type=\"widget\" data-widget_type=\"text-editor.default\">\n\t\t\t\t\t\t\t\t\t<p>Non \u00e8 garantito che tu, o qualsiasi altro trader, otterrete un profitto dal trading di criptovalute, anche quando utilizzate gli strumenti e i servizi offerti dai nostri broker. Il mercato delle criptovalute \u00e8 estremamente volatile e anche i trader pi\u00f9 esperti corrono il rischio di perdere i propri beni. Tuttavia, per aumentare le tue possibilit\u00e0 di ottenere un potenziale profitto dal trading di criptovalute, ti consigliamo di fare molte ricerche, considerare la tua tolleranza al rischio e costruire un portafoglio diversificato.<\/p>\t\t\t\t\t\t\t\t<\/div>\n\t\t\t\t<\/div>\n\t\t\t\t\t<\/div>\n\t\t\t\t<\/div>\n\t\t\t\t<\/div>","protected":false},"excerpt":{"rendered":"<p>Frequently Asked Questions Here, you\u2019ll find the answers to the most frequently asked questions about our platform, services, and the brokers we partner with! What Is Immediate Connect? Immediate Connect is a marketing tool whose purpose is to bridge the gap between traders and brokers. This platform was designed to make trading more accessible, even [&hellip;]<\/p>\n","protected":false},"author":1,"featured_media":0,"parent":0,"menu_order":0,"comment_status":"closed","ping_status":"closed","template":"elementor_header_footer","meta":{"footnotes":""},"class_list":["post-241","page","type-page","status-publish","hentry"],"_links":{"self":[{"href":"https:\/\/immediateconnect.biz\/it\/wp-json\/wp\/v2\/pages\/241","targetHints":{"allow":["GET"]}}],"collection":[{"href":"https:\/\/immediateconnect.biz\/it\/wp-json\/wp\/v2\/pages"}],"about":[{"href":"https:\/\/immediateconnect.biz\/it\/wp-json\/wp\/v2\/types\/page"}],"author":[{"embeddable":true,"href":"https:\/\/immediateconnect.biz\/it\/wp-json\/wp\/v2\/users\/1"}],"replies":[{"embeddable":true,"href":"https:\/\/immediateconnect.biz\/it\/wp-json\/wp\/v2\/comments?post=241"}],"version-history":[{"count":31,"href":"https:\/\/immediateconnect.biz\/it\/wp-json\/wp\/v2\/pages\/241\/revisions"}],"predecessor-version":[{"id":1563,"href":"https:\/\/immediateconnect.biz\/it\/wp-json\/wp\/v2\/pages\/241\/revisions\/1563"}],"wp:attachment":[{"href":"https:\/\/immediateconnect.biz\/it\/wp-json\/wp\/v2\/media?parent=241"}],"curies":[{"name":"wp","href":"https:\/\/api.w.org\/{rel}","templated":true}]}}