{"id":297,"date":"2023-08-24T12:26:58","date_gmt":"2023-08-24T12:26:58","guid":{"rendered":"https:\/\/immediateconnect.biz\/?page_id=297"},"modified":"2025-12-10T06:33:28","modified_gmt":"2025-12-10T06:33:28","slug":"suti-szabalyzat","status":"publish","type":"page","link":"https:\/\/immediateconnect.biz\/hu\/cookie-policy\/","title":{"rendered":"Cookie szab\u00e1lyzat"},"content":{"rendered":"<div data-elementor-type=\"wp-page\" data-elementor-id=\"297\" class=\"elementor elementor-297\" data-elementor-post-type=\"page\">\n\t\t\t\t<div class=\"elementor-element elementor-element-42d1043 e-flex e-con-boxed e-con e-parent\" data-id=\"42d1043\" data-element_type=\"container\" data-e-type=\"container\" data-settings=\"{&quot;background_background&quot;:&quot;gradient&quot;}\">\n\t\t\t\t\t<div class=\"e-con-inner\">\n\t\t\t\t<div class=\"elementor-element elementor-element-47612aa elementor-widget elementor-widget-heading\" data-id=\"47612aa\" data-element_type=\"widget\" data-e-type=\"widget\" data-widget_type=\"heading.default\">\n\t\t\t\t\t<h1 class=\"elementor-heading-title elementor-size-default\">Cookie szab\u00e1lyzat<\/h1>\t\t\t\t<\/div>\n\t\t\t\t\t<\/div>\n\t\t\t\t<\/div>\n\t\t<div class=\"elementor-element elementor-element-ac51480 e-flex e-con-boxed e-con e-parent\" data-id=\"ac51480\" data-element_type=\"container\" data-e-type=\"container\" data-settings=\"{&quot;background_background&quot;:&quot;classic&quot;}\">\n\t\t\t\t\t<div class=\"e-con-inner\">\n\t\t\t\t<div class=\"elementor-element elementor-element-5932fcf elementor-widget elementor-widget-text-editor\" data-id=\"5932fcf\" data-element_type=\"widget\" data-e-type=\"widget\" data-widget_type=\"text-editor.default\">\n\t\t\t\t\t\t\t\t\t<p>Ebben a r\u00e9szben mindent elmagyar\u00e1zunk, amit a s\u00fctik k\u00fcl\u00f6nb\u00f6z\u0151 t\u00edpusair\u00f3l tudni kell a weboldalon. <strong>Immediate Connect<\/strong> weboldal.<\/p>\t\t\t\t\t\t\t\t<\/div>\n\t\t\t\t<div class=\"elementor-element elementor-element-9db2ca4 elementor-widget elementor-widget-heading\" data-id=\"9db2ca4\" data-element_type=\"widget\" data-e-type=\"widget\" data-widget_type=\"heading.default\">\n\t\t\t\t\t<h2 class=\"elementor-heading-title elementor-size-default\">Mi az a s\u00fcti?<\/h2>\t\t\t\t<\/div>\n\t\t\t\t<div class=\"elementor-element elementor-element-4f57277 elementor-widget elementor-widget-text-editor\" data-id=\"4f57277\" data-element_type=\"widget\" data-e-type=\"widget\" data-widget_type=\"text-editor.default\">\n\t\t\t\t\t\t\t\t\t<p>A s\u00fcti egy sz\u00f6veges f\u00e1jl, amelyet a webb\u00f6ng\u00e9sz\u0151 t\u00e1rol, \u00e9s amely b\u00f6ng\u00e9sz\u00e9si inform\u00e1ci\u00f3kat t\u00e1rol, amelyek seg\u00edtenek azonos\u00edtani az eszk\u00f6z\u00e9t. Amikor megl\u00e1togat egy webhelyet, p\u00e9ld\u00e1ul <strong>Immediate Connect<\/strong>, egy s\u00fcti ker\u00fcl elk\u00fcld\u00e9sre a sz\u00e1m\u00edt\u00f3g\u00e9p\u00e9re, okostelefonj\u00e1ra vagy t\u00e1blag\u00e9p\u00e9re, \u00e9s valah\u00e1nyszor \u00fajra felkeresi ugyanazt a webhelyet, a s\u00fcti az \u00d6n azonos\u00edt\u00e1s\u00e1ra szolg\u00e1l. A s\u00fctik r\u00f6gz\u00edtik b\u00f6ng\u00e9sz\u00e9si tev\u00e9kenys\u00e9g\u00e9t \u00e9s viselked\u00e9s\u00e9t, \u00edgy a webhelyek szem\u00e9lyre szabott \u00e9lm\u00e9nyt tudnak ny\u00fajtani, amely kifejezetten az \u00d6n ig\u00e9nyeire szabott.<\/p>\t\t\t\t\t\t\t\t<\/div>\n\t\t\t\t<div class=\"elementor-element elementor-element-3b582b3 elementor-widget elementor-widget-heading\" data-id=\"3b582b3\" data-element_type=\"widget\" data-e-type=\"widget\" data-widget_type=\"heading.default\">\n\t\t\t\t\t<h2 class=\"elementor-heading-title elementor-size-default\">Mi\u00e9rt haszn\u00e1lunk s\u00fctiket?<\/h2>\t\t\t\t<\/div>\n\t\t\t\t<div class=\"elementor-element elementor-element-ad3a232 elementor-widget elementor-widget-text-editor\" data-id=\"ad3a232\" data-element_type=\"widget\" data-e-type=\"widget\" data-widget_type=\"text-editor.default\">\n\t\t\t\t\t\t\t\t\t<p><strong>Immediate Connect<\/strong> s\u00fctiket haszn\u00e1l weboldalunk minden aspektus\u00e1nak fejleszt\u00e9s\u00e9hez, bele\u00e9rtve a teljes\u00edtm\u00e9ny\u00e9t, az akad\u00e1lymentes\u00edt\u00e9st \u00e9s a funkcionalit\u00e1st. A s\u00fctik fontos inform\u00e1ci\u00f3kat szolg\u00e1ltatnak sz\u00e1munkra, amelyek lehet\u0151v\u00e9 teszik sz\u00e1munkra, hogy meg\u00e9rts\u00fck, hogyan haszn\u00e1lj\u00e1k a l\u00e1togat\u00f3k weboldalunkat \u00e9s az el\u00e9rhet\u0151 funkci\u00f3kat.<\/p><p>P\u00e9ld\u00e1ul a s\u00fctik megmutathatj\u00e1k nek\u00fcnk, hogy a weboldal mely r\u00e9szei <strong>Immediate Connect<\/strong> a legl\u00e1togatottabbak, \u00e9s azokon a r\u00e9szeken t\u00f6ltik a felhaszn\u00e1l\u00f3k a legkevesebb id\u0151t. Ezen inform\u00e1ci\u00f3k birtok\u00e1ban weboldalunk meghat\u00e1rozott ter\u00fcleteit tudjuk megc\u00e9lozni, \u00e9s fejleszt\u00e9seken dolgozhatunk a jobb felhaszn\u00e1l\u00f3i \u00e9lm\u00e9ny biztos\u00edt\u00e1sa \u00e9rdek\u00e9ben.<\/p><p>A s\u00fctik lehet\u0151v\u00e9 teszik sz\u00e1munkra, hogy szem\u00e9lyre szabott tartalmat \u00e9s funkci\u00f3kat biztos\u00edtsunk a weboldal l\u00e1togat\u00f3inak az\u00e1ltal, hogy inform\u00e1ci\u00f3kat gy\u0171jt\u00fcnk \u00e9rdekl\u0151d\u00e9si k\u00f6r\u00fckr\u0151l \u00e9s viselked\u00e9si mint\u00e1ikr\u00f3l. Ezenk\u00edv\u00fcl a s\u00fctik lehet\u0151v\u00e9 teszik sz\u00e1munkra a technikai probl\u00e9m\u00e1k azonos\u00edt\u00e1s\u00e1t \u00e9s megold\u00e1s\u00e1t, valamint a weboldal biztons\u00e1g\u00e1nak jav\u00edt\u00e1s\u00e1t. <strong>Immediate Connect<\/strong> weboldal.<\/p>\t\t\t\t\t\t\t\t<\/div>\n\t\t\t\t<div class=\"elementor-element elementor-element-d3841ef elementor-widget elementor-widget-heading\" data-id=\"d3841ef\" data-element_type=\"widget\" data-e-type=\"widget\" data-widget_type=\"heading.default\">\n\t\t\t\t\t<h2 class=\"elementor-heading-title elementor-size-default\">K\u00fcl\u00f6nb\u00f6z\u0151 t\u00edpus\u00fa s\u00fctik<\/h2>\t\t\t\t<\/div>\n\t\t\t\t<div class=\"elementor-element elementor-element-bfb17da elementor-widget elementor-widget-text-editor\" data-id=\"bfb17da\" data-element_type=\"widget\" data-e-type=\"widget\" data-widget_type=\"text-editor.default\">\n\t\t\t\t\t\t\t\t\t<p>A s\u00fctik haszn\u00e1lata sor\u00e1n h\u00e1rom f\u0151 t\u00edpussal tal\u00e1lkozhat. <strong>Immediate Connect<\/strong> weboldal. Ezek a k\u00f6vetkez\u0151k:<\/p>\t\t\t\t\t\t\t\t<\/div>\n\t\t\t\t<div class=\"elementor-element elementor-element-348dec3 elementor-widget elementor-widget-heading\" data-id=\"348dec3\" data-element_type=\"widget\" data-e-type=\"widget\" data-widget_type=\"heading.default\">\n\t\t\t\t\t<h3 class=\"elementor-heading-title elementor-size-default\">Alapvet\u0151 s\u00fctik<\/h3>\t\t\t\t<\/div>\n\t\t\t\t<div class=\"elementor-element elementor-element-66e8faf elementor-widget elementor-widget-text-editor\" data-id=\"66e8faf\" data-element_type=\"widget\" data-e-type=\"widget\" data-widget_type=\"text-editor.default\">\n\t\t\t\t\t\t\t\t\t<p>Mivel a legfontosabb s\u00fctit\u00edpusok, amelyeket a k\u00f6vetkez\u0151 oldalon haszn\u00e1lnak: <strong>Immediate Connect,<\/strong> A n\u00e9lk\u00fcl\u00f6zhetetlen s\u00fctik (n\u00e9ha \u00e1lland\u00f3 s\u00fctiknek is nevezik \u0151ket) biztos\u00edtj\u00e1k a weboldal megfelel\u0151 m\u0171k\u00f6d\u00e9s\u00e9t. Ezek a s\u00fctik lehet\u0151v\u00e9 teszik sz\u00e1munkra, hogy elv\u00e9gezz\u00fck az \u00f6sszes sz\u00fcks\u00e9ges m\u0171veletet, \u00e9s olyan k\u00e9nyelmi funkci\u00f3kat biztos\u00edtsunk a l\u00e1togat\u00f3knak, mint az automatikus kit\u00f6lt\u00e9s \u00e9s az \u00e1lland\u00f3 bejelentkez\u00e9s. A n\u00e9lk\u00fcl\u00f6zhetetlen s\u00fctik l\u00e9tfontoss\u00e1g\u00faak weboldalunk teljes\u00edtm\u00e9ny\u00e9hez. N\u00e9lk\u00fcl\u00fck sz\u00e1mos funkci\u00f3 el\u00e9rhetetlenn\u00e9 v\u00e1lik, \u00e9s a l\u00e1togat\u00f3k felhaszn\u00e1l\u00f3i \u00e9lm\u00e9nye rendk\u00edv\u00fcl korl\u00e1tozott lesz.<\/p>\t\t\t\t\t\t\t\t<\/div>\n\t\t\t\t<div class=\"elementor-element elementor-element-c4cee05 elementor-widget elementor-widget-heading\" data-id=\"c4cee05\" data-element_type=\"widget\" data-e-type=\"widget\" data-widget_type=\"heading.default\">\n\t\t\t\t\t<h3 class=\"elementor-heading-title elementor-size-default\">Google Analytics s\u00fctik<\/h3>\t\t\t\t<\/div>\n\t\t\t\t<div class=\"elementor-element elementor-element-0b44c31 elementor-widget elementor-widget-text-editor\" data-id=\"0b44c31\" data-element_type=\"widget\" data-e-type=\"widget\" data-widget_type=\"text-editor.default\">\n\t\t\t\t\t\t\t\t\t<p><strong>Immediate Connect<\/strong> Google Analytics s\u00fctiket haszn\u00e1l l\u00e1togat\u00f3ink viselked\u00e9s\u00e9nek \u00e9s preferenci\u00e1inak jobb meg\u00e9rt\u00e9se \u00e9rdek\u00e9ben. Ezek a s\u00fctik m\u00e9lyebb betekint\u00e9st ny\u00fajtanak weboldalunk teljes\u00edtm\u00e9ny\u00e9be, \u00e9s lehet\u0151v\u00e9 teszik sz\u00e1munkra, hogy a fejleszt\u00e9sre vagy optimaliz\u00e1l\u00e1sra szorul\u00f3 kulcsfontoss\u00e1g\u00fa ter\u00fcleteket c\u00e9lozzuk meg. Ezekkel a s\u00fctikkel tov\u00e1bbra is szem\u00e9lyre szabott \u00e9s felhaszn\u00e1l\u00f3bar\u00e1t \u00e9lm\u00e9nyt tudunk ny\u00fajtani minden l\u00e1togat\u00f3 sz\u00e1m\u00e1ra. A Google Analytics s\u00fctik nem gy\u0171jtenek \u00e9s nem t\u00e1rolnak szem\u00e9lyazonos\u00edt\u00e1sra alkalmas adatokat, p\u00e9ld\u00e1ul a nev\u00e9t \u00e9s el\u00e9rhet\u0151s\u00e9geit.<\/p>\t\t\t\t\t\t\t\t<\/div>\n\t\t\t\t<div class=\"elementor-element elementor-element-0253ec8 elementor-widget elementor-widget-heading\" data-id=\"0253ec8\" data-element_type=\"widget\" data-e-type=\"widget\" data-widget_type=\"heading.default\">\n\t\t\t\t\t<h3 class=\"elementor-heading-title elementor-size-default\">Harmadik f\u00e9lt\u0151l sz\u00e1rmaz\u00f3 s\u00fctik<\/h3>\t\t\t\t<\/div>\n\t\t\t\t<div class=\"elementor-element elementor-element-b6a632f elementor-widget elementor-widget-text-editor\" data-id=\"b6a632f\" data-element_type=\"widget\" data-e-type=\"widget\" data-widget_type=\"text-editor.default\">\n\t\t\t\t\t\t\t\t\t<p>Weboldalunk haszn\u00e1lata sor\u00e1n harmadik f\u00e9lt\u0151l sz\u00e1rmaz\u00f3 s\u00fctikkel is tal\u00e1lkozhat. Ezek a cookie-k olyan harmadik f\u00e9l webhelyeihez tartoznak, amelyekkel partneri kapcsolatban \u00e1llunk, vagy amelyekre a webhely\u00fcnk tartalm\u00e1n kereszt\u00fcl hivatkozunk, p\u00e9ld\u00e1ul br\u00f3kerc\u00e9gekhez. A harmadik f\u00e9lt\u0151l sz\u00e1rmaz\u00f3 s\u00fctik lehet\u0151v\u00e9 teszik a z\u00f6kken\u0151mentes \u00e1tmenetet a weboldalunk \u00e9s a partnereink weboldalai k\u00f6z\u00f6tt. Ha t\u00f6bbet szeretne megtudni ezekr\u0151l a cookie-kr\u00f3l, akkor az \u00e1ltalunk linkelt harmadik f\u00e9l webhelyek cookie-ir\u00e1nyelveiben tal\u00e1lhat tov\u00e1bbi inform\u00e1ci\u00f3kat.<\/p>\t\t\t\t\t\t\t\t<\/div>\n\t\t\t\t<div class=\"elementor-element elementor-element-8a34508 elementor-widget elementor-widget-heading\" data-id=\"8a34508\" data-element_type=\"widget\" data-e-type=\"widget\" data-widget_type=\"heading.default\">\n\t\t\t\t\t<h3 class=\"elementor-heading-title elementor-size-default\">Hogyan lehet be\u00e1ll\u00edtani vagy letiltani a s\u00fctiket?<\/h3>\t\t\t\t<\/div>\n\t\t\t\t<div class=\"elementor-element elementor-element-43d037c elementor-widget elementor-widget-text-editor\" data-id=\"43d037c\" data-element_type=\"widget\" data-e-type=\"widget\" data-widget_type=\"text-editor.default\">\n\t\t\t\t\t\t\t\t\t<p>A s\u00fctik \u00e9rt\u00e9kes eszk\u00f6z\u00f6k, amelyek seg\u00edtenek szolg\u00e1ltat\u00e1saink fejleszt\u00e9s\u00e9ben \u00e9s pozit\u00edv felhaszn\u00e1l\u00f3i \u00e9lm\u00e9ny biztos\u00edt\u00e1s\u00e1ban a weboldal l\u00e1togat\u00f3i sz\u00e1m\u00e1ra. <strong>Immediate Connect<\/strong> weboldal. A s\u00fctik haszn\u00e1lata azonban nem k\u00f6telez\u0151, \u00e9s a s\u00fctik b\u00e1rmikor letilthat\u00f3k. Felh\u00edvjuk figyelm\u00e9t, hogy a s\u00fctik letilt\u00e1s\u00e1val egyes funkci\u00f3k el\u00e9rhetetlenn\u00e9 v\u00e1lhatnak, vagy nem a k\u00edv\u00e1nt m\u00f3don m\u0171k\u00f6dhetnek.<\/p><p>Ha szeretn\u00e9 letiltani a cookie-kat vagy m\u00f3dos\u00edtani a cookie-be\u00e1ll\u00edt\u00e1sokat, akkor ezt a b\u00f6ng\u00e9sz\u0151 be\u00e1ll\u00edt\u00e1sain kereszt\u00fcl teheti meg. A cookie-kat a weboldalunk els\u0151 alkalommal t\u00f6rt\u00e9n\u0151 el\u00e9r\u00e9sekor megjelen\u0151 felugr\u00f3 ablakban is elutas\u00edthatja.<\/p>\t\t\t\t\t\t\t\t<\/div>\n\t\t\t\t<div class=\"elementor-element elementor-element-8bbb6e5 elementor-widget elementor-widget-heading\" data-id=\"8bbb6e5\" data-element_type=\"widget\" data-e-type=\"widget\" data-widget_type=\"heading.default\">\n\t\t\t\t\t<h3 class=\"elementor-heading-title elementor-size-default\">Politikai m\u00f3dos\u00edt\u00e1sok<\/h3>\t\t\t\t<\/div>\n\t\t\t\t<div class=\"elementor-element elementor-element-986aa64 elementor-widget elementor-widget-text-editor\" data-id=\"986aa64\" data-element_type=\"widget\" data-e-type=\"widget\" data-widget_type=\"text-editor.default\">\n\t\t\t\t\t\t\t\t\t<p>A jelen S\u00fcti Szab\u00e1lyzat teljes tartalma b\u00e1rmikor, el\u0151zetes \u00e9rtes\u00edt\u00e9s n\u00e9lk\u00fcl v\u00e1ltozhat. A szab\u00e1lyzat b\u00e1rmely m\u00f3dos\u00edt\u00e1sa a k\u00f6zz\u00e9t\u00e9telt k\u00f6vet\u0151en azonnal hat\u00e1lyba l\u00e9p. Felhaszn\u00e1l\u00f3inknak gondoskodniuk kell arr\u00f3l, hogy naprak\u00e9szek legyenek a S\u00fcti Szab\u00e1lyzat leg\u00fajabb verzi\u00f3j\u00e1val, mivel a weboldal folyamatos haszn\u00e1lata... <strong>Immediate Connect<\/strong> kijelenti, hogy beleegyezik az \u00f6sszes v\u00e9grehajtott m\u00f3dos\u00edt\u00e1sba.<\/p>\t\t\t\t\t\t\t\t<\/div>\n\t\t\t\t\t<\/div>\n\t\t\t\t<\/div>\n\t\t\t\t<\/div>","protected":false},"excerpt":{"rendered":"<p>Cookie Policy In this section, we shall explain everything you need to know about the different types of cookie usage on the Immediate Connect website. What Is a Cookie? A cookie is a text file that is stored within a web browser and saves browsing information that helps to identify your device. When you visit [&hellip;]<\/p>\n","protected":false},"author":1,"featured_media":0,"parent":0,"menu_order":0,"comment_status":"closed","ping_status":"closed","template":"elementor_header_footer","meta":{"footnotes":""},"class_list":["post-297","page","type-page","status-publish","hentry"],"_links":{"self":[{"href":"https:\/\/immediateconnect.biz\/hu\/wp-json\/wp\/v2\/pages\/297","targetHints":{"allow":["GET"]}}],"collection":[{"href":"https:\/\/immediateconnect.biz\/hu\/wp-json\/wp\/v2\/pages"}],"about":[{"href":"https:\/\/immediateconnect.biz\/hu\/wp-json\/wp\/v2\/types\/page"}],"author":[{"embeddable":true,"href":"https:\/\/immediateconnect.biz\/hu\/wp-json\/wp\/v2\/users\/1"}],"replies":[{"embeddable":true,"href":"https:\/\/immediateconnect.biz\/hu\/wp-json\/wp\/v2\/comments?post=297"}],"version-history":[{"count":44,"href":"https:\/\/immediateconnect.biz\/hu\/wp-json\/wp\/v2\/pages\/297\/revisions"}],"predecessor-version":[{"id":1647,"href":"https:\/\/immediateconnect.biz\/hu\/wp-json\/wp\/v2\/pages\/297\/revisions\/1647"}],"wp:attachment":[{"href":"https:\/\/immediateconnect.biz\/hu\/wp-json\/wp\/v2\/media?parent=297"}],"curies":[{"name":"wp","href":"https:\/\/api.w.org\/{rel}","templated":true}]}}