{"id":241,"date":"2023-08-24T11:10:31","date_gmt":"2023-08-24T11:10:31","guid":{"rendered":"https:\/\/immediateconnect.biz\/?page_id=241"},"modified":"2025-06-30T13:23:33","modified_gmt":"2025-06-30T13:23:33","slug":"gyakori-kerdesek","status":"publish","type":"page","link":"https:\/\/immediateconnect.biz\/hu\/faqs\/","title":{"rendered":"FAQs"},"content":{"rendered":"<div data-elementor-type=\"wp-page\" data-elementor-id=\"241\" class=\"elementor elementor-241\" data-elementor-post-type=\"page\">\n\t\t\t\t<div class=\"elementor-element elementor-element-e359744 e-flex e-con-boxed e-con e-parent\" data-id=\"e359744\" data-element_type=\"container\" data-e-type=\"container\" data-settings=\"{&quot;background_background&quot;:&quot;gradient&quot;}\">\n\t\t\t\t\t<div class=\"e-con-inner\">\n\t\t\t\t<div class=\"elementor-element elementor-element-f14c8f1 elementor-widget elementor-widget-heading\" data-id=\"f14c8f1\" data-element_type=\"widget\" data-e-type=\"widget\" data-widget_type=\"heading.default\">\n\t\t\t\t\t<h1 class=\"elementor-heading-title elementor-size-default\">Gyakran ism\u00e9telt k\u00e9rd\u00e9sek<\/h1>\t\t\t\t<\/div>\n\t\t\t\t<div class=\"elementor-element elementor-element-5e3769f elementor-widget elementor-widget-text-editor\" data-id=\"5e3769f\" data-element_type=\"widget\" data-e-type=\"widget\" data-widget_type=\"text-editor.default\">\n\t\t\t\t\t\t\t\t\t<p>Itt megtal\u00e1lja a v\u00e1laszokat a leggyakrabban feltett k\u00e9rd\u00e9sekre a platformunkkal, a szolg\u00e1ltat\u00e1sainkkal \u00e9s a br\u00f3kerekkel, akikkel egy\u00fcttm\u0171k\u00f6d\u00fcnk!<\/p>\t\t\t\t\t\t\t\t<\/div>\n\t\t\t\t\t<\/div>\n\t\t\t\t<\/div>\n\t\t<div class=\"elementor-element elementor-element-a660155 e-flex e-con-boxed e-con e-parent\" data-id=\"a660155\" data-element_type=\"container\" data-e-type=\"container\" data-settings=\"{&quot;background_background&quot;:&quot;classic&quot;}\">\n\t\t\t\t\t<div class=\"e-con-inner\">\n\t\t<div class=\"elementor-element elementor-element-bf346dd e-con-full e-flex e-con e-child\" data-id=\"bf346dd\" data-element_type=\"container\" data-e-type=\"container\" data-settings=\"{&quot;background_background&quot;:&quot;classic&quot;}\">\n\t\t\t\t<div class=\"elementor-element elementor-element-6e1b2f3 elementor-widget elementor-widget-heading\" data-id=\"6e1b2f3\" data-element_type=\"widget\" data-e-type=\"widget\" data-widget_type=\"heading.default\">\n\t\t\t\t\t<h2 class=\"elementor-heading-title elementor-size-default\">Mi az az azonnali csatlakoz\u00e1s?<\/h2>\t\t\t\t<\/div>\n\t\t\t\t<div class=\"elementor-element elementor-element-7f8b315 elementor-widget elementor-widget-text-editor\" data-id=\"7f8b315\" data-element_type=\"widget\" data-e-type=\"widget\" data-widget_type=\"text-editor.default\">\n\t\t\t\t\t\t\t\t\t<p>Az Immediate Connect egy marketingeszk\u00f6z, amelynek c\u00e9lja, hogy \u00e1thidalja a keresked\u0151k \u00e9s a br\u00f3kerek k\u00f6z\u00f6tti szakad\u00e9kot. Ezt a platformot \u00fagy tervezt\u00e9k, hogy a keresked\u00e9st m\u00e9g a teljesen kezd\u0151k sz\u00e1m\u00e1ra is el\u00e9rhet\u0151bb\u00e9 tegye. Az Immediate Connect \u00fagy d\u00f6nt\u00f6tt, hogy vil\u00e1gszerte elismert br\u00f3kerekkel l\u00e9p partners\u00e9gre, akik hasznos eszk\u00f6z\u00f6ket \u00e9s szolg\u00e1ltat\u00e1sokat k\u00edn\u00e1lnak a felhaszn\u00e1l\u00f3knak. Nem vagyunk p\u00e9nz\u00fcgyi tan\u00e1csad\u00f3k, \u00e9s nem v\u00e1llalunk felel\u0151ss\u00e9get semmilyen eredm\u00e9ny\u00e9rt, amely a partnereink valamelyik br\u00f3keren kereszt\u00fcl t\u00f6rt\u00e9n\u0151 keresked\u00e9s eredm\u00e9nyek\u00e9nt k\u00f6vetkezhet be.<\/p>\t\t\t\t\t\t\t\t<\/div>\n\t\t\t\t<\/div>\n\t\t<div class=\"elementor-element elementor-element-90855d5 e-con-full e-flex e-con e-child\" data-id=\"90855d5\" data-element_type=\"container\" data-e-type=\"container\" data-settings=\"{&quot;background_background&quot;:&quot;classic&quot;}\">\n\t\t\t\t<div class=\"elementor-element elementor-element-942ad48 elementor-widget elementor-widget-heading\" data-id=\"942ad48\" data-element_type=\"widget\" data-e-type=\"widget\" data-widget_type=\"heading.default\">\n\t\t\t\t\t<h2 class=\"elementor-heading-title elementor-size-default\">Mi az a br\u00f3ker?<\/h2>\t\t\t\t<\/div>\n\t\t\t\t<div class=\"elementor-element elementor-element-1cc02a3 elementor-widget elementor-widget-text-editor\" data-id=\"1cc02a3\" data-element_type=\"widget\" data-e-type=\"widget\" data-widget_type=\"text-editor.default\">\n\t\t\t\t\t\t\t\t\t<p>A br\u00f3ker (vagy br\u00f3kerc\u00e9g) a k\u00f6zvet\u00edt\u0151 a keresked\u0151k \u00e9s a piac k\u00f6z\u00f6tt. Szerep\u00fck az, hogy megk\u00f6nny\u00edts\u00e9k a tranzakci\u00f3kat, ami\u00e9rt kompenz\u00e1ci\u00f3t kapnak, valamint k\u00fcl\u00f6nb\u00f6z\u0151 egy\u00e9b szolg\u00e1ltat\u00e1sokat ny\u00fajtanak. Sok br\u00f3ker olyan eszk\u00f6z\u00f6ket, \u00fatmutat\u00e1st \u00e9s forr\u00e1sokat is biztos\u00edt a keresked\u0151k sz\u00e1m\u00e1ra, amelyek seg\u00edthetik \u0151ket a kriptovaluta- \u00e9s egy\u00e9b eszk\u00f6z\u00f6kkel val\u00f3 keresked\u00e9sben. Egyes br\u00f3kerek p\u00e9ld\u00e1ul dem\u00f3sz\u00e1ml\u00e1kat biztos\u00edtanak, amelyek lehet\u0151v\u00e9 teszik a felhaszn\u00e1l\u00f3k sz\u00e1m\u00e1ra, hogy biztons\u00e1gos k\u00f6rnyezetben gyakorolhass\u00e1k a keresked\u00e9st \u00e1l-alapok felhaszn\u00e1l\u00e1s\u00e1val.<\/p>\t\t\t\t\t\t\t\t<\/div>\n\t\t\t\t<\/div>\n\t\t<div class=\"elementor-element elementor-element-c178d55 e-con-full e-flex e-con e-child\" data-id=\"c178d55\" data-element_type=\"container\" data-e-type=\"container\" data-settings=\"{&quot;background_background&quot;:&quot;classic&quot;}\">\n\t\t\t\t<div class=\"elementor-element elementor-element-5605e1c elementor-widget elementor-widget-heading\" data-id=\"5605e1c\" data-element_type=\"widget\" data-e-type=\"widget\" data-widget_type=\"heading.default\">\n\t\t\t\t\t<h2 class=\"elementor-heading-title elementor-size-default\">Milyen eszk\u00f6z\u00f6kkel kereskedhetek?<\/h2>\t\t\t\t<\/div>\n\t\t\t\t<div class=\"elementor-element elementor-element-450da9a elementor-widget elementor-widget-text-editor\" data-id=\"450da9a\" data-element_type=\"widget\" data-e-type=\"widget\" data-widget_type=\"text-editor.default\">\n\t\t\t\t\t\t\t\t\t<p>Br\u00f3kereink sz\u00e1mos k\u00fcl\u00f6nb\u00f6z\u0151 eszk\u00f6zzel t\u00e1mogatj\u00e1k a keresked\u00e9st, bele\u00e9rtve a k\u00fcl\u00f6nb\u00f6z\u0151 kriptovalut\u00e1kat, mint p\u00e9ld\u00e1ul a Bitcoin (BTC), Ethereum (ETH), XRP (XRP), BNB (BNB), Tether (USDT), Cardano (ADA), Dogecoin (DOGE), Shiba Inu (SHIB), Avalanche (AVAX), Polygon (MATIC) \u00e9s Solana (SOL). A partnereink k\u00f6z\u00fcl sok br\u00f3ker m\u00e1s kereskedhet\u0151 eszk\u00f6z\u00f6ket is t\u00e1mogat, bele\u00e9rtve a r\u00e9szv\u00e9nyeket, a Forexet \u00e9s a CFD-ket, valamint az olyan \u00e1rucikkeket, mint az arany, az ez\u00fcst \u00e9s az olaj.<\/p>\t\t\t\t\t\t\t\t<\/div>\n\t\t\t\t<\/div>\n\t\t<div class=\"elementor-element elementor-element-3387eca e-con-full e-flex e-con e-child\" data-id=\"3387eca\" data-element_type=\"container\" data-e-type=\"container\" data-settings=\"{&quot;background_background&quot;:&quot;classic&quot;}\">\n\t\t\t\t<div class=\"elementor-element elementor-element-12f1420 elementor-widget elementor-widget-heading\" data-id=\"12f1420\" data-element_type=\"widget\" data-e-type=\"widget\" data-widget_type=\"heading.default\">\n\t\t\t\t\t<h2 class=\"elementor-heading-title elementor-size-default\">Alkalmas-e az azonnali csatlakoz\u00e1s az els\u0151 keresked\u0151k sz\u00e1m\u00e1ra?<\/h2>\t\t\t\t<\/div>\n\t\t\t\t<div class=\"elementor-element elementor-element-790c42b elementor-widget elementor-widget-text-editor\" data-id=\"790c42b\" data-element_type=\"widget\" data-e-type=\"widget\" data-widget_type=\"text-editor.default\">\n\t\t\t\t\t\t\t\t\t<p>Igen, az Immediate Connect hat\u00e1rozottan alkalmas kezd\u0151k \u00e9s minden m\u00e1s tapasztalati szint\u0171 keresked\u0151k sz\u00e1m\u00e1ra is! Gondoskodtunk arr\u00f3l, hogy platformunk k\u00f6nnyen navig\u00e1lhat\u00f3 legyen, \u00e9s minden szolg\u00e1ltat\u00e1sunk kezd\u0151bar\u00e1t legyen, \u00edgy nincs sz\u00fcks\u00e9g kor\u00e1bbi keresked\u00e9si tapasztalatra ahhoz, hogy sz\u00e1ml\u00e1t hozzon l\u00e9tre, \u00e9s csatlakozzon egyik funkci\u00f3gazdag br\u00f3ker\u00fcnkh\u00f6z.<\/p>\t\t\t\t\t\t\t\t<\/div>\n\t\t\t\t<\/div>\n\t\t<div class=\"elementor-element elementor-element-7cb36ec e-con-full e-flex e-con e-child\" data-id=\"7cb36ec\" data-element_type=\"container\" data-e-type=\"container\" data-settings=\"{&quot;background_background&quot;:&quot;classic&quot;}\">\n\t\t\t\t<div class=\"elementor-element elementor-element-bd736b4 elementor-widget elementor-widget-heading\" data-id=\"bd736b4\" data-element_type=\"widget\" data-e-type=\"widget\" data-widget_type=\"heading.default\">\n\t\t\t\t\t<h2 class=\"elementor-heading-title elementor-size-default\">Hogyan hozhatok l\u00e9tre egy fi\u00f3kot az Immediate Connectn\u00e9l?<\/h2>\t\t\t\t<\/div>\n\t\t\t\t<div class=\"elementor-element elementor-element-b36b32e elementor-widget elementor-widget-text-editor\" data-id=\"b36b32e\" data-element_type=\"widget\" data-e-type=\"widget\" data-widget_type=\"text-editor.default\">\n\t\t\t\t\t\t\t\t\t<p>Az Immediate Connect seg\u00edts\u00e9g\u00e9vel gyorsan \u00e9s egyszer\u0171en l\u00e9trehozhat egy fi\u00f3kot. Egyszer\u0171en l\u00e9pjen a \"Bejelentkez\u00e9s\" oldalra, \u00e9s t\u00f6ltse ki a regisztr\u00e1ci\u00f3s \u0171rlapot a teljes n\u00e9v \u00e9s el\u00e9rhet\u0151s\u00e9g megad\u00e1s\u00e1val. Nem sokkal k\u00e9s\u0151bb sz\u00e1m\u00edthat arra, hogy felveszi \u00d6nnel a kapcsolatot egy olyan br\u00f3ker, akivel az algoritmusunk \u00f6sszekapcsolta \u00d6nt. A hozz\u00e1rendelt br\u00f3kerrel megbesz\u00e9lheti preferenci\u00e1it \u00e9s c\u00e9ljait, miel\u0151tt p\u00e9nzt helyezne el a sz\u00e1ml\u00e1j\u00e1n. Ezt k\u00f6vet\u0151en k\u00e9szen \u00e1ll a keresked\u00e9s megkezd\u00e9s\u00e9re!<\/p>\t\t\t\t\t\t\t\t<\/div>\n\t\t\t\t<\/div>\n\t\t<div class=\"elementor-element elementor-element-6aef8a8 e-con-full e-flex e-con e-child\" data-id=\"6aef8a8\" data-element_type=\"container\" data-e-type=\"container\" data-settings=\"{&quot;background_background&quot;:&quot;classic&quot;}\">\n\t\t\t\t<div class=\"elementor-element elementor-element-9fb4d4d elementor-widget elementor-widget-heading\" data-id=\"9fb4d4d\" data-element_type=\"widget\" data-e-type=\"widget\" data-widget_type=\"heading.default\">\n\t\t\t\t\t<h2 class=\"elementor-heading-title elementor-size-default\">Mennyibe ker\u00fcl az Immediate Connect haszn\u00e1lata?<\/h2>\t\t\t\t<\/div>\n\t\t\t\t<div class=\"elementor-element elementor-element-cb14c07 elementor-widget elementor-widget-text-editor\" data-id=\"cb14c07\" data-element_type=\"widget\" data-e-type=\"widget\" data-widget_type=\"text-editor.default\">\n\t\t\t\t\t\t\t\t\t<p>Az azonnali csatlakoz\u00e1s 100% ingyenes minden felhaszn\u00e1l\u00f3 sz\u00e1m\u00e1ra! Mivel a partner br\u00f3kereink kompenz\u00e1lnak minket, b\u00fcszk\u00e9n \u00e1ll\u00edthatjuk, hogy a platformunkon sehol nincsenek rejtett d\u00edjak vagy k\u00f6lts\u00e9gek. Minden felhaszn\u00e1l\u00f3 ingyenesen navig\u00e1lhat a weboldalunkon, l\u00e9trehozhat egy fi\u00f3kot, \u00e9s lehet\u0151v\u00e9 teheti, hogy automatikus algoritmusunk hozz\u00e1rendelje \u0151ket egy br\u00f3kerhez. A felhaszn\u00e1l\u00f3knak azonban legal\u00e1bb 250 USD-t kell befizetni\u00fck, miel\u0151tt v\u00e9gleges\u00edthetik a sz\u00e1mla regisztr\u00e1ci\u00f3j\u00e1t \u00e9s elkezdhetik a keresked\u00e9st a kijel\u00f6lt br\u00f3keren kereszt\u00fcl.<\/p>\t\t\t\t\t\t\t\t<\/div>\n\t\t\t\t<\/div>\n\t\t<div class=\"elementor-element elementor-element-b73d891 e-con-full e-flex e-con e-child\" data-id=\"b73d891\" data-element_type=\"container\" data-e-type=\"container\" data-settings=\"{&quot;background_background&quot;:&quot;classic&quot;}\">\n\t\t\t\t<div class=\"elementor-element elementor-element-520c8e2 elementor-widget elementor-widget-heading\" data-id=\"520c8e2\" data-element_type=\"widget\" data-e-type=\"widget\" data-widget_type=\"heading.default\">\n\t\t\t\t\t<h2 class=\"elementor-heading-title elementor-size-default\">Lehet-e profitot termelni a kriptokereskedelemb\u0151l?<\/h2>\t\t\t\t<\/div>\n\t\t\t\t<div class=\"elementor-element elementor-element-34d73ba elementor-widget elementor-widget-text-editor\" data-id=\"34d73ba\" data-element_type=\"widget\" data-e-type=\"widget\" data-widget_type=\"text-editor.default\">\n\t\t\t\t\t\t\t\t\t<p>Nem garant\u00e1lt, hogy \u00d6n vagy b\u00e1rmely m\u00e1s keresked\u0151 nyeres\u00e9get fog el\u00e9rni a kriptokereskedelemb\u0151l, m\u00e9g akkor sem, ha a br\u00f3kereink \u00e1ltal k\u00edn\u00e1lt eszk\u00f6z\u00f6ket \u00e9s szolg\u00e1ltat\u00e1sokat haszn\u00e1lja. A kriptop\u00e9nzpiac rendk\u00edv\u00fcl volatilis, \u00e9s m\u00e9g a nagyon tapasztalt keresked\u0151k is ki vannak t\u00e9ve annak a vesz\u00e9lynek, hogy elvesz\u00edtik a vagyonukat. Ahhoz azonban, hogy n\u00f6velje az es\u00e9lyeit arra, hogy potenci\u00e1lisan nyeres\u00e9get \u00e9rjen el a kriptokereskedelemb\u0151l, aj\u00e1nlatos b\u0151s\u00e9ges kutat\u00e1st v\u00e9gezni, figyelembe venni a kock\u00e1zatt\u0171r\u0151 k\u00e9pess\u00e9g\u00e9t, \u00e9s diverzifik\u00e1lt portf\u00f3li\u00f3t \u00e9p\u00edteni.<\/p>\t\t\t\t\t\t\t\t<\/div>\n\t\t\t\t<\/div>\n\t\t\t\t\t<\/div>\n\t\t\t\t<\/div>\n\t\t\t\t<\/div>","protected":false},"excerpt":{"rendered":"<p>Frequently Asked Questions Here, you\u2019ll find the answers to the most frequently asked questions about our platform, services, and the brokers we partner with! What Is Immediate Connect? Immediate Connect is a marketing tool whose purpose is to bridge the gap between traders and brokers. This platform was designed to make trading more accessible, even [&hellip;]<\/p>\n","protected":false},"author":1,"featured_media":0,"parent":0,"menu_order":0,"comment_status":"closed","ping_status":"closed","template":"elementor_header_footer","meta":{"footnotes":""},"class_list":["post-241","page","type-page","status-publish","hentry"],"_links":{"self":[{"href":"https:\/\/immediateconnect.biz\/hu\/wp-json\/wp\/v2\/pages\/241","targetHints":{"allow":["GET"]}}],"collection":[{"href":"https:\/\/immediateconnect.biz\/hu\/wp-json\/wp\/v2\/pages"}],"about":[{"href":"https:\/\/immediateconnect.biz\/hu\/wp-json\/wp\/v2\/types\/page"}],"author":[{"embeddable":true,"href":"https:\/\/immediateconnect.biz\/hu\/wp-json\/wp\/v2\/users\/1"}],"replies":[{"embeddable":true,"href":"https:\/\/immediateconnect.biz\/hu\/wp-json\/wp\/v2\/comments?post=241"}],"version-history":[{"count":31,"href":"https:\/\/immediateconnect.biz\/hu\/wp-json\/wp\/v2\/pages\/241\/revisions"}],"predecessor-version":[{"id":1563,"href":"https:\/\/immediateconnect.biz\/hu\/wp-json\/wp\/v2\/pages\/241\/revisions\/1563"}],"wp:attachment":[{"href":"https:\/\/immediateconnect.biz\/hu\/wp-json\/wp\/v2\/media?parent=241"}],"curies":[{"name":"wp","href":"https:\/\/api.w.org\/{rel}","templated":true}]}}