{"id":222,"date":"2023-08-24T09:40:47","date_gmt":"2023-08-24T09:40:47","guid":{"rendered":"https:\/\/immediateconnect.biz\/?page_id=222"},"modified":"2025-12-10T06:53:22","modified_gmt":"2025-12-10T06:53:22","slug":"korulbelul","status":"publish","type":"page","link":"https:\/\/immediateconnect.biz\/hu\/about\/","title":{"rendered":"A  oldalr\u00f3l"},"content":{"rendered":"<div data-elementor-type=\"wp-page\" data-elementor-id=\"222\" class=\"elementor elementor-222\" data-elementor-post-type=\"page\">\n\t\t\t\t<div class=\"elementor-element elementor-element-1f80fca e-flex e-con-boxed e-con e-parent\" data-id=\"1f80fca\" data-element_type=\"container\" data-e-type=\"container\" data-settings=\"{&quot;background_background&quot;:&quot;gradient&quot;}\">\n\t\t\t\t\t<div class=\"e-con-inner\">\n\t\t\t\t<div class=\"elementor-element elementor-element-1217b5a elementor-widget elementor-widget-heading\" data-id=\"1217b5a\" data-element_type=\"widget\" data-e-type=\"widget\" data-widget_type=\"heading.default\">\n\t\t\t\t\t<h1 class=\"elementor-heading-title elementor-size-default\">R\u00f3lunk<\/h1>\t\t\t\t<\/div>\n\t\t\t\t<div class=\"elementor-element elementor-element-6b81b3f elementor-widget elementor-widget-text-editor\" data-id=\"6b81b3f\" data-element_type=\"widget\" data-e-type=\"widget\" data-widget_type=\"text-editor.default\">\n\t\t\t\t\t\t\t\t\t<p>Tudjon meg t\u00f6bbet az Immediate Connect platformr\u00f3l, \u00e9s fedezze fel, hogyan igyeksz\u00fcnk megv\u00e1ltoztatni a r\u00e9szv\u00e9nykeresked\u00e9s helyzet\u00e9t a felhaszn\u00e1l\u00f3k sz\u00e1m\u00e1ra vil\u00e1gszerte!<\/p>\t\t\t\t\t\t\t\t<\/div>\n\t\t\t\t\t<\/div>\n\t\t\t\t<\/div>\n\t\t<div class=\"elementor-element elementor-element-c59ca0c e-flex e-con-boxed e-con e-parent\" data-id=\"c59ca0c\" data-element_type=\"container\" data-e-type=\"container\" data-settings=\"{&quot;background_background&quot;:&quot;classic&quot;}\">\n\t\t\t\t\t<div class=\"e-con-inner\">\n\t\t<div class=\"elementor-element elementor-element-ebac9cf e-con-full e-flex e-con e-child\" data-id=\"ebac9cf\" data-element_type=\"container\" data-e-type=\"container\">\n\t\t\t\t<div class=\"elementor-element elementor-element-b1b5e85 elementor-widget elementor-widget-heading\" data-id=\"b1b5e85\" data-element_type=\"widget\" data-e-type=\"widget\" data-widget_type=\"heading.default\">\n\t\t\t\t\t<h2 class=\"elementor-heading-title elementor-size-default\">\u00c9rt\u00e9keink<\/h2>\t\t\t\t<\/div>\n\t\t\t\t<div class=\"elementor-element elementor-element-f56ff0f elementor-widget elementor-widget-text-editor\" data-id=\"f56ff0f\" data-element_type=\"widget\" data-e-type=\"widget\" data-widget_type=\"text-editor.default\">\n\t\t\t\t\t\t\t\t\t<p>Az Immediate Connectnek h\u00e1rom f\u0151 \u00e9rt\u00e9ke van, amelyeket figyelembe vett\u00fcnk a platform kialak\u00edt\u00e1sakor \u00e9s a br\u00f3kerek kiv\u00e1laszt\u00e1sakor, akikkel egy\u00fcttm\u0171k\u00f6d\u00fcnk. Ezek a k\u00f6vetkez\u0151k:<\/p>\t\t\t\t\t\t\t\t<\/div>\n\t\t\t\t<div class=\"elementor-element elementor-element-900c73a elementor-widget elementor-widget-text-editor\" data-id=\"900c73a\" data-element_type=\"widget\" data-e-type=\"widget\" data-widget_type=\"text-editor.default\">\n\t\t\t\t\t\t\t\t\t<ul class=\"text-white\"><li>Mindenkinek lehet\u0151s\u00e9get kell adni arra, hogy r\u00e9szv\u00e9nyekbe \u00e9s egy\u00e9b eszk\u00f6z\u00f6kbe fektessen.<\/li><li>A keresked\u00e9s vil\u00e1g\u00e1nak hozz\u00e1f\u00e9rhet\u0151nek \u00e9s bar\u00e1ts\u00e1gosnak kell lennie b\u00e1rmilyen tapasztalati szint\u0171 keresked\u0151k sz\u00e1m\u00e1ra.<\/li><li>A br\u00f3kereknek teljes k\u00f6r\u0171nek, t\u00e1mogat\u00f3nak \u00e9s kezd\u0151bar\u00e1tnak kell lenni\u00fck, lehet\u0151v\u00e9 t\u00e9ve b\u00e1rmely keresked\u0151 sz\u00e1m\u00e1ra, hogy k\u00f6nnyen ig\u00e9nybe vehesse szolg\u00e1ltat\u00e1saikat.<\/li><\/ul>\t\t\t\t\t\t\t\t<\/div>\n\t\t\t\t<div class=\"elementor-element elementor-element-1d61d43 elementor-widget elementor-widget-text-editor\" data-id=\"1d61d43\" data-element_type=\"widget\" data-e-type=\"widget\" data-widget_type=\"text-editor.default\">\n\t\t\t\t\t\t\t\t\t<p>C\u00e9lunk, hogy a keresked\u00e9st el\u00e9rhet\u0151v\u00e9 \u00e9s stresszmentess\u00e9 tegy\u00fck a kezd\u0151k sz\u00e1m\u00e1ra. A legjobb br\u00f3kerekkel egy\u00fcttm\u0171k\u00f6dve leegyszer\u0171s\u00edtj\u00fck a folyamatot az\u00e1ltal, hogy megfelel\u0151 t\u00e1mogat\u00e1st biztos\u00edtunk \u00d6nnek, \u00edgy \u00d6n a tanul\u00e1sra \u00f6sszpontos\u00edthat an\u00e9lk\u00fcl, hogy agg\u00f3dnia kellene a k\u00f6lts\u00e9ges hib\u00e1k miatt. Br\u00f3kereink kezd\u0151bar\u00e1t eszk\u00f6z\u00f6ket, forr\u00e1sokat \u00e9s m\u00e9g dem\u00f3sz\u00e1ml\u00e1kat is biztos\u00edtanak, hogy kock\u00e1zatmentesen gyakorolhassanak \u00e9s \u00f6nbizalmat \u00e9p\u00edtsenek, miel\u0151tt val\u00f3di p\u00e9nzt fektetn\u00e9nek be. Kezdje keresked\u00e9si \u00fatj\u00e1t k\u00f6nnyed\u00e9n \u00e9s szem\u00e9lyre szabott t\u00e1mogat\u00e1ssal b\u00e1rmilyen tapasztalati szinten!<\/p>\t\t\t\t\t\t\t\t<\/div>\n\t\t\t\t<\/div>\n\t\t<div class=\"elementor-element elementor-element-ff7c6ba e-con-full e-flex e-con e-child\" data-id=\"ff7c6ba\" data-element_type=\"container\" data-e-type=\"container\">\n\t\t\t\t<div class=\"elementor-element elementor-element-9043b3b elementor-widget-mobile__width-initial elementor-widget elementor-widget-image\" data-id=\"9043b3b\" data-element_type=\"widget\" data-e-type=\"widget\" data-widget_type=\"image.default\">\n\t\t\t\t\t\t\t\t\t\t\t\t\t\t\t<img fetchpriority=\"high\" decoding=\"async\" width=\"800\" height=\"450\" src=\"https:\/\/immediateconnect.biz\/wp-content\/uploads\/2024\/02\/bg-hero-1_11zon.webp\" class=\"attachment-large size-large wp-image-607\" alt=\"trade with immediate connect\" srcset=\"https:\/\/immediateconnect.biz\/wp-content\/uploads\/2024\/02\/bg-hero-1_11zon.webp 1000w, https:\/\/immediateconnect.biz\/wp-content\/uploads\/2024\/02\/bg-hero-1_11zon-300x169.webp 300w, https:\/\/immediateconnect.biz\/wp-content\/uploads\/2024\/02\/bg-hero-1_11zon-768x432.webp 768w\" sizes=\"(max-width: 800px) 100vw, 800px\" \/>\t\t\t\t\t\t\t\t\t\t\t\t\t\t\t<\/div>\n\t\t\t\t<\/div>\n\t\t\t\t\t<\/div>\n\t\t\t\t<\/div>\n\t\t<div class=\"elementor-element elementor-element-4fefd7f e-flex e-con-boxed e-con e-parent\" data-id=\"4fefd7f\" data-element_type=\"container\" data-e-type=\"container\" data-settings=\"{&quot;background_background&quot;:&quot;classic&quot;}\">\n\t\t\t\t\t<div class=\"e-con-inner\">\n\t\t<div class=\"elementor-element elementor-element-fe8598c e-con-full e-flex e-con e-child\" data-id=\"fe8598c\" data-element_type=\"container\" data-e-type=\"container\">\n\t\t\t\t<div class=\"elementor-element elementor-element-17c3574 elementor-widget elementor-widget-spacer\" data-id=\"17c3574\" data-element_type=\"widget\" data-e-type=\"widget\" data-widget_type=\"spacer.default\">\n\t\t\t\t\t\t\t<div class=\"elementor-spacer\">\n\t\t\t<div class=\"elementor-spacer-inner\"><\/div>\n\t\t<\/div>\n\t\t\t\t\t\t<\/div>\n\t\t<div class=\"elementor-element elementor-element-df92ba6 e-con-full e-flex e-con e-child\" data-id=\"df92ba6\" data-element_type=\"container\" data-e-type=\"container\">\n\t\t<div class=\"elementor-element elementor-element-d714503 e-con-full e-flex e-con e-child\" data-id=\"d714503\" data-element_type=\"container\" data-e-type=\"container\" data-settings=\"{&quot;background_background&quot;:&quot;classic&quot;}\">\n\t\t\t\t<div class=\"elementor-element elementor-element-8afc750 elementor-widget elementor-widget-heading\" data-id=\"8afc750\" data-element_type=\"widget\" data-e-type=\"widget\" data-widget_type=\"heading.default\">\n\t\t\t\t\t<h2 class=\"elementor-heading-title elementor-size-default\">Csatlakozzon a r\u00e9szv\u00e9nyek forradalm\u00e1hoz az Immediate Connect seg\u00edts\u00e9g\u00e9vel<\/h2>\t\t\t\t<\/div>\n\t\t\t\t<div class=\"elementor-element elementor-element-73527c5 elementor-widget elementor-widget-text-editor\" data-id=\"73527c5\" data-element_type=\"widget\" data-e-type=\"widget\" data-widget_type=\"text-editor.default\">\n\t\t\t\t\t\t\t\t\t<p>Szeretn\u00e9d portf\u00f3li\u00f3dat egy forradalmian \u00faj eszk\u00f6zzel diverzifik\u00e1lni? Fontold meg a r\u00e9szv\u00e9nyekkel \u00e9s piaci eszk\u00f6z\u00f6kkel val\u00f3 keresked\u00e9st! Ezek a befektet\u00e9sek egyre n\u00e9pszer\u0171bbek, a val\u00f3s felhaszn\u00e1l\u00e1si esetek \u00e9s a n\u00f6vekv\u0151 glob\u00e1lis elfogadotts\u00e1g n\u00f6velik \u00e9rt\u00e9k\u00fcket. A piaci eszk\u00f6z\u00f6k azonban tov\u00e1bbra is spekulat\u00edv jelleg\u0171ek, ez\u00e9rt b\u00f6lcsen fektess be, \u00e9s csak annyit, amennyit megengedhetsz magadnak elvesz\u00edteni.<\/p><p>Ha nem a r\u00e9szv\u00e9nyeket v\u00e1lasztja, br\u00f3kereink m\u00e1s kereskedhet\u0151 eszk\u00f6z\u00f6ket k\u00edn\u00e1lnak, mint p\u00e9ld\u00e1ul r\u00e9szv\u00e9nyek, CFD-k, Forex, olaj, arany \u00e9s ez\u00fcst, hogy seg\u00edtsenek diverzifik\u00e1lt portf\u00f3li\u00f3 fel\u00e9p\u00edt\u00e9s\u00e9ben. Ink\u00e1bb p\u00e9nz\u00fcgyi eszk\u00f6z\u00f6kkel kereskednek? Kezdje el most, hogy megragadja a potenci\u00e1lis lehet\u0151s\u00e9geket olyan n\u00e9pszer\u0171 opci\u00f3kkal, mint az Ethereum, Ripple, Solana \u00e9s m\u00e9g sok m\u00e1s.<\/p><p>Csatlakozzon az Immediate Connecthez m\u00e9g ma, hogy tal\u00e1lkozzon egy br\u00f3kerrel, \u00e9s szak\u00e9rt\u0151i t\u00e1mogat\u00e1ssal kezdje meg keresked\u00e9si \u00fatj\u00e1t!<\/p>\t\t\t\t\t\t\t\t<\/div>\n\t\t\t\t<div class=\"elementor-element elementor-element-f0d5321 elementor-align-center elementor-widget elementor-widget-button\" data-id=\"f0d5321\" data-element_type=\"widget\" data-e-type=\"widget\" data-widget_type=\"button.default\">\n\t\t\t\t\t\t\t\t\t\t<a class=\"elementor-button elementor-button-link elementor-size-sm elementor-animation-grow\" href=\"https:\/\/immediateconnect.biz\/hu\/lepjen-kapcsolatba-velunk\/#registration\">\n\t\t\t\t\t\t<span class=\"elementor-button-content-wrapper\">\n\t\t\t\t\t\t\t\t\t<span class=\"elementor-button-text\">INGYENES REGISZTR\u00c1CI\u00d3<\/span>\n\t\t\t\t\t<\/span>\n\t\t\t\t\t<\/a>\n\t\t\t\t\t\t\t\t<\/div>\n\t\t\t\t<\/div>\n\t\t\t\t<\/div>\n\t\t\t\t<div class=\"elementor-element elementor-element-643a75c elementor-widget elementor-widget-spacer\" data-id=\"643a75c\" data-element_type=\"widget\" data-e-type=\"widget\" data-widget_type=\"spacer.default\">\n\t\t\t\t\t\t\t<div class=\"elementor-spacer\">\n\t\t\t<div class=\"elementor-spacer-inner\"><\/div>\n\t\t<\/div>\n\t\t\t\t\t\t<\/div>\n\t\t\t\t<\/div>\n\t\t\t\t\t<\/div>\n\t\t\t\t<\/div>\n\t\t\t\t<\/div>","protected":false},"excerpt":{"rendered":"<p>About Us Find out more about the Immediate Connect platform and discover how we aim to change the state of Equity trading for users worldwide! Our Values Immediate Connect has three main values that we\u2019ve considered when designing this platform and choosing brokers to partner with. They are as follows: Everyone should be given the [&hellip;]<\/p>\n","protected":false},"author":1,"featured_media":0,"parent":0,"menu_order":0,"comment_status":"closed","ping_status":"closed","template":"elementor_header_footer","meta":{"footnotes":""},"class_list":["post-222","page","type-page","status-publish","hentry"],"_links":{"self":[{"href":"https:\/\/immediateconnect.biz\/hu\/wp-json\/wp\/v2\/pages\/222","targetHints":{"allow":["GET"]}}],"collection":[{"href":"https:\/\/immediateconnect.biz\/hu\/wp-json\/wp\/v2\/pages"}],"about":[{"href":"https:\/\/immediateconnect.biz\/hu\/wp-json\/wp\/v2\/types\/page"}],"author":[{"embeddable":true,"href":"https:\/\/immediateconnect.biz\/hu\/wp-json\/wp\/v2\/users\/1"}],"replies":[{"embeddable":true,"href":"https:\/\/immediateconnect.biz\/hu\/wp-json\/wp\/v2\/comments?post=222"}],"version-history":[{"count":58,"href":"https:\/\/immediateconnect.biz\/hu\/wp-json\/wp\/v2\/pages\/222\/revisions"}],"predecessor-version":[{"id":1665,"href":"https:\/\/immediateconnect.biz\/hu\/wp-json\/wp\/v2\/pages\/222\/revisions\/1665"}],"wp:attachment":[{"href":"https:\/\/immediateconnect.biz\/hu\/wp-json\/wp\/v2\/media?parent=222"}],"curies":[{"name":"wp","href":"https:\/\/api.w.org\/{rel}","templated":true}]}}