{"id":1394,"date":"2025-03-17T05:57:44","date_gmt":"2025-03-17T05:57:44","guid":{"rendered":"https:\/\/immediateconnect.biz\/?page_id=1394"},"modified":"2025-07-01T10:07:37","modified_gmt":"2025-07-01T10:07:37","slug":"letoltes-amazon-alkalmazas","status":"publish","type":"page","link":"https:\/\/immediateconnect.biz\/hu\/download-amazon-app\/","title":{"rendered":"Download Amazon App"},"content":{"rendered":"<div data-elementor-type=\"wp-page\" data-elementor-id=\"1394\" class=\"elementor elementor-1394\" data-elementor-post-type=\"page\">\n\t\t\t\t<div class=\"elementor-element elementor-element-448dc42 e-flex e-con-boxed e-con e-parent\" data-id=\"448dc42\" data-element_type=\"container\" data-e-type=\"container\" data-settings=\"{&quot;background_background&quot;:&quot;classic&quot;}\">\n\t\t\t\t\t<div class=\"e-con-inner\">\n\t\t<div class=\"elementor-element elementor-element-2b468f0 e-con-full e-flex e-con e-child\" data-id=\"2b468f0\" data-element_type=\"container\" data-e-type=\"container\">\n\t\t\t\t<div class=\"elementor-element elementor-element-3b734a2 elementor-widget__width-initial elementor-widget elementor-widget-heading\" data-id=\"3b734a2\" data-element_type=\"widget\" data-e-type=\"widget\" data-widget_type=\"heading.default\">\n\t\t\t\t\t<h1 class=\"elementor-heading-title elementor-size-default\">Hogyan telep\u00edts\u00fcnk alkalmaz\u00e1st az AWS Appstore-b\u00f3l Android telefonra<\/h1>\t\t\t\t<\/div>\n\t\t\t\t<div class=\"elementor-element elementor-element-b740b1e elementor-widget elementor-widget-text-editor\" data-id=\"b740b1e\" data-element_type=\"widget\" data-e-type=\"widget\" data-widget_type=\"text-editor.default\">\n\t\t\t\t\t\t\t\t\t<ol><li>Telep\u00edtsd az Amazon AppStore-t.<\/li><li>Hozz l\u00e9tre fi\u00f3kot, \u00e9s jelentkezz be az Amazon AppStore-ba.<\/li><li>Keresd meg az \u201eImmediate Connect\u201d alkalmaz\u00e1st, \u00e9s kattints r\u00e1. <a style=\"color: #f76207;\" href=\"https:\/\/www.amazon.com\/gp\/product\/B0F1FFDMYC\" target=\"_blank\" rel=\"noopener\">Alkalmaz\u00e1s let\u00f6lt\u00e9se<\/a>.<\/li><li>Telep\u00edtse \u00e9s haszn\u00e1lja az alkalmaz\u00e1st.<\/li><\/ol>\t\t\t\t\t\t\t\t<\/div>\n\t\t\t\t<\/div>\n\t\t<div class=\"elementor-element elementor-element-e27b0f1 e-con-full e-flex e-con e-child\" data-id=\"e27b0f1\" data-element_type=\"container\" data-e-type=\"container\">\n\t\t\t\t<div class=\"elementor-element elementor-element-4c34184 elementor-widget__width-initial elementor-widget-tablet__width-initial elementor-widget elementor-widget-image\" data-id=\"4c34184\" data-element_type=\"widget\" data-e-type=\"widget\" data-widget_type=\"image.default\">\n\t\t\t\t\t\t\t\t\t\t\t\t\t\t\t<img fetchpriority=\"high\" decoding=\"async\" width=\"561\" height=\"1024\" src=\"https:\/\/immediateconnect.biz\/wp-content\/uploads\/2025\/03\/Immediateconnect-amazon-screenshot-561x1024.webp\" class=\"attachment-large size-large wp-image-1399\" alt=\"\" srcset=\"https:\/\/immediateconnect.biz\/wp-content\/uploads\/2025\/03\/Immediateconnect-amazon-screenshot-561x1024.webp 561w, https:\/\/immediateconnect.biz\/wp-content\/uploads\/2025\/03\/Immediateconnect-amazon-screenshot-164x300.webp 164w, https:\/\/immediateconnect.biz\/wp-content\/uploads\/2025\/03\/Immediateconnect-amazon-screenshot-768x1403.webp 768w, https:\/\/immediateconnect.biz\/wp-content\/uploads\/2025\/03\/Immediateconnect-amazon-screenshot-841x1536.webp 841w, https:\/\/immediateconnect.biz\/wp-content\/uploads\/2025\/03\/Immediateconnect-amazon-screenshot-1121x2048.webp 1121w, https:\/\/immediateconnect.biz\/wp-content\/uploads\/2025\/03\/Immediateconnect-amazon-screenshot-7x12.webp 7w, https:\/\/immediateconnect.biz\/wp-content\/uploads\/2025\/03\/Immediateconnect-amazon-screenshot-scaled.webp 1402w\" sizes=\"(max-width: 561px) 100vw, 561px\" \/>\t\t\t\t\t\t\t\t\t\t\t\t\t\t\t<\/div>\n\t\t\t\t<\/div>\n\t\t\t\t\t<\/div>\n\t\t\t\t<\/div>\n\t\t\t\t<\/div>","protected":false},"excerpt":{"rendered":"<p>How to install app from AWS Appstore to android Phone Install the Amazon AppStore. Create account and login to Amazon AppStore. Search for app \u201cImmediate Connect\u201d and click Get App. Install and use App.<\/p>","protected":false},"author":1,"featured_media":0,"parent":0,"menu_order":0,"comment_status":"closed","ping_status":"closed","template":"elementor_header_footer","meta":{"footnotes":""},"class_list":["post-1394","page","type-page","status-publish","hentry"],"_links":{"self":[{"href":"https:\/\/immediateconnect.biz\/hu\/wp-json\/wp\/v2\/pages\/1394","targetHints":{"allow":["GET"]}}],"collection":[{"href":"https:\/\/immediateconnect.biz\/hu\/wp-json\/wp\/v2\/pages"}],"about":[{"href":"https:\/\/immediateconnect.biz\/hu\/wp-json\/wp\/v2\/types\/page"}],"author":[{"embeddable":true,"href":"https:\/\/immediateconnect.biz\/hu\/wp-json\/wp\/v2\/users\/1"}],"replies":[{"embeddable":true,"href":"https:\/\/immediateconnect.biz\/hu\/wp-json\/wp\/v2\/comments?post=1394"}],"version-history":[{"count":13,"href":"https:\/\/immediateconnect.biz\/hu\/wp-json\/wp\/v2\/pages\/1394\/revisions"}],"predecessor-version":[{"id":1602,"href":"https:\/\/immediateconnect.biz\/hu\/wp-json\/wp\/v2\/pages\/1394\/revisions\/1602"}],"wp:attachment":[{"href":"https:\/\/immediateconnect.biz\/hu\/wp-json\/wp\/v2\/media?parent=1394"}],"curies":[{"name":"wp","href":"https:\/\/api.w.org\/{rel}","templated":true}]}}