{"id":1161,"date":"2024-12-19T06:59:08","date_gmt":"2024-12-19T06:59:08","guid":{"rendered":"https:\/\/immediateconnect.biz\/?page_id=1161"},"modified":"2025-12-10T06:17:18","modified_gmt":"2025-12-10T06:17:18","slug":"lepjen-kapcsolatba-velunk","status":"publish","type":"page","link":"https:\/\/immediateconnect.biz\/hu\/contact-us\/","title":{"rendered":"L\u00e9pjen kapcsolatba vel\u00fcnk"},"content":{"rendered":"<div data-elementor-type=\"wp-page\" data-elementor-id=\"1161\" class=\"elementor elementor-1161\" data-elementor-post-type=\"page\">\n\t\t\t\t<div class=\"elementor-element elementor-element-cb932a6 e-flex e-con-boxed e-con e-parent\" data-id=\"cb932a6\" data-element_type=\"container\" data-e-type=\"container\" data-settings=\"{&quot;background_background&quot;:&quot;gradient&quot;}\">\n\t\t\t\t\t<div class=\"e-con-inner\">\n\t\t\t\t<div class=\"elementor-element elementor-element-935fe8f elementor-widget elementor-widget-heading\" data-id=\"935fe8f\" data-element_type=\"widget\" data-e-type=\"widget\" data-widget_type=\"heading.default\">\n\t\t\t\t\t<h1 class=\"elementor-heading-title elementor-size-default\">L\u00e9pjen kapcsolatba vel\u00fcnk<\/h1>\t\t\t\t<\/div>\n\t\t\t\t\t<\/div>\n\t\t\t\t<\/div>\n\t\t<div class=\"elementor-element elementor-element-3b75505 e-flex e-con-boxed e-con e-parent\" data-id=\"3b75505\" data-element_type=\"container\" data-e-type=\"container\" data-settings=\"{&quot;background_background&quot;:&quot;classic&quot;}\">\n\t\t\t\t\t<div class=\"e-con-inner\">\n\t\t<div class=\"elementor-element elementor-element-84896d7 e-con-full e-flex e-con e-child\" data-id=\"84896d7\" data-element_type=\"container\" data-e-type=\"container\">\n\t\t\t\t<div class=\"elementor-element elementor-element-330b72d elementor-widget elementor-widget-text-editor\" data-id=\"330b72d\" data-element_type=\"widget\" data-e-type=\"widget\" data-widget_type=\"text-editor.default\">\n\t\t\t\t\t\t\t\t\t<p>K\u00e9rd\u00e9sei vannak, vagy seg\u00edts\u00e9gre van sz\u00fcks\u00e9ge? Forduljon hozz\u00e1nk regisztr\u00e1ci\u00f3s \u0171rlapunkon vagy \u00e9l\u0151 chaten kereszt\u00fcl gyors \u00e9s szem\u00e9lyre szabott t\u00e1mogat\u00e1s\u00e9rt. Az\u00e9rt vagyunk itt, hogy seg\u00edts\u00fcnk az \u00fat minden l\u00e9p\u00e9s\u00e9ben!<\/p>\t\t\t\t\t\t\t\t<\/div>\n\t\t\t\t<div class=\"elementor-element elementor-element-a872bbd elementor-align-center elementor-widget elementor-widget-button\" data-id=\"a872bbd\" data-element_type=\"widget\" data-e-type=\"widget\" data-widget_type=\"button.default\">\n\t\t\t\t\t\t\t\t\t\t<a class=\"elementor-button elementor-button-link elementor-size-sm elementor-animation-grow\" href=\"#replain-link\">\n\t\t\t\t\t\t<span class=\"elementor-button-content-wrapper\">\n\t\t\t\t\t\t\t\t\t<span class=\"elementor-button-text\">Ind\u00edtson el egy \u00e9l\u0151 cseveg\u00e9st<\/span>\n\t\t\t\t\t<\/span>\n\t\t\t\t\t<\/a>\n\t\t\t\t\t\t\t\t<\/div>\n\t\t\t\t<\/div>\n\t\t<div class=\"elementor-element elementor-element-23d8579 e-con-full e-flex e-con e-child\" data-id=\"23d8579\" data-element_type=\"container\" data-e-type=\"container\">\n\t\t\t\t<div class=\"elementor-element elementor-element-87d6a8c elementor-widget__width-initial elementor-widget-tablet__width-inherit elementor-widget elementor-widget-shortcode\" data-id=\"87d6a8c\" data-element_type=\"widget\" data-e-type=\"widget\" id=\"registration\" data-widget_type=\"shortcode.default\">\n\t\t\t\t\t\t\t<div class=\"elementor-shortcode\"><style>\n\t.form-wrapper-trade .formheading {\n\t\tfont-size: ;\n\t\tfont-weight: ;\n\t}\n\n\t@media screen and (max-width: 768px) {\n\t\t.form-wrapper-trade .formheading {\n\t\t\tfont-size: ;\n\t\t\tfont-weight: ;\n\t\t}\n\t}\n\t.form-wrapper-trade,\n\t#customFormWidget {\n\t\tfont-family: 'Poppins', sans-serif;\n\t}\n\t.form-wrapper-trade {\n\t\twidth: 100%;\n\t\tmax-width: 100%; \n\t\tbackground: #0e253b;\n\t\tmargin: 0 auto;\n\t\tpadding: 25px 30px;\n\t\tborder-radius: 10px;\n\t\tbox-shadow: 0 5px 15px rgba(0,0,0,0.1);\n        \/* margin-bottom: 30px !important; *\/\n\t}\n\t@media screen and (max-width: 991px) {\n\t\t.form-wrapper-trade {\n\t\t\twidth: 100% !important;\n\t\t\tmax-width: 100%;\n\t\t}\n\t}\n\n\t.form-label {\n\t\tdisplay: block;\n\t\tmargin-bottom: 5px;\n\t\tfont-weight: 500;\n\t\tcolor: #ffffff !important;\n\t}\n\tbutton.form-control {\n\t\ttransition: all 0.3s ease;\n\t}\n<\/style>\n<div class=\"form-wrapper-trade\" style=\"max-width: 500px; margin: 0 auto;\">\n\t<div class=\"preloader\" id=\"preloader\"><div class=\"spinner\"><\/div><\/div>\n\n\t<p class=\"formheading form-label\">FEDEZZE FEL A KERESKEDELMI SIKERHEZ VAL\u00d3 \u00daJ \u00daTOKAT<\/p>\n\n\t<form id=\"customFormWidget\" autocomplete=\"off\" action=\"\">\n\t\t<div class=\"form-group\">\n\t\t\t<label for=\"firstName\" class=\"form-label\">Keresztn\u00e9v<\/label>\n\t\t\t<input id=\"firstName\" name=\"firstName\" type=\"text\" class=\"form-control\" required \/>\n\t\t<\/div>\n\n\t\t<div class=\"form-group\">\n\t\t\t<label for=\"lastName\" class=\"form-label\">Vezet\u00e9kn\u00e9v<\/label>\n\t\t\t<input id=\"lastName\" name=\"lastName\" type=\"text\" class=\"form-control\" required \/>\n\t\t<\/div>\n\n\t\t<div class=\"form-group\">\n\t\t\t<label for=\"email\" class=\"form-label\">E-mail<\/label>\n\t\t\t<input id=\"email\" name=\"email\" type=\"email\" class=\"form-control\" required \/>\n\t\t<\/div>\n\n\t\t<div class=\"form-group\">\n\t\t\t<label for=\"phone\" class=\"form-label\">Telefonsz\u00e1m<\/label>\n\t\t\t<input id=\"phone\" name=\"phone\" type=\"tel\" class=\"form-control\" style=\"width:100%\" required \/>\n\t\t<\/div>\n\n\t\t<div class=\"form-group\">\n\t\t\t<button \n\t\t\t\t\ttype=\"submit\" \n\t\t\t\t\tclass=\"form-control\"\n\t\t\t\t\tstyle=\"background-color: #000000; \t\t\t\t\t\t   color: #ffffff; \t\t\t\t\t\t   border-radius: 10px;\">\n\t\t\t\tREGISZTR\u00c1CI\u00d3 MOST\t\t\t<\/button>\n\t\t<\/div>\n\n\t\t<div id=\"formErrorMessage\" class=\"form-message\"><\/div>\n\n\t\t<div class=\"fortp\">\n\t\t\t<p style=\"font-size: 15px;color: white;font-family: Poppins, sans-serif;text-align: center\" class=\"translation-block\">Felt\u00e9tlen\u00fcl tekintse \u00e1t \u00e9s fogadja el az\n<a href=\"https:\/\/immediateconnect.biz\/hu\/adatvedelmi-politika\/\" style=\"color: white;font-size: 17px;font-weight: bold\" target=\"_self\">Adatv\u00e9delmi ir\u00e1nyelveinket<\/a>\n\u00e9s az\n<a href=\"https:\/\/immediateconnect.biz\/hu\/feltetelek-es-kikotesek\/\" style=\"color: white;font-size: 17px;font-weight: bold\" target=\"_self\">\u00c1ltal\u00e1nos Szerz\u0151d\u00e9si Felt\u00e9teleinket<\/a>.<\/p>\r\n\t\t<\/div>\n\t<input type=\"hidden\" name=\"trp-form-language\" value=\"hu\"\/><\/form>\n<\/div>\n<\/div>\n\t\t\t\t\t\t<\/div>\n\t\t\t\t<\/div>\n\t\t\t\t\t<\/div>\n\t\t\t\t<\/div>\n\t\t\t\t<\/div>","protected":false},"excerpt":{"rendered":"<p>Contact Us Have questions or need assistance? Reach out to us via our registration form or live chat for quick and personalized support. We&#8217;re here to help you every step of the way! Launch a Live Chat<\/p>","protected":false},"author":1,"featured_media":0,"parent":0,"menu_order":0,"comment_status":"closed","ping_status":"closed","template":"elementor_header_footer","meta":{"footnotes":""},"class_list":["post-1161","page","type-page","status-publish","hentry"],"_links":{"self":[{"href":"https:\/\/immediateconnect.biz\/hu\/wp-json\/wp\/v2\/pages\/1161","targetHints":{"allow":["GET"]}}],"collection":[{"href":"https:\/\/immediateconnect.biz\/hu\/wp-json\/wp\/v2\/pages"}],"about":[{"href":"https:\/\/immediateconnect.biz\/hu\/wp-json\/wp\/v2\/types\/page"}],"author":[{"embeddable":true,"href":"https:\/\/immediateconnect.biz\/hu\/wp-json\/wp\/v2\/users\/1"}],"replies":[{"embeddable":true,"href":"https:\/\/immediateconnect.biz\/hu\/wp-json\/wp\/v2\/comments?post=1161"}],"version-history":[{"count":49,"href":"https:\/\/immediateconnect.biz\/hu\/wp-json\/wp\/v2\/pages\/1161\/revisions"}],"predecessor-version":[{"id":1627,"href":"https:\/\/immediateconnect.biz\/hu\/wp-json\/wp\/v2\/pages\/1161\/revisions\/1627"}],"wp:attachment":[{"href":"https:\/\/immediateconnect.biz\/hu\/wp-json\/wp\/v2\/media?parent=1161"}],"curies":[{"name":"wp","href":"https:\/\/api.w.org\/{rel}","templated":true}]}}