{"id":900,"date":"2024-06-24T13:16:41","date_gmt":"2024-06-24T13:16:41","guid":{"rendered":"https:\/\/immediateconnect.biz\/?page_id=900"},"modified":"2026-04-10T06:11:05","modified_gmt":"2026-04-10T06:11:05","slug":"danke","status":"publish","type":"page","link":"https:\/\/immediateconnect.biz\/de\/thank-you\/","title":{"rendered":"Thank You"},"content":{"rendered":"<div data-elementor-type=\"wp-page\" data-elementor-id=\"900\" class=\"elementor elementor-900\" data-elementor-post-type=\"page\">\n\t\t\t\t<div class=\"elementor-element elementor-element-627ab9d e-flex e-con-boxed e-con e-parent\" data-id=\"627ab9d\" data-element_type=\"container\" data-e-type=\"container\" data-settings=\"{&quot;background_background&quot;:&quot;video&quot;,&quot;background_video_link&quot;:&quot;https:\\\/\\\/immediateconnect.biz\\\/wp-content\\\/uploads\\\/2024\\\/09\\\/file.mp4&quot;,&quot;background_play_on_mobile&quot;:&quot;yes&quot;}\">\n\t\t\t\t\t<div class=\"e-con-inner\">\n\t\t<div class=\"elementor-background-video-container\">\n\t\t\t\t\t\t\t<video class=\"elementor-background-video-hosted\" role=\"presentation\" autoplay muted playsinline loop><\/video>\n\t\t\t\t\t<\/div><div class=\"elementor-element elementor-element-d902a8f e-con-full e-flex e-con e-child\" data-id=\"d902a8f\" data-element_type=\"container\" data-e-type=\"container\">\n\t\t\t\t<div class=\"elementor-element elementor-element-e2de08b elementor-widget elementor-widget-heading\" data-id=\"e2de08b\" data-element_type=\"widget\" data-e-type=\"widget\" data-widget_type=\"heading.default\">\n\t\t\t\t\t<h1 class=\"elementor-heading-title elementor-size-default\">Vielen Dank f\u00fcr Ihre Anmeldung!\n<\/h1>\t\t\t\t<\/div>\n\t\t\t\t<div class=\"elementor-element elementor-element-09b3646 elementor-widget__width-initial elementor-widget-tablet__width-initial elementor-widget elementor-widget-text-editor\" data-id=\"09b3646\" data-element_type=\"widget\" data-e-type=\"widget\" data-widget_type=\"text-editor.default\">\n\t\t\t\t\t\t\t\t\t<p>Wir freuen uns, Sie an Bord zu haben! Um Ihnen den bestm\u00f6glichen Service zu bieten, bitten wir Sie, sicherzustellen, dass Ihr Telefon f\u00fcr einen Anruf verf\u00fcgbar ist. M\u00f6glicherweise m\u00fcssen wir Sie kontaktieren, um weitere Informationen zu erhalten oder Ihre Registrierungsdetails zu besprechen. Seien Sie versichert, wir werden uns bald mit Ihnen in Verbindung setzen und alle Fragen oder Bedenken beantworten, die Sie haben. Wir sch\u00e4tzen Ihre Teilnahme und sind bestrebt, Ihre Erfahrung mit uns au\u00dfergew\u00f6hnlich zu machen. Nochmals vielen Dank f\u00fcr Ihre Anmeldung und wir freuen uns darauf, bald mit Ihnen zu sprechen!<\/p>\t\t\t\t\t\t\t\t<\/div>\n\t\t\t\t<div class=\"elementor-element elementor-element-b766df5 elementor-align-justify elementor-widget__width-initial elementor-widget-tablet__width-initial elementor-widget elementor-widget-button\" data-id=\"b766df5\" data-element_type=\"widget\" data-e-type=\"widget\" data-widget_type=\"button.default\">\n\t\t\t\t\t\t\t\t\t\t<a class=\"elementor-button elementor-button-link elementor-size-sm\" href=\"https:\/\/immediateconnect.biz\/de\/\">\n\t\t\t\t\t\t<span class=\"elementor-button-content-wrapper\">\n\t\t\t\t\t\t\t\t\t<span class=\"elementor-button-text\">Zur\u00fcck zur Startseite<\/span>\n\t\t\t\t\t<\/span>\n\t\t\t\t\t<\/a>\n\t\t\t\t\t\t\t\t<\/div>\n\t\t\t\t<\/div>\n\t\t\t\t\t<\/div>\n\t\t\t\t<\/div>\n\t\t\t\t<\/div>","protected":false},"excerpt":{"rendered":"<p>Thank you for your registration! We\u2019re excited to have you on board! In order to provide you with the best possible service, we kindly ask that you ensure your phone is available for a call. We may need to reach out to you for further information or to discuss your registration details. Rest assured, we\u2019ll [&hellip;]<\/p>\n","protected":false},"author":1,"featured_media":0,"parent":0,"menu_order":0,"comment_status":"closed","ping_status":"closed","template":"","meta":{"footnotes":""},"class_list":["post-900","page","type-page","status-publish","hentry"],"_links":{"self":[{"href":"https:\/\/immediateconnect.biz\/de\/wp-json\/wp\/v2\/pages\/900","targetHints":{"allow":["GET"]}}],"collection":[{"href":"https:\/\/immediateconnect.biz\/de\/wp-json\/wp\/v2\/pages"}],"about":[{"href":"https:\/\/immediateconnect.biz\/de\/wp-json\/wp\/v2\/types\/page"}],"author":[{"embeddable":true,"href":"https:\/\/immediateconnect.biz\/de\/wp-json\/wp\/v2\/users\/1"}],"replies":[{"embeddable":true,"href":"https:\/\/immediateconnect.biz\/de\/wp-json\/wp\/v2\/comments?post=900"}],"version-history":[{"count":40,"href":"https:\/\/immediateconnect.biz\/de\/wp-json\/wp\/v2\/pages\/900\/revisions"}],"predecessor-version":[{"id":1713,"href":"https:\/\/immediateconnect.biz\/de\/wp-json\/wp\/v2\/pages\/900\/revisions\/1713"}],"wp:attachment":[{"href":"https:\/\/immediateconnect.biz\/de\/wp-json\/wp\/v2\/media?parent=900"}],"curies":[{"name":"wp","href":"https:\/\/api.w.org\/{rel}","templated":true}]}}