{"id":297,"date":"2023-08-24T12:26:58","date_gmt":"2023-08-24T12:26:58","guid":{"rendered":"https:\/\/immediateconnect.biz\/?page_id=297"},"modified":"2025-12-10T06:33:28","modified_gmt":"2025-12-10T06:33:28","slug":"cookie-richtlinie","status":"publish","type":"page","link":"https:\/\/immediateconnect.biz\/de\/cookie-policy\/","title":{"rendered":"Cookie-Richtlinie"},"content":{"rendered":"<div data-elementor-type=\"wp-page\" data-elementor-id=\"297\" class=\"elementor elementor-297\" data-elementor-post-type=\"page\">\n\t\t\t\t<div class=\"elementor-element elementor-element-42d1043 e-flex e-con-boxed e-con e-parent\" data-id=\"42d1043\" data-element_type=\"container\" data-e-type=\"container\" data-settings=\"{&quot;background_background&quot;:&quot;gradient&quot;}\">\n\t\t\t\t\t<div class=\"e-con-inner\">\n\t\t\t\t<div class=\"elementor-element elementor-element-47612aa elementor-widget elementor-widget-heading\" data-id=\"47612aa\" data-element_type=\"widget\" data-e-type=\"widget\" data-widget_type=\"heading.default\">\n\t\t\t\t\t<h1 class=\"elementor-heading-title elementor-size-default\">Cookie-Richtlinie<\/h1>\t\t\t\t<\/div>\n\t\t\t\t\t<\/div>\n\t\t\t\t<\/div>\n\t\t<div class=\"elementor-element elementor-element-ac51480 e-flex e-con-boxed e-con e-parent\" data-id=\"ac51480\" data-element_type=\"container\" data-e-type=\"container\" data-settings=\"{&quot;background_background&quot;:&quot;classic&quot;}\">\n\t\t\t\t\t<div class=\"e-con-inner\">\n\t\t\t\t<div class=\"elementor-element elementor-element-5932fcf elementor-widget elementor-widget-text-editor\" data-id=\"5932fcf\" data-element_type=\"widget\" data-e-type=\"widget\" data-widget_type=\"text-editor.default\">\n\t\t\t\t\t\t\t\t\t<p>In diesem Abschnitt erkl\u00e4ren wir Ihnen alles Wissenswerte \u00fcber die verschiedenen Arten der Cookie-Nutzung auf der <strong>Immediate Connect<\/strong> Webseite.<\/p>\t\t\t\t\t\t\t\t<\/div>\n\t\t\t\t<div class=\"elementor-element elementor-element-9db2ca4 elementor-widget elementor-widget-heading\" data-id=\"9db2ca4\" data-element_type=\"widget\" data-e-type=\"widget\" data-widget_type=\"heading.default\">\n\t\t\t\t\t<h2 class=\"elementor-heading-title elementor-size-default\">Was ist ein Keks?<\/h2>\t\t\t\t<\/div>\n\t\t\t\t<div class=\"elementor-element elementor-element-4f57277 elementor-widget elementor-widget-text-editor\" data-id=\"4f57277\" data-element_type=\"widget\" data-e-type=\"widget\" data-widget_type=\"text-editor.default\">\n\t\t\t\t\t\t\t\t\t<p>Ein Cookie ist eine Textdatei, die in einem Webbrowser gespeichert wird und Browserinformationen speichert, die zur Identifizierung Ihres Ger\u00e4ts beitragen. Wenn Sie eine Website besuchen, wie zum Beispiel <strong>Immediate Connect<\/strong>wird ein Cookie an Ihren Computer, Ihr Smartphone oder Tablet gesendet. Bei jedem erneuten Besuch derselben Website wird das Cookie verwendet, um Sie zu identifizieren. Cookies werden verwendet, um Ihr Surfverhalten aufzuzeichnen, sodass Websites ein personalisiertes, speziell auf Sie zugeschnittenes Erlebnis bieten k\u00f6nnen.<\/p>\t\t\t\t\t\t\t\t<\/div>\n\t\t\t\t<div class=\"elementor-element elementor-element-3b582b3 elementor-widget elementor-widget-heading\" data-id=\"3b582b3\" data-element_type=\"widget\" data-e-type=\"widget\" data-widget_type=\"heading.default\">\n\t\t\t\t\t<h2 class=\"elementor-heading-title elementor-size-default\">Warum verwenden wir Cookies?<\/h2>\t\t\t\t<\/div>\n\t\t\t\t<div class=\"elementor-element elementor-element-ad3a232 elementor-widget elementor-widget-text-editor\" data-id=\"ad3a232\" data-element_type=\"widget\" data-e-type=\"widget\" data-widget_type=\"text-editor.default\">\n\t\t\t\t\t\t\t\t\t<p><strong>Immediate Connect<\/strong> verwendet Cookies, um alle Aspekte unserer Website zu verbessern, einschlie\u00dflich ihrer Leistung, Zug\u00e4nglichkeit und Funktionalit\u00e4t. Cookies liefern uns wichtige Informationen, die es uns erm\u00f6glichen zu verstehen, wie Besucher mit unserer Website und den verf\u00fcgbaren Funktionen interagieren.<\/p><p>Cookies k\u00f6nnen uns beispielsweise zeigen, welche Bereiche der <strong>Immediate Connect<\/strong> werden am h\u00e4ufigsten besucht und in welchen Bereichen die Nutzer am wenigsten Zeit verbringen. Mithilfe dieser Informationen k\u00f6nnen wir gezielt auf bestimmte Bereiche unserer Website eingehen und Verbesserungen vornehmen, um das Nutzererlebnis insgesamt zu verbessern.<\/p><p>Cookies erm\u00f6glichen es uns au\u00dferdem, Website-Besuchern personalisierte Inhalte und Funktionen bereitzustellen, indem wir Informationen zu ihren Interessen und Verhaltensmustern sammeln. Dar\u00fcber hinaus k\u00f6nnen wir mithilfe von Cookies technische Probleme identifizieren und beheben sowie die Sicherheit der Website verbessern. <strong>Immediate Connect<\/strong> Webseite.<\/p>\t\t\t\t\t\t\t\t<\/div>\n\t\t\t\t<div class=\"elementor-element elementor-element-d3841ef elementor-widget elementor-widget-heading\" data-id=\"d3841ef\" data-element_type=\"widget\" data-e-type=\"widget\" data-widget_type=\"heading.default\">\n\t\t\t\t\t<h2 class=\"elementor-heading-title elementor-size-default\">Verschiedene Arten von Cookies<\/h2>\t\t\t\t<\/div>\n\t\t\t\t<div class=\"elementor-element elementor-element-bfb17da elementor-widget elementor-widget-text-editor\" data-id=\"bfb17da\" data-element_type=\"widget\" data-e-type=\"widget\" data-widget_type=\"text-editor.default\">\n\t\t\t\t\t\t\t\t\t<p>Bei der Nutzung der <strong>Immediate Connect<\/strong> Website. Sie lauten wie folgt:<\/p>\t\t\t\t\t\t\t\t<\/div>\n\t\t\t\t<div class=\"elementor-element elementor-element-348dec3 elementor-widget elementor-widget-heading\" data-id=\"348dec3\" data-element_type=\"widget\" data-e-type=\"widget\" data-widget_type=\"heading.default\">\n\t\t\t\t\t<h3 class=\"elementor-heading-title elementor-size-default\">Unverzichtbare Cookies<\/h3>\t\t\t\t<\/div>\n\t\t\t\t<div class=\"elementor-element elementor-element-66e8faf elementor-widget elementor-widget-text-editor\" data-id=\"66e8faf\" data-element_type=\"widget\" data-e-type=\"widget\" data-widget_type=\"text-editor.default\">\n\t\t\t\t\t\t\t\t\t<p>Als wichtigste Art von Cookies, die im Einsatz sind auf <strong>Immediate Connect,<\/strong> Unbedingt erforderliche Cookies (manchmal auch als permanente Cookies bezeichnet) stellen sicher, dass die Website korrekt funktioniert. Diese Cookies erm\u00f6glichen es uns, alle notwendigen Aktionen durchzuf\u00fchren und Besuchern praktische Funktionen wie das automatische Ausf\u00fcllen und die dauerhafte Anmeldung bereitzustellen. Unbedingt erforderliche Cookies sind f\u00fcr die Leistung unserer Website von entscheidender Bedeutung. Ohne sie stehen viele Funktionen nicht zur Verf\u00fcgung, und die Benutzererfahrung ist \u00e4u\u00dferst eingeschr\u00e4nkt.<\/p>\t\t\t\t\t\t\t\t<\/div>\n\t\t\t\t<div class=\"elementor-element elementor-element-c4cee05 elementor-widget elementor-widget-heading\" data-id=\"c4cee05\" data-element_type=\"widget\" data-e-type=\"widget\" data-widget_type=\"heading.default\">\n\t\t\t\t\t<h3 class=\"elementor-heading-title elementor-size-default\">Google Analytics-Cookies<\/h3>\t\t\t\t<\/div>\n\t\t\t\t<div class=\"elementor-element elementor-element-0b44c31 elementor-widget elementor-widget-text-editor\" data-id=\"0b44c31\" data-element_type=\"widget\" data-e-type=\"widget\" data-widget_type=\"text-editor.default\">\n\t\t\t\t\t\t\t\t\t<p><strong>Immediate Connect<\/strong> verwendet Google Analytics-Cookies, um das Verhalten und die Pr\u00e4ferenzen unserer Besucher besser zu verstehen. Diese Cookies geben uns einen besseren Einblick in die Leistung unserer Website und erm\u00f6glichen es uns, wichtige Bereiche, die Verbesserungen oder Optimierungen ben\u00f6tigen, gezielter zu bearbeiten. Mit diesen Cookies k\u00f6nnen wir weiterhin allen Besuchern ein individuelles und benutzerfreundliches Erlebnis bieten. Google Analytics-Cookies erfassen oder speichern keine personenbezogenen Daten wie Ihren Namen und Ihre Kontaktdaten.<\/p>\t\t\t\t\t\t\t\t<\/div>\n\t\t\t\t<div class=\"elementor-element elementor-element-0253ec8 elementor-widget elementor-widget-heading\" data-id=\"0253ec8\" data-element_type=\"widget\" data-e-type=\"widget\" data-widget_type=\"heading.default\">\n\t\t\t\t\t<h3 class=\"elementor-heading-title elementor-size-default\">Cookies von Drittanbietern<\/h3>\t\t\t\t<\/div>\n\t\t\t\t<div class=\"elementor-element elementor-element-b6a632f elementor-widget elementor-widget-text-editor\" data-id=\"b6a632f\" data-element_type=\"widget\" data-e-type=\"widget\" data-widget_type=\"text-editor.default\">\n\t\t\t\t\t\t\t\t\t<p>Bei der Nutzung unserer Website k\u00f6nnen Sie auch auf Cookies von Dritten sto\u00dfen. Diese Cookies geh\u00f6ren zu Websites von Drittanbietern, mit denen wir Partnerschaften unterhalten oder auf die wir \u00fcber unsere Website verlinken, z. B. Maklerunternehmen. Cookies von Drittanbietern erm\u00f6glichen einen nahtlosen \u00dcbergang zwischen unserer Website und den Websites unserer Partner. Wenn Sie mehr \u00fcber diese Cookies erfahren m\u00f6chten, finden Sie weitere Informationen in den jeweiligen Cookie-Richtlinien der Websites von Drittanbietern, auf die wir verlinken.<\/p>\t\t\t\t\t\t\t\t<\/div>\n\t\t\t\t<div class=\"elementor-element elementor-element-8a34508 elementor-widget elementor-widget-heading\" data-id=\"8a34508\" data-element_type=\"widget\" data-e-type=\"widget\" data-widget_type=\"heading.default\">\n\t\t\t\t\t<h3 class=\"elementor-heading-title elementor-size-default\">Wie kann ich Cookies anpassen oder deaktivieren?<\/h3>\t\t\t\t<\/div>\n\t\t\t\t<div class=\"elementor-element elementor-element-43d037c elementor-widget elementor-widget-text-editor\" data-id=\"43d037c\" data-element_type=\"widget\" data-e-type=\"widget\" data-widget_type=\"text-editor.default\">\n\t\t\t\t\t\t\t\t\t<p>Cookies sind ein wertvolles Werkzeug, das uns hilft, unsere Dienste zu verbessern und den Besuchern der Website ein positives Benutzererlebnis zu bieten. <strong>Immediate Connect<\/strong> Website. Die Verwendung von Cookies ist jedoch nicht obligatorisch und kann jederzeit deaktiviert werden. Bitte beachten Sie, dass durch die Deaktivierung von Cookies einige Funktionen m\u00f6glicherweise nicht verf\u00fcgbar sind oder nicht wie vorgesehen funktionieren.<\/p><p>Wenn Sie unsere Cookies deaktivieren oder Ihre Cookie-Einstellungen anpassen m\u00f6chten, k\u00f6nnen Sie dies \u00fcber die Einstellungen Ihres Browsers tun. Cookies k\u00f6nnen auch in dem Pop-up-Fenster abgelehnt werden, das beim ersten Zugriff auf unsere Website erscheint.<\/p>\t\t\t\t\t\t\t\t<\/div>\n\t\t\t\t<div class=\"elementor-element elementor-element-8bbb6e5 elementor-widget elementor-widget-heading\" data-id=\"8bbb6e5\" data-element_type=\"widget\" data-e-type=\"widget\" data-widget_type=\"heading.default\">\n\t\t\t\t\t<h3 class=\"elementor-heading-title elementor-size-default\">\u00c4nderungen der Politik<\/h3>\t\t\t\t<\/div>\n\t\t\t\t<div class=\"elementor-element elementor-element-986aa64 elementor-widget elementor-widget-text-editor\" data-id=\"986aa64\" data-element_type=\"widget\" data-e-type=\"widget\" data-widget_type=\"text-editor.default\">\n\t\t\t\t\t\t\t\t\t<p>Alle Inhalte dieser Cookie-Richtlinie k\u00f6nnen jederzeit und ohne vorherige Ank\u00fcndigung ge\u00e4ndert werden. \u00c4nderungen dieser Richtlinie treten unmittelbar nach ihrer Ver\u00f6ffentlichung in Kraft. Unsere Nutzer m\u00fcssen sicherstellen, dass sie stets \u00fcber die neueste Version dieser Cookie-Richtlinie informiert sind, da ihre fortgesetzte Nutzung von <strong>Immediate Connect<\/strong> stellt ihre Zustimmung zu allen vorgenommenen \u00c4nderungen dar.<\/p>\t\t\t\t\t\t\t\t<\/div>\n\t\t\t\t\t<\/div>\n\t\t\t\t<\/div>\n\t\t\t\t<\/div>","protected":false},"excerpt":{"rendered":"<p>Cookie Policy In this section, we shall explain everything you need to know about the different types of cookie usage on the Immediate Connect website. What Is a Cookie? A cookie is a text file that is stored within a web browser and saves browsing information that helps to identify your device. When you visit [&hellip;]<\/p>\n","protected":false},"author":1,"featured_media":0,"parent":0,"menu_order":0,"comment_status":"closed","ping_status":"closed","template":"elementor_header_footer","meta":{"footnotes":""},"class_list":["post-297","page","type-page","status-publish","hentry"],"_links":{"self":[{"href":"https:\/\/immediateconnect.biz\/de\/wp-json\/wp\/v2\/pages\/297","targetHints":{"allow":["GET"]}}],"collection":[{"href":"https:\/\/immediateconnect.biz\/de\/wp-json\/wp\/v2\/pages"}],"about":[{"href":"https:\/\/immediateconnect.biz\/de\/wp-json\/wp\/v2\/types\/page"}],"author":[{"embeddable":true,"href":"https:\/\/immediateconnect.biz\/de\/wp-json\/wp\/v2\/users\/1"}],"replies":[{"embeddable":true,"href":"https:\/\/immediateconnect.biz\/de\/wp-json\/wp\/v2\/comments?post=297"}],"version-history":[{"count":44,"href":"https:\/\/immediateconnect.biz\/de\/wp-json\/wp\/v2\/pages\/297\/revisions"}],"predecessor-version":[{"id":1647,"href":"https:\/\/immediateconnect.biz\/de\/wp-json\/wp\/v2\/pages\/297\/revisions\/1647"}],"wp:attachment":[{"href":"https:\/\/immediateconnect.biz\/de\/wp-json\/wp\/v2\/media?parent=297"}],"curies":[{"name":"wp","href":"https:\/\/api.w.org\/{rel}","templated":true}]}}