{"id":241,"date":"2023-08-24T11:10:31","date_gmt":"2023-08-24T11:10:31","guid":{"rendered":"https:\/\/immediateconnect.biz\/?page_id=241"},"modified":"2025-06-30T13:23:33","modified_gmt":"2025-06-30T13:23:33","slug":"faqs-2","status":"publish","type":"page","link":"https:\/\/immediateconnect.biz\/de\/faqs\/","title":{"rendered":"FAQs"},"content":{"rendered":"<div data-elementor-type=\"wp-page\" data-elementor-id=\"241\" class=\"elementor elementor-241\" data-elementor-post-type=\"page\">\n\t\t\t\t<div class=\"elementor-element elementor-element-e359744 e-flex e-con-boxed e-con e-parent\" data-id=\"e359744\" data-element_type=\"container\" data-e-type=\"container\" data-settings=\"{&quot;background_background&quot;:&quot;gradient&quot;}\">\n\t\t\t\t\t<div class=\"e-con-inner\">\n\t\t\t\t<div class=\"elementor-element elementor-element-f14c8f1 elementor-widget elementor-widget-heading\" data-id=\"f14c8f1\" data-element_type=\"widget\" data-e-type=\"widget\" data-widget_type=\"heading.default\">\n\t\t\t\t\t<h1 class=\"elementor-heading-title elementor-size-default\">H\u00e4ufig gestellte Fragen<\/h1>\t\t\t\t<\/div>\n\t\t\t\t<div class=\"elementor-element elementor-element-5e3769f elementor-widget elementor-widget-text-editor\" data-id=\"5e3769f\" data-element_type=\"widget\" data-e-type=\"widget\" data-widget_type=\"text-editor.default\">\n\t\t\t\t\t\t\t\t\t<p>Hier finden Sie die Antworten auf die am h\u00e4ufigsten gestellten Fragen zu unserer Plattform, unseren Dienstleistungen und den Maklern, mit denen wir zusammenarbeiten!<\/p>\t\t\t\t\t\t\t\t<\/div>\n\t\t\t\t\t<\/div>\n\t\t\t\t<\/div>\n\t\t<div class=\"elementor-element elementor-element-a660155 e-flex e-con-boxed e-con e-parent\" data-id=\"a660155\" data-element_type=\"container\" data-e-type=\"container\" data-settings=\"{&quot;background_background&quot;:&quot;classic&quot;}\">\n\t\t\t\t\t<div class=\"e-con-inner\">\n\t\t<div class=\"elementor-element elementor-element-bf346dd e-con-full e-flex e-con e-child\" data-id=\"bf346dd\" data-element_type=\"container\" data-e-type=\"container\" data-settings=\"{&quot;background_background&quot;:&quot;classic&quot;}\">\n\t\t\t\t<div class=\"elementor-element elementor-element-6e1b2f3 elementor-widget elementor-widget-heading\" data-id=\"6e1b2f3\" data-element_type=\"widget\" data-e-type=\"widget\" data-widget_type=\"heading.default\">\n\t\t\t\t\t<h2 class=\"elementor-heading-title elementor-size-default\">Was ist Immediate Connect?<\/h2>\t\t\t\t<\/div>\n\t\t\t\t<div class=\"elementor-element elementor-element-7f8b315 elementor-widget elementor-widget-text-editor\" data-id=\"7f8b315\" data-element_type=\"widget\" data-e-type=\"widget\" data-widget_type=\"text-editor.default\">\n\t\t\t\t\t\t\t\t\t<p>Immediate Connect ist ein Marketinginstrument, das die Kluft zwischen H\u00e4ndlern und Brokern \u00fcberbr\u00fccken soll. Diese Plattform wurde entwickelt, um den Handel auch f\u00fcr absolute Anf\u00e4nger zug\u00e4nglicher zu machen. Immediate Connect hat sich f\u00fcr Partnerschaften mit etablierten Brokern auf der ganzen Welt entschieden, die den Nutzern hilfreiche Tools und Dienstleistungen anbieten. Wir sind keine Finanzberater und \u00fcbernehmen keine Verantwortung f\u00fcr die Ergebnisse, die sich aus dem Handel \u00fcber einen unserer Partnerbroker ergeben k\u00f6nnen.<\/p>\t\t\t\t\t\t\t\t<\/div>\n\t\t\t\t<\/div>\n\t\t<div class=\"elementor-element elementor-element-90855d5 e-con-full e-flex e-con e-child\" data-id=\"90855d5\" data-element_type=\"container\" data-e-type=\"container\" data-settings=\"{&quot;background_background&quot;:&quot;classic&quot;}\">\n\t\t\t\t<div class=\"elementor-element elementor-element-942ad48 elementor-widget elementor-widget-heading\" data-id=\"942ad48\" data-element_type=\"widget\" data-e-type=\"widget\" data-widget_type=\"heading.default\">\n\t\t\t\t\t<h2 class=\"elementor-heading-title elementor-size-default\">Was ist ein Makler?<\/h2>\t\t\t\t<\/div>\n\t\t\t\t<div class=\"elementor-element elementor-element-1cc02a3 elementor-widget elementor-widget-text-editor\" data-id=\"1cc02a3\" data-element_type=\"widget\" data-e-type=\"widget\" data-widget_type=\"text-editor.default\">\n\t\t\t\t\t\t\t\t\t<p>Ein Broker (oder Makler) ist der Vermittler zwischen den H\u00e4ndlern und dem Markt. Ihre Aufgabe ist es, Transaktionen zu erleichtern, wof\u00fcr sie entlohnt werden, und verschiedene andere Dienstleistungen anzubieten. Viele Broker stellen H\u00e4ndlern auch Tools, Anleitungen und Ressourcen zur Verf\u00fcgung, die sie beim Handel mit Kryptow\u00e4hrungen und anderen Verm\u00f6genswerten unterst\u00fctzen k\u00f6nnen. Einige Broker bieten zum Beispiel Demokonten an, mit denen die Nutzer den Handel in einer sicheren Umgebung mit Scheinfonds \u00fcben k\u00f6nnen.<\/p>\t\t\t\t\t\t\t\t<\/div>\n\t\t\t\t<\/div>\n\t\t<div class=\"elementor-element elementor-element-c178d55 e-con-full e-flex e-con e-child\" data-id=\"c178d55\" data-element_type=\"container\" data-e-type=\"container\" data-settings=\"{&quot;background_background&quot;:&quot;classic&quot;}\">\n\t\t\t\t<div class=\"elementor-element elementor-element-5605e1c elementor-widget elementor-widget-heading\" data-id=\"5605e1c\" data-element_type=\"widget\" data-e-type=\"widget\" data-widget_type=\"heading.default\">\n\t\t\t\t\t<h2 class=\"elementor-heading-title elementor-size-default\">Welche Verm\u00f6genswerte kann ich handeln?<\/h2>\t\t\t\t<\/div>\n\t\t\t\t<div class=\"elementor-element elementor-element-450da9a elementor-widget elementor-widget-text-editor\" data-id=\"450da9a\" data-element_type=\"widget\" data-e-type=\"widget\" data-widget_type=\"text-editor.default\">\n\t\t\t\t\t\t\t\t\t<p>Unsere Broker unterst\u00fctzen den Handel mit vielen verschiedenen Verm\u00f6genswerten, darunter verschiedene Kryptow\u00e4hrungen wie Bitcoin (BTC), Ethereum (ETH), XRP (XRP), BNB (BNB), Tether (USDT), Cardano (ADA), Dogecoin (DOGE), Shiba Inu (SHIB), Avalanche (AVAX), Polygon (MATIC), und Solana (SOL). Viele der Broker, mit denen wir zusammenarbeiten, unterst\u00fctzen auch andere handelbare Verm\u00f6genswerte, einschlie\u00dflich Aktien, Forex und CFDs, sowie Rohstoffe wie Gold, Silber und \u00d6l.<\/p>\t\t\t\t\t\t\t\t<\/div>\n\t\t\t\t<\/div>\n\t\t<div class=\"elementor-element elementor-element-3387eca e-con-full e-flex e-con e-child\" data-id=\"3387eca\" data-element_type=\"container\" data-e-type=\"container\" data-settings=\"{&quot;background_background&quot;:&quot;classic&quot;}\">\n\t\t\t\t<div class=\"elementor-element elementor-element-12f1420 elementor-widget elementor-widget-heading\" data-id=\"12f1420\" data-element_type=\"widget\" data-e-type=\"widget\" data-widget_type=\"heading.default\">\n\t\t\t\t\t<h2 class=\"elementor-heading-title elementor-size-default\">Ist Immediate Connect f\u00fcr Trading-Einsteiger geeignet?<\/h2>\t\t\t\t<\/div>\n\t\t\t\t<div class=\"elementor-element elementor-element-790c42b elementor-widget elementor-widget-text-editor\" data-id=\"790c42b\" data-element_type=\"widget\" data-e-type=\"widget\" data-widget_type=\"text-editor.default\">\n\t\t\t\t\t\t\t\t\t<p>Ja, Immediate Connect ist definitiv sowohl f\u00fcr Anf\u00e4nger als auch f\u00fcr Trader aller anderen Erfahrungsstufen geeignet! Wir haben daf\u00fcr gesorgt, dass unsere Plattform einfach zu navigieren ist und alle Dienstleistungen anf\u00e4ngerfreundlich sind. Sie brauchen also keine vorherige Handelserfahrung, um ein Konto zu erstellen und mit einem unserer funktionsreichen Broker verbunden zu werden.<\/p>\t\t\t\t\t\t\t\t<\/div>\n\t\t\t\t<\/div>\n\t\t<div class=\"elementor-element elementor-element-7cb36ec e-con-full e-flex e-con e-child\" data-id=\"7cb36ec\" data-element_type=\"container\" data-e-type=\"container\" data-settings=\"{&quot;background_background&quot;:&quot;classic&quot;}\">\n\t\t\t\t<div class=\"elementor-element elementor-element-bd736b4 elementor-widget elementor-widget-heading\" data-id=\"bd736b4\" data-element_type=\"widget\" data-e-type=\"widget\" data-widget_type=\"heading.default\">\n\t\t\t\t\t<h2 class=\"elementor-heading-title elementor-size-default\">Wie kann ich ein Konto bei Immediate Connect erstellen?<\/h2>\t\t\t\t<\/div>\n\t\t\t\t<div class=\"elementor-element elementor-element-b36b32e elementor-widget elementor-widget-text-editor\" data-id=\"b36b32e\" data-element_type=\"widget\" data-e-type=\"widget\" data-widget_type=\"text-editor.default\">\n\t\t\t\t\t\t\t\t\t<p>Es ist schnell und einfach, ein Konto bei Immediate Connect zu erstellen. Gehen Sie einfach auf die Seite \"Login\" und f\u00fcllen Sie das Anmeldeformular aus, indem Sie Ihren vollst\u00e4ndigen Namen und Ihre Kontaktdaten angeben. Kurz darauf werden Sie von einem Broker kontaktiert, den unser Algorithmus f\u00fcr Sie ausgew\u00e4hlt hat. Sie k\u00f6nnen Ihre Pr\u00e4ferenzen und Ziele mit dem Ihnen zugewiesenen Broker besprechen, bevor Sie Geld auf Ihr Konto einzahlen. Danach sind Sie bereit, mit dem Handel zu beginnen!<\/p>\t\t\t\t\t\t\t\t<\/div>\n\t\t\t\t<\/div>\n\t\t<div class=\"elementor-element elementor-element-6aef8a8 e-con-full e-flex e-con e-child\" data-id=\"6aef8a8\" data-element_type=\"container\" data-e-type=\"container\" data-settings=\"{&quot;background_background&quot;:&quot;classic&quot;}\">\n\t\t\t\t<div class=\"elementor-element elementor-element-9fb4d4d elementor-widget elementor-widget-heading\" data-id=\"9fb4d4d\" data-element_type=\"widget\" data-e-type=\"widget\" data-widget_type=\"heading.default\">\n\t\t\t\t\t<h2 class=\"elementor-heading-title elementor-size-default\">Wie hoch sind die Kosten f\u00fcr die Nutzung von Immediate Connect?<\/h2>\t\t\t\t<\/div>\n\t\t\t\t<div class=\"elementor-element elementor-element-cb14c07 elementor-widget elementor-widget-text-editor\" data-id=\"cb14c07\" data-element_type=\"widget\" data-e-type=\"widget\" data-widget_type=\"text-editor.default\">\n\t\t\t\t\t\t\t\t\t<p>Immediate Connect ist f\u00fcr alle Nutzer 100% kostenlos! Da wir von unseren Partner-Brokern bezahlt werden, k\u00f6nnen wir mit Stolz behaupten, dass es auf unserer Plattform absolut keine versteckten Geb\u00fchren oder Kosten gibt. Alle Benutzer k\u00f6nnen auf unserer Website navigieren, ein Konto erstellen und sich von unserem automatischen Algorithmus kostenlos einen Broker zuweisen lassen. Allerdings m\u00fcssen die Nutzer eine Mindesteinlage von 250 USD leisten, bevor sie die Registrierung ihres Kontos abschlie\u00dfen und mit dem Handel \u00fcber den ihnen zugewiesenen Broker beginnen k\u00f6nnen.<\/p>\t\t\t\t\t\t\t\t<\/div>\n\t\t\t\t<\/div>\n\t\t<div class=\"elementor-element elementor-element-b73d891 e-con-full e-flex e-con e-child\" data-id=\"b73d891\" data-element_type=\"container\" data-e-type=\"container\" data-settings=\"{&quot;background_background&quot;:&quot;classic&quot;}\">\n\t\t\t\t<div class=\"elementor-element elementor-element-520c8e2 elementor-widget elementor-widget-heading\" data-id=\"520c8e2\" data-element_type=\"widget\" data-e-type=\"widget\" data-widget_type=\"heading.default\">\n\t\t\t\t\t<h2 class=\"elementor-heading-title elementor-size-default\">Kann ich mit dem Handel von Kryptow\u00e4hrungen Gewinn machen?<\/h2>\t\t\t\t<\/div>\n\t\t\t\t<div class=\"elementor-element elementor-element-34d73ba elementor-widget elementor-widget-text-editor\" data-id=\"34d73ba\" data-element_type=\"widget\" data-e-type=\"widget\" data-widget_type=\"text-editor.default\">\n\t\t\t\t\t\t\t\t\t<p>Es gibt keine Garantie daf\u00fcr, dass Sie oder andere H\u00e4ndler mit dem Handel von Kryptow\u00e4hrungen einen Gewinn erzielen, selbst wenn Sie die von unseren Brokern angebotenen Tools und Dienstleistungen nutzen. Der Kryptow\u00e4hrungsmarkt ist extrem volatil, und selbst sehr erfahrene H\u00e4ndler sind dem Risiko ausgesetzt, ihr Verm\u00f6gen zu verlieren. Um Ihre Chancen auf einen m\u00f6glichen Gewinn aus dem Krypto-Handel zu erh\u00f6hen, sollten Sie jedoch gr\u00fcndlich recherchieren, Ihre Risikotoleranz ber\u00fccksichtigen und ein diversifiziertes Portfolio aufbauen.<\/p>\t\t\t\t\t\t\t\t<\/div>\n\t\t\t\t<\/div>\n\t\t\t\t\t<\/div>\n\t\t\t\t<\/div>\n\t\t\t\t<\/div>","protected":false},"excerpt":{"rendered":"<p>Frequently Asked Questions Here, you\u2019ll find the answers to the most frequently asked questions about our platform, services, and the brokers we partner with! What Is Immediate Connect? Immediate Connect is a marketing tool whose purpose is to bridge the gap between traders and brokers. This platform was designed to make trading more accessible, even [&hellip;]<\/p>\n","protected":false},"author":1,"featured_media":0,"parent":0,"menu_order":0,"comment_status":"closed","ping_status":"closed","template":"elementor_header_footer","meta":{"footnotes":""},"class_list":["post-241","page","type-page","status-publish","hentry"],"_links":{"self":[{"href":"https:\/\/immediateconnect.biz\/de\/wp-json\/wp\/v2\/pages\/241","targetHints":{"allow":["GET"]}}],"collection":[{"href":"https:\/\/immediateconnect.biz\/de\/wp-json\/wp\/v2\/pages"}],"about":[{"href":"https:\/\/immediateconnect.biz\/de\/wp-json\/wp\/v2\/types\/page"}],"author":[{"embeddable":true,"href":"https:\/\/immediateconnect.biz\/de\/wp-json\/wp\/v2\/users\/1"}],"replies":[{"embeddable":true,"href":"https:\/\/immediateconnect.biz\/de\/wp-json\/wp\/v2\/comments?post=241"}],"version-history":[{"count":31,"href":"https:\/\/immediateconnect.biz\/de\/wp-json\/wp\/v2\/pages\/241\/revisions"}],"predecessor-version":[{"id":1563,"href":"https:\/\/immediateconnect.biz\/de\/wp-json\/wp\/v2\/pages\/241\/revisions\/1563"}],"wp:attachment":[{"href":"https:\/\/immediateconnect.biz\/de\/wp-json\/wp\/v2\/media?parent=241"}],"curies":[{"name":"wp","href":"https:\/\/api.w.org\/{rel}","templated":true}]}}