{"id":222,"date":"2023-08-24T09:40:47","date_gmt":"2023-08-24T09:40:47","guid":{"rendered":"https:\/\/immediateconnect.biz\/?page_id=222"},"modified":"2025-12-10T06:53:22","modified_gmt":"2025-12-10T06:53:22","slug":"uber","status":"publish","type":"page","link":"https:\/\/immediateconnect.biz\/de\/about\/","title":{"rendered":"\u00dcber"},"content":{"rendered":"<div data-elementor-type=\"wp-page\" data-elementor-id=\"222\" class=\"elementor elementor-222\" data-elementor-post-type=\"page\">\n\t\t\t\t<div class=\"elementor-element elementor-element-1f80fca e-flex e-con-boxed e-con e-parent\" data-id=\"1f80fca\" data-element_type=\"container\" data-e-type=\"container\" data-settings=\"{&quot;background_background&quot;:&quot;gradient&quot;}\">\n\t\t\t\t\t<div class=\"e-con-inner\">\n\t\t\t\t<div class=\"elementor-element elementor-element-1217b5a elementor-widget elementor-widget-heading\" data-id=\"1217b5a\" data-element_type=\"widget\" data-e-type=\"widget\" data-widget_type=\"heading.default\">\n\t\t\t\t\t<h1 class=\"elementor-heading-title elementor-size-default\">\u00dcber uns<\/h1>\t\t\t\t<\/div>\n\t\t\t\t<div class=\"elementor-element elementor-element-6b81b3f elementor-widget elementor-widget-text-editor\" data-id=\"6b81b3f\" data-element_type=\"widget\" data-e-type=\"widget\" data-widget_type=\"text-editor.default\">\n\t\t\t\t\t\t\t\t\t<p>Erfahren Sie mehr \u00fcber die Immediate Connect-Plattform und entdecken Sie, wie wir den Aktienhandel f\u00fcr Benutzer weltweit ver\u00e4ndern m\u00f6chten!<\/p>\t\t\t\t\t\t\t\t<\/div>\n\t\t\t\t\t<\/div>\n\t\t\t\t<\/div>\n\t\t<div class=\"elementor-element elementor-element-c59ca0c e-flex e-con-boxed e-con e-parent\" data-id=\"c59ca0c\" data-element_type=\"container\" data-e-type=\"container\" data-settings=\"{&quot;background_background&quot;:&quot;classic&quot;}\">\n\t\t\t\t\t<div class=\"e-con-inner\">\n\t\t<div class=\"elementor-element elementor-element-ebac9cf e-con-full e-flex e-con e-child\" data-id=\"ebac9cf\" data-element_type=\"container\" data-e-type=\"container\">\n\t\t\t\t<div class=\"elementor-element elementor-element-b1b5e85 elementor-widget elementor-widget-heading\" data-id=\"b1b5e85\" data-element_type=\"widget\" data-e-type=\"widget\" data-widget_type=\"heading.default\">\n\t\t\t\t\t<h2 class=\"elementor-heading-title elementor-size-default\">Unsere Werte<\/h2>\t\t\t\t<\/div>\n\t\t\t\t<div class=\"elementor-element elementor-element-f56ff0f elementor-widget elementor-widget-text-editor\" data-id=\"f56ff0f\" data-element_type=\"widget\" data-e-type=\"widget\" data-widget_type=\"text-editor.default\">\n\t\t\t\t\t\t\t\t\t<p>Immediate Connect hat drei Hauptwerte, die wir bei der Entwicklung dieser Plattform und der Auswahl der Makler, mit denen wir zusammenarbeiten, ber\u00fccksichtigt haben. Sie lauten wie folgt:<\/p>\t\t\t\t\t\t\t\t<\/div>\n\t\t\t\t<div class=\"elementor-element elementor-element-900c73a elementor-widget elementor-widget-text-editor\" data-id=\"900c73a\" data-element_type=\"widget\" data-e-type=\"widget\" data-widget_type=\"text-editor.default\">\n\t\t\t\t\t\t\t\t\t<ul class=\"text-white\"><li>Jeder sollte die M\u00f6glichkeit erhalten, in Aktien und andere Verm\u00f6genswerte zu investieren.<\/li><li>Die Handelswelt sollte f\u00fcr H\u00e4ndler aller Erfahrungsstufen zug\u00e4nglich und einladend sein.<\/li><li>Die Broker sollten \u00fcber einen umfassenden Funktionsumfang verf\u00fcgen, unterst\u00fctzend wirken und einsteigerfreundlich sein, so dass jeder H\u00e4ndler ihre Dienste problemlos in Anspruch nehmen kann.<\/li><\/ul>\t\t\t\t\t\t\t\t<\/div>\n\t\t\t\t<div class=\"elementor-element elementor-element-1d61d43 elementor-widget elementor-widget-text-editor\" data-id=\"1d61d43\" data-element_type=\"widget\" data-e-type=\"widget\" data-widget_type=\"text-editor.default\">\n\t\t\t\t\t\t\t\t\t<p>Unser Ziel ist es, den Handel f\u00fcr Anf\u00e4nger zug\u00e4nglich und stressfrei zu machen. Durch die Zusammenarbeit mit Top-Brokern vereinfachen wir den Prozess, indem wir Ihnen die richtige Unterst\u00fctzung bieten, sodass Sie sich auf das Lernen konzentrieren k\u00f6nnen, ohne sich \u00fcber kostspielige Fehler Gedanken machen zu m\u00fcssen. Unsere Broker bieten einsteigerfreundliche Tools, Ressourcen und sogar Demokonten, damit Sie risikofrei \u00fcben und Vertrauen aufbauen k\u00f6nnen, bevor Sie echtes Geld investieren. Beginnen Sie Ihre Handelsreise mit Leichtigkeit und ma\u00dfgeschneiderter Unterst\u00fctzung f\u00fcr jedes Erfahrungsniveau!<\/p>\t\t\t\t\t\t\t\t<\/div>\n\t\t\t\t<\/div>\n\t\t<div class=\"elementor-element elementor-element-ff7c6ba e-con-full e-flex e-con e-child\" data-id=\"ff7c6ba\" data-element_type=\"container\" data-e-type=\"container\">\n\t\t\t\t<div class=\"elementor-element elementor-element-9043b3b elementor-widget-mobile__width-initial elementor-widget elementor-widget-image\" data-id=\"9043b3b\" data-element_type=\"widget\" data-e-type=\"widget\" data-widget_type=\"image.default\">\n\t\t\t\t\t\t\t\t\t\t\t\t\t\t\t<img fetchpriority=\"high\" decoding=\"async\" width=\"800\" height=\"450\" src=\"https:\/\/immediateconnect.biz\/wp-content\/uploads\/2024\/02\/bg-hero-1_11zon.webp\" class=\"attachment-large size-large wp-image-607\" alt=\"trade with immediate connect\" srcset=\"https:\/\/immediateconnect.biz\/wp-content\/uploads\/2024\/02\/bg-hero-1_11zon.webp 1000w, https:\/\/immediateconnect.biz\/wp-content\/uploads\/2024\/02\/bg-hero-1_11zon-300x169.webp 300w, https:\/\/immediateconnect.biz\/wp-content\/uploads\/2024\/02\/bg-hero-1_11zon-768x432.webp 768w\" sizes=\"(max-width: 800px) 100vw, 800px\" \/>\t\t\t\t\t\t\t\t\t\t\t\t\t\t\t<\/div>\n\t\t\t\t<\/div>\n\t\t\t\t\t<\/div>\n\t\t\t\t<\/div>\n\t\t<div class=\"elementor-element elementor-element-4fefd7f e-flex e-con-boxed e-con e-parent\" data-id=\"4fefd7f\" data-element_type=\"container\" data-e-type=\"container\" data-settings=\"{&quot;background_background&quot;:&quot;classic&quot;}\">\n\t\t\t\t\t<div class=\"e-con-inner\">\n\t\t<div class=\"elementor-element elementor-element-fe8598c e-con-full e-flex e-con e-child\" data-id=\"fe8598c\" data-element_type=\"container\" data-e-type=\"container\">\n\t\t\t\t<div class=\"elementor-element elementor-element-17c3574 elementor-widget elementor-widget-spacer\" data-id=\"17c3574\" data-element_type=\"widget\" data-e-type=\"widget\" data-widget_type=\"spacer.default\">\n\t\t\t\t\t\t\t<div class=\"elementor-spacer\">\n\t\t\t<div class=\"elementor-spacer-inner\"><\/div>\n\t\t<\/div>\n\t\t\t\t\t\t<\/div>\n\t\t<div class=\"elementor-element elementor-element-df92ba6 e-con-full e-flex e-con e-child\" data-id=\"df92ba6\" data-element_type=\"container\" data-e-type=\"container\">\n\t\t<div class=\"elementor-element elementor-element-d714503 e-con-full e-flex e-con e-child\" data-id=\"d714503\" data-element_type=\"container\" data-e-type=\"container\" data-settings=\"{&quot;background_background&quot;:&quot;classic&quot;}\">\n\t\t\t\t<div class=\"elementor-element elementor-element-8afc750 elementor-widget elementor-widget-heading\" data-id=\"8afc750\" data-element_type=\"widget\" data-e-type=\"widget\" data-widget_type=\"heading.default\">\n\t\t\t\t\t<h2 class=\"elementor-heading-title elementor-size-default\">Beteiligen Sie sich an der Aktienrevolution mit Immediate Connect<\/h2>\t\t\t\t<\/div>\n\t\t\t\t<div class=\"elementor-element elementor-element-73527c5 elementor-widget elementor-widget-text-editor\" data-id=\"73527c5\" data-element_type=\"widget\" data-e-type=\"widget\" data-widget_type=\"text-editor.default\">\n\t\t\t\t\t\t\t\t\t<p>M\u00f6chten Sie Ihr Portfolio mit einem revolution\u00e4ren Verm\u00f6genswert diversifizieren? Erw\u00e4gen Sie den Handel mit Aktien und Marktwerten! Diese Investitionen gewinnen an Bedeutung, da reale Anwendungsf\u00e4lle und eine wachsende globale Akzeptanz ihren Wert steigern. Marktverm\u00f6genswerte bleiben jedoch spekulativ. Investieren Sie also mit Bedacht und nur in den Verlust, den Sie sich leisten k\u00f6nnen.<\/p><p>Wenn Sie sich nicht f\u00fcr Aktien entscheiden, bieten unsere Broker andere handelbare Verm\u00f6genswerte wie Aktien, CFDs, Devisen, \u00d6l, Gold und Silber an, um Ihnen beim Aufbau eines diversifizierten Portfolios zu helfen. Bevorzugen Sie den Handel mit Finanzanlagen? Beginnen Sie jetzt damit, potenzielle Chancen mit beliebten Optionen wie Ethereum, Ripple, Solana und mehr zu nutzen.<\/p><p>Melden Sie sich noch heute bei Immediate Connect an, um einen Broker zu finden und Ihre Handelsreise mit fachkundiger Unterst\u00fctzung zu beginnen!<\/p>\t\t\t\t\t\t\t\t<\/div>\n\t\t\t\t<div class=\"elementor-element elementor-element-f0d5321 elementor-align-center elementor-widget elementor-widget-button\" data-id=\"f0d5321\" data-element_type=\"widget\" data-e-type=\"widget\" data-widget_type=\"button.default\">\n\t\t\t\t\t\t\t\t\t\t<a class=\"elementor-button elementor-button-link elementor-size-sm elementor-animation-grow\" href=\"https:\/\/immediateconnect.biz\/de\/kontaktieren-sie-uns\/#registration\">\n\t\t\t\t\t\t<span class=\"elementor-button-content-wrapper\">\n\t\t\t\t\t\t\t\t\t<span class=\"elementor-button-text\">KOSTENLOSE REGISTRIERUNG<\/span>\n\t\t\t\t\t<\/span>\n\t\t\t\t\t<\/a>\n\t\t\t\t\t\t\t\t<\/div>\n\t\t\t\t<\/div>\n\t\t\t\t<\/div>\n\t\t\t\t<div class=\"elementor-element elementor-element-643a75c elementor-widget elementor-widget-spacer\" data-id=\"643a75c\" data-element_type=\"widget\" data-e-type=\"widget\" data-widget_type=\"spacer.default\">\n\t\t\t\t\t\t\t<div class=\"elementor-spacer\">\n\t\t\t<div class=\"elementor-spacer-inner\"><\/div>\n\t\t<\/div>\n\t\t\t\t\t\t<\/div>\n\t\t\t\t<\/div>\n\t\t\t\t\t<\/div>\n\t\t\t\t<\/div>\n\t\t\t\t<\/div>","protected":false},"excerpt":{"rendered":"<p>About Us Find out more about the Immediate Connect platform and discover how we aim to change the state of Equity trading for users worldwide! Our Values Immediate Connect has three main values that we\u2019ve considered when designing this platform and choosing brokers to partner with. They are as follows: Everyone should be given the [&hellip;]<\/p>\n","protected":false},"author":1,"featured_media":0,"parent":0,"menu_order":0,"comment_status":"closed","ping_status":"closed","template":"elementor_header_footer","meta":{"footnotes":""},"class_list":["post-222","page","type-page","status-publish","hentry"],"_links":{"self":[{"href":"https:\/\/immediateconnect.biz\/de\/wp-json\/wp\/v2\/pages\/222","targetHints":{"allow":["GET"]}}],"collection":[{"href":"https:\/\/immediateconnect.biz\/de\/wp-json\/wp\/v2\/pages"}],"about":[{"href":"https:\/\/immediateconnect.biz\/de\/wp-json\/wp\/v2\/types\/page"}],"author":[{"embeddable":true,"href":"https:\/\/immediateconnect.biz\/de\/wp-json\/wp\/v2\/users\/1"}],"replies":[{"embeddable":true,"href":"https:\/\/immediateconnect.biz\/de\/wp-json\/wp\/v2\/comments?post=222"}],"version-history":[{"count":58,"href":"https:\/\/immediateconnect.biz\/de\/wp-json\/wp\/v2\/pages\/222\/revisions"}],"predecessor-version":[{"id":1665,"href":"https:\/\/immediateconnect.biz\/de\/wp-json\/wp\/v2\/pages\/222\/revisions\/1665"}],"wp:attachment":[{"href":"https:\/\/immediateconnect.biz\/de\/wp-json\/wp\/v2\/media?parent=222"}],"curies":[{"name":"wp","href":"https:\/\/api.w.org\/{rel}","templated":true}]}}