{"id":900,"date":"2024-06-24T13:16:41","date_gmt":"2024-06-24T13:16:41","guid":{"rendered":"https:\/\/immediateconnect.biz\/?page_id=900"},"modified":"2026-04-10T06:11:05","modified_gmt":"2026-04-10T06:11:05","slug":"dekuji","status":"publish","type":"page","link":"https:\/\/immediateconnect.biz\/cs\/thank-you\/","title":{"rendered":"Thank You"},"content":{"rendered":"<div data-elementor-type=\"wp-page\" data-elementor-id=\"900\" class=\"elementor elementor-900\" data-elementor-post-type=\"page\">\n\t\t\t\t<div class=\"elementor-element elementor-element-627ab9d e-flex e-con-boxed e-con e-parent\" data-id=\"627ab9d\" data-element_type=\"container\" data-e-type=\"container\" data-settings=\"{&quot;background_background&quot;:&quot;video&quot;,&quot;background_video_link&quot;:&quot;https:\\\/\\\/immediateconnect.biz\\\/wp-content\\\/uploads\\\/2024\\\/09\\\/file.mp4&quot;,&quot;background_play_on_mobile&quot;:&quot;yes&quot;}\">\n\t\t\t\t\t<div class=\"e-con-inner\">\n\t\t<div class=\"elementor-background-video-container\">\n\t\t\t\t\t\t\t<video class=\"elementor-background-video-hosted\" role=\"presentation\" autoplay muted playsinline loop><\/video>\n\t\t\t\t\t<\/div><div class=\"elementor-element elementor-element-d902a8f e-con-full e-flex e-con e-child\" data-id=\"d902a8f\" data-element_type=\"container\" data-e-type=\"container\">\n\t\t\t\t<div class=\"elementor-element elementor-element-e2de08b elementor-widget elementor-widget-heading\" data-id=\"e2de08b\" data-element_type=\"widget\" data-e-type=\"widget\" data-widget_type=\"heading.default\">\n\t\t\t\t\t<h1 class=\"elementor-heading-title elementor-size-default\">D\u011bkujeme za va\u0161i registraci!\n<\/h1>\t\t\t\t<\/div>\n\t\t\t\t<div class=\"elementor-element elementor-element-09b3646 elementor-widget__width-initial elementor-widget-tablet__width-initial elementor-widget elementor-widget-text-editor\" data-id=\"09b3646\" data-element_type=\"widget\" data-e-type=\"widget\" data-widget_type=\"text-editor.default\">\n\t\t\t\t\t\t\t\t\t<p>Jsme r\u00e1di, \u017ee v\u00e1s m\u00e1me na palub\u011b! Abychom v\u00e1m mohli poskytovat nejlep\u0161\u00ed mo\u017en\u00e9 slu\u017eby, laskav\u011b v\u00e1s \u017e\u00e1d\u00e1me, abyste zajistili, \u017ee je v\u00e1\u0161 telefon k dispozici pro vol\u00e1n\u00ed. Mo\u017en\u00e1 v\u00e1s budeme muset kontaktovat pro dal\u0161\u00ed informace nebo prodiskutovat va\u0161e registra\u010dn\u00ed \u00fadaje. Uji\u0161\u0165ujeme v\u00e1s, \u017ee se s v\u00e1mi brzy spoj\u00edme a vy\u0159e\u0161\u00edme jak\u00e9koli dotazy nebo obavy, kter\u00e9 byste mohli m\u00edt. V\u00e1\u017e\u00edme si va\u0161\u00ed \u00fa\u010dasti a jsme odhodl\u00e1ni u\u010dinit v\u00e1\u0161 z\u00e1\u017eitek s n\u00e1mi v\u00fdjime\u010dn\u00fdm. Je\u0161t\u011b jednou d\u011bkujeme za registraci a t\u011b\u0161\u00edme se, \u017ee si s v\u00e1mi brzy popov\u00edd\u00e1me!<\/p>\t\t\t\t\t\t\t\t<\/div>\n\t\t\t\t<div class=\"elementor-element elementor-element-b766df5 elementor-align-justify elementor-widget__width-initial elementor-widget-tablet__width-initial elementor-widget elementor-widget-button\" data-id=\"b766df5\" data-element_type=\"widget\" data-e-type=\"widget\" data-widget_type=\"button.default\">\n\t\t\t\t\t\t\t\t\t\t<a class=\"elementor-button elementor-button-link elementor-size-sm\" href=\"https:\/\/immediateconnect.biz\/cs\/\">\n\t\t\t\t\t\t<span class=\"elementor-button-content-wrapper\">\n\t\t\t\t\t\t\t\t\t<span class=\"elementor-button-text\">Zp\u011bt dom\u016f<\/span>\n\t\t\t\t\t<\/span>\n\t\t\t\t\t<\/a>\n\t\t\t\t\t\t\t\t<\/div>\n\t\t\t\t<\/div>\n\t\t\t\t\t<\/div>\n\t\t\t\t<\/div>\n\t\t\t\t<\/div>","protected":false},"excerpt":{"rendered":"<p>Thank you for your registration! We\u2019re excited to have you on board! In order to provide you with the best possible service, we kindly ask that you ensure your phone is available for a call. We may need to reach out to you for further information or to discuss your registration details. Rest assured, we\u2019ll [&hellip;]<\/p>\n","protected":false},"author":1,"featured_media":0,"parent":0,"menu_order":0,"comment_status":"closed","ping_status":"closed","template":"","meta":{"footnotes":""},"class_list":["post-900","page","type-page","status-publish","hentry"],"_links":{"self":[{"href":"https:\/\/immediateconnect.biz\/cs\/wp-json\/wp\/v2\/pages\/900","targetHints":{"allow":["GET"]}}],"collection":[{"href":"https:\/\/immediateconnect.biz\/cs\/wp-json\/wp\/v2\/pages"}],"about":[{"href":"https:\/\/immediateconnect.biz\/cs\/wp-json\/wp\/v2\/types\/page"}],"author":[{"embeddable":true,"href":"https:\/\/immediateconnect.biz\/cs\/wp-json\/wp\/v2\/users\/1"}],"replies":[{"embeddable":true,"href":"https:\/\/immediateconnect.biz\/cs\/wp-json\/wp\/v2\/comments?post=900"}],"version-history":[{"count":40,"href":"https:\/\/immediateconnect.biz\/cs\/wp-json\/wp\/v2\/pages\/900\/revisions"}],"predecessor-version":[{"id":1713,"href":"https:\/\/immediateconnect.biz\/cs\/wp-json\/wp\/v2\/pages\/900\/revisions\/1713"}],"wp:attachment":[{"href":"https:\/\/immediateconnect.biz\/cs\/wp-json\/wp\/v2\/media?parent=900"}],"curies":[{"name":"wp","href":"https:\/\/api.w.org\/{rel}","templated":true}]}}