{"id":297,"date":"2023-08-24T12:26:58","date_gmt":"2023-08-24T12:26:58","guid":{"rendered":"https:\/\/immediateconnect.biz\/?page_id=297"},"modified":"2025-12-10T06:33:28","modified_gmt":"2025-12-10T06:33:28","slug":"zasady-pouzivani-souboru-cookie","status":"publish","type":"page","link":"https:\/\/immediateconnect.biz\/cs\/cookie-policy\/","title":{"rendered":"Z\u00e1sady pou\u017e\u00edv\u00e1n\u00ed soubor\u016f cookie"},"content":{"rendered":"<div data-elementor-type=\"wp-page\" data-elementor-id=\"297\" class=\"elementor elementor-297\" data-elementor-post-type=\"page\">\n\t\t\t\t<div class=\"elementor-element elementor-element-42d1043 e-flex e-con-boxed e-con e-parent\" data-id=\"42d1043\" data-element_type=\"container\" data-e-type=\"container\" data-settings=\"{&quot;background_background&quot;:&quot;gradient&quot;}\">\n\t\t\t\t\t<div class=\"e-con-inner\">\n\t\t\t\t<div class=\"elementor-element elementor-element-47612aa elementor-widget elementor-widget-heading\" data-id=\"47612aa\" data-element_type=\"widget\" data-e-type=\"widget\" data-widget_type=\"heading.default\">\n\t\t\t\t\t<h1 class=\"elementor-heading-title elementor-size-default\">Z\u00e1sady pou\u017e\u00edv\u00e1n\u00ed soubor\u016f cookie<\/h1>\t\t\t\t<\/div>\n\t\t\t\t\t<\/div>\n\t\t\t\t<\/div>\n\t\t<div class=\"elementor-element elementor-element-ac51480 e-flex e-con-boxed e-con e-parent\" data-id=\"ac51480\" data-element_type=\"container\" data-e-type=\"container\" data-settings=\"{&quot;background_background&quot;:&quot;classic&quot;}\">\n\t\t\t\t\t<div class=\"e-con-inner\">\n\t\t\t\t<div class=\"elementor-element elementor-element-5932fcf elementor-widget elementor-widget-text-editor\" data-id=\"5932fcf\" data-element_type=\"widget\" data-e-type=\"widget\" data-widget_type=\"text-editor.default\">\n\t\t\t\t\t\t\t\t\t<p>V t\u00e9to \u010d\u00e1sti vysv\u011btl\u00edme v\u0161e, co pot\u0159ebujete v\u011bd\u011bt o r\u016fzn\u00fdch typech pou\u017e\u00edv\u00e1n\u00ed soubor\u016f cookie na <strong>Immediate Connect<\/strong> webov\u00e9 str\u00e1nky.<\/p>\t\t\t\t\t\t\t\t<\/div>\n\t\t\t\t<div class=\"elementor-element elementor-element-9db2ca4 elementor-widget elementor-widget-heading\" data-id=\"9db2ca4\" data-element_type=\"widget\" data-e-type=\"widget\" data-widget_type=\"heading.default\">\n\t\t\t\t\t<h2 class=\"elementor-heading-title elementor-size-default\">Co je to cookie?<\/h2>\t\t\t\t<\/div>\n\t\t\t\t<div class=\"elementor-element elementor-element-4f57277 elementor-widget elementor-widget-text-editor\" data-id=\"4f57277\" data-element_type=\"widget\" data-e-type=\"widget\" data-widget_type=\"text-editor.default\">\n\t\t\t\t\t\t\t\t\t<p>Soubor cookie je textov\u00fd soubor, kter\u00fd se ukl\u00e1d\u00e1 ve webov\u00e9m prohl\u00ed\u017ee\u010di a ukl\u00e1d\u00e1 informace o prohl\u00ed\u017een\u00ed, kter\u00e9 pom\u00e1haj\u00ed identifikovat va\u0161e za\u0159\u00edzen\u00ed. Kdy\u017e nav\u0161t\u00edv\u00edte webovou str\u00e1nku, jako nap\u0159\u00edklad <strong>Immediate Connect<\/strong>, soubor cookie se ode\u0161le do va\u0161eho po\u010d\u00edta\u010de, chytr\u00e9ho telefonu nebo tabletu a kdykoli znovu nav\u0161t\u00edv\u00edte stejnou webovou str\u00e1nku, soubor cookie se pou\u017eije k va\u0161\u00ed identifikaci. Soubory cookie se pou\u017e\u00edvaj\u00ed k zaznamen\u00e1v\u00e1n\u00ed va\u0161\u00ed aktivity a chov\u00e1n\u00ed p\u0159i prohl\u00ed\u017een\u00ed, aby webov\u00e9 str\u00e1nky mohly vytvo\u0159it personalizovan\u00fd z\u00e1\u017eitek, kter\u00fd je speci\u00e1ln\u011b p\u0159izp\u016fsoben v\u00e1m.<\/p>\t\t\t\t\t\t\t\t<\/div>\n\t\t\t\t<div class=\"elementor-element elementor-element-3b582b3 elementor-widget elementor-widget-heading\" data-id=\"3b582b3\" data-element_type=\"widget\" data-e-type=\"widget\" data-widget_type=\"heading.default\">\n\t\t\t\t\t<h2 class=\"elementor-heading-title elementor-size-default\">Pro\u010d pou\u017e\u00edv\u00e1me soubory cookie?<\/h2>\t\t\t\t<\/div>\n\t\t\t\t<div class=\"elementor-element elementor-element-ad3a232 elementor-widget elementor-widget-text-editor\" data-id=\"ad3a232\" data-element_type=\"widget\" data-e-type=\"widget\" data-widget_type=\"text-editor.default\">\n\t\t\t\t\t\t\t\t\t<p><strong>Immediate Connect<\/strong> pou\u017e\u00edv\u00e1 soubory cookie, kter\u00e9 n\u00e1m pom\u00e1haj\u00ed vylep\u0161ovat v\u0161echny aspekty na\u0161ich webov\u00fdch str\u00e1nek, v\u010detn\u011b jejich v\u00fdkonu, p\u0159\u00edstupnosti a funk\u010dnosti. Soubory cookie n\u00e1m poskytuj\u00ed d\u016fle\u017eit\u00e9 informace, kter\u00e9 n\u00e1m umo\u017e\u0148uj\u00ed pochopit, jak n\u00e1v\u0161t\u011bvn\u00edci interaguj\u00ed s na\u0161imi webov\u00fdmi str\u00e1nkami a dostupn\u00fdmi funkcemi.<\/p><p>For instance, cookies can show us which sections of the <strong>Immediate Connect<\/strong> jsou nejnav\u0161t\u011bvovan\u011bj\u0161\u00ed a v sekc\u00edch, kde u\u017eivatel\u00e9 tr\u00e1v\u00ed nejm\u00e9n\u011b \u010dasu. S t\u011bmito informacemi se m\u016f\u017eeme zam\u011b\u0159it na konkr\u00e9tn\u00ed oblasti na\u0161ich webov\u00fdch str\u00e1nek a pracovat na vylep\u0161en\u00edch, abychom zajistili lep\u0161\u00ed celkov\u00fd u\u017eivatelsk\u00fd z\u00e1\u017eitek.<\/p><p>Soubory cookie n\u00e1m tak\u00e9 umo\u017e\u0148uj\u00ed poskytovat n\u00e1v\u0161t\u011bvn\u00edk\u016fm webov\u00fdch str\u00e1nek personalizovan\u00fd obsah a funkce shroma\u017e\u010fov\u00e1n\u00edm informac\u00ed t\u00fdkaj\u00edc\u00edch se jejich z\u00e1jm\u016f a vzorc\u016f chov\u00e1n\u00ed. Soubory cookie n\u00e1m nav\u00edc umo\u017e\u0148uj\u00ed identifikovat a opravit jak\u00e9koli technick\u00e9 probl\u00e9my a tak\u00e9 zlep\u0161it zabezpe\u010den\u00ed <strong>Immediate Connect<\/strong> webov\u00e9 str\u00e1nky.<\/p>\t\t\t\t\t\t\t\t<\/div>\n\t\t\t\t<div class=\"elementor-element elementor-element-d3841ef elementor-widget elementor-widget-heading\" data-id=\"d3841ef\" data-element_type=\"widget\" data-e-type=\"widget\" data-widget_type=\"heading.default\">\n\t\t\t\t\t<h2 class=\"elementor-heading-title elementor-size-default\">R\u016fzn\u00e9 typy soubor\u016f cookie<\/h2>\t\t\t\t<\/div>\n\t\t\t\t<div class=\"elementor-element elementor-element-bfb17da elementor-widget elementor-widget-text-editor\" data-id=\"bfb17da\" data-element_type=\"widget\" data-e-type=\"widget\" data-widget_type=\"text-editor.default\">\n\t\t\t\t\t\t\t\t\t<p>P\u0159i pou\u017e\u00edv\u00e1n\u00ed se setk\u00e1te se t\u0159emi hlavn\u00edmi typy soubor\u016f cookie <strong>Immediate Connect<\/strong> webov\u00e9 str\u00e1nky. Jsou to n\u00e1sleduj\u00edc\u00ed:<\/p>\t\t\t\t\t\t\t\t<\/div>\n\t\t\t\t<div class=\"elementor-element elementor-element-348dec3 elementor-widget elementor-widget-heading\" data-id=\"348dec3\" data-element_type=\"widget\" data-e-type=\"widget\" data-widget_type=\"heading.default\">\n\t\t\t\t\t<h3 class=\"elementor-heading-title elementor-size-default\">Z\u00e1kladn\u00ed soubory cookie<\/h3>\t\t\t\t<\/div>\n\t\t\t\t<div class=\"elementor-element elementor-element-66e8faf elementor-widget elementor-widget-text-editor\" data-id=\"66e8faf\" data-element_type=\"widget\" data-e-type=\"widget\" data-widget_type=\"text-editor.default\">\n\t\t\t\t\t\t\t\t\t<p>Jako nejd\u016fle\u017eit\u011bj\u0161\u00ed typ soubor\u016f cookie, kter\u00e9 se pou\u017e\u00edvaj\u00ed na <strong>Immediate Connect,<\/strong> Z\u00e1kladn\u00ed soubory cookie (n\u011bkdy ozna\u010dovan\u00e9 jako trval\u00e9 soubory cookie) zaji\u0161\u0165uj\u00ed spr\u00e1vn\u00e9 fungov\u00e1n\u00ed webov\u00fdch str\u00e1nek. Tyto soubory cookie n\u00e1m umo\u017e\u0148uj\u00ed prov\u00e1d\u011bt v\u0161echny pot\u0159ebn\u00e9 akce a poskytovat n\u00e1v\u0161t\u011bvn\u00edk\u016fm pohodln\u00e9 funkce, jako je automatick\u00e9 vypl\u0148ov\u00e1n\u00ed a trval\u00e9 p\u0159ihla\u0161ov\u00e1n\u00ed. Z\u00e1kladn\u00ed soubory cookie jsou pro v\u00fdkon na\u0161ich webov\u00fdch str\u00e1nek z\u00e1sadn\u00ed. Bez nich by mnoho funkc\u00ed nebylo k dispozici a n\u00e1v\u0161t\u011bvn\u00edci by m\u011bli extr\u00e9mn\u011b omezen\u00fd u\u017eivatelsk\u00fd z\u00e1\u017eitek.<\/p>\t\t\t\t\t\t\t\t<\/div>\n\t\t\t\t<div class=\"elementor-element elementor-element-c4cee05 elementor-widget elementor-widget-heading\" data-id=\"c4cee05\" data-element_type=\"widget\" data-e-type=\"widget\" data-widget_type=\"heading.default\">\n\t\t\t\t\t<h3 class=\"elementor-heading-title elementor-size-default\">Soubory cookie slu\u017eby Google Analytics<\/h3>\t\t\t\t<\/div>\n\t\t\t\t<div class=\"elementor-element elementor-element-0b44c31 elementor-widget elementor-widget-text-editor\" data-id=\"0b44c31\" data-element_type=\"widget\" data-e-type=\"widget\" data-widget_type=\"text-editor.default\">\n\t\t\t\t\t\t\t\t\t<p><strong>Immediate Connect<\/strong> pou\u017e\u00edv\u00e1 soubory cookie slu\u017eby Google Analytics k lep\u0161\u00edmu pochopen\u00ed chov\u00e1n\u00ed a preferenc\u00ed na\u0161ich n\u00e1v\u0161t\u011bvn\u00edk\u016f. Tyto soubory cookie n\u00e1m poskytuj\u00ed lep\u0161\u00ed p\u0159ehled o tom, jak si na\u0161e webov\u00e9 str\u00e1nky vedou, a umo\u017e\u0148uj\u00ed n\u00e1m zam\u011b\u0159it se na kl\u00ed\u010dov\u00e9 oblasti, kter\u00e9 vy\u017eaduj\u00ed vylep\u0161en\u00ed nebo optimalizaci. D\u00edky t\u011bmto soubor\u016fm cookie m\u016f\u017eeme i nad\u00e1le poskytovat v\u0161em n\u00e1v\u0161t\u011bvn\u00edk\u016fm personalizovan\u00fd a u\u017eivatelsky p\u0159\u00edv\u011btiv\u00fd z\u00e1\u017eitek. Soubory cookie slu\u017eby Google Analytics neshroma\u017e\u010fuj\u00ed ani neukl\u00e1daj\u00ed osobn\u00ed \u00fadaje, jako je va\u0161e jm\u00e9no a kontaktn\u00ed \u00fadaje.<\/p>\t\t\t\t\t\t\t\t<\/div>\n\t\t\t\t<div class=\"elementor-element elementor-element-0253ec8 elementor-widget elementor-widget-heading\" data-id=\"0253ec8\" data-element_type=\"widget\" data-e-type=\"widget\" data-widget_type=\"heading.default\">\n\t\t\t\t\t<h3 class=\"elementor-heading-title elementor-size-default\">Soubory cookie t\u0159et\u00edch stran<\/h3>\t\t\t\t<\/div>\n\t\t\t\t<div class=\"elementor-element elementor-element-b6a632f elementor-widget elementor-widget-text-editor\" data-id=\"b6a632f\" data-element_type=\"widget\" data-e-type=\"widget\" data-widget_type=\"text-editor.default\">\n\t\t\t\t\t\t\t\t\t<p>P\u0159i pou\u017e\u00edv\u00e1n\u00ed na\u0161ich webov\u00fdch str\u00e1nek se m\u016f\u017eete setkat tak\u00e9 se soubory cookie t\u0159et\u00edch stran. Tyto soubory cookie pat\u0159\u00ed webov\u00fdm str\u00e1nk\u00e1m t\u0159et\u00edch stran, se kter\u00fdmi m\u00e1me partnersk\u00e9 vztahy nebo na kter\u00e9 odkazujeme prost\u0159ednictv\u00edm obsahu na\u0161ich webov\u00fdch str\u00e1nek, jako jsou nap\u0159\u00edklad makl\u00e9\u0159sk\u00e9 spole\u010dnosti. Soubory cookie t\u0159et\u00edch stran umo\u017e\u0148uj\u00ed plynul\u00fd p\u0159echod mezi na\u0161imi webov\u00fdmi str\u00e1nkami a webov\u00fdmi str\u00e1nkami na\u0161ich partner\u016f. Pokud se chcete o t\u011bchto souborech cookie dozv\u011bd\u011bt v\u00edce, m\u016f\u017eete se v\u00edce informac\u00ed dozv\u011bd\u011bt prost\u0159ednictv\u00edm p\u0159\u00edslu\u0161n\u00fdch z\u00e1sad pou\u017e\u00edv\u00e1n\u00ed soubor\u016f cookie webov\u00fdch str\u00e1nek t\u0159et\u00edch stran, na kter\u00e9 odkazujeme.<\/p>\t\t\t\t\t\t\t\t<\/div>\n\t\t\t\t<div class=\"elementor-element elementor-element-8a34508 elementor-widget elementor-widget-heading\" data-id=\"8a34508\" data-element_type=\"widget\" data-e-type=\"widget\" data-widget_type=\"heading.default\">\n\t\t\t\t\t<h3 class=\"elementor-heading-title elementor-size-default\">Jak upravit nebo zak\u00e1zat soubory cookie?<\/h3>\t\t\t\t<\/div>\n\t\t\t\t<div class=\"elementor-element elementor-element-43d037c elementor-widget elementor-widget-text-editor\" data-id=\"43d037c\" data-element_type=\"widget\" data-e-type=\"widget\" data-widget_type=\"text-editor.default\">\n\t\t\t\t\t\t\t\t\t<p>Soubory cookie jsou cenn\u00fdm n\u00e1strojem, kter\u00fd n\u00e1m pom\u00e1h\u00e1 zlep\u0161ovat na\u0161e slu\u017eby a poskytovat n\u00e1v\u0161t\u011bvn\u00edk\u016fm pozitivn\u00ed u\u017eivatelsk\u00fd z\u00e1\u017eitek. <strong>Immediate Connect<\/strong> webov\u00e9 str\u00e1nky. Pou\u017e\u00edv\u00e1n\u00ed soubor\u016f cookie v\u0161ak nen\u00ed povinn\u00e9 a soubory cookie lze kdykoli zak\u00e1zat. Upozor\u0148ujeme, \u017ee po zak\u00e1z\u00e1n\u00ed soubor\u016f cookie mohou b\u00fdt n\u011bkter\u00e9 funkce nep\u0159\u00edstupn\u00e9 nebo nemus\u00ed fungovat spr\u00e1vn\u011b.<\/p><p>Pokud si p\u0159ejete na\u0161e soubory cookie zak\u00e1zat nebo upravit nastaven\u00ed soubor\u016f cookie, m\u016f\u017eete tak u\u010dinit v nastaven\u00ed sv\u00e9ho prohl\u00ed\u017ee\u010de. Soubory cookie lze tak\u00e9 odm\u00edtnout ve vyskakovac\u00edm okn\u011b, kter\u00e9 se zobraz\u00ed p\u0159i prvn\u00edm p\u0159\u00edstupu na na\u0161e webov\u00e9 str\u00e1nky.<\/p>\t\t\t\t\t\t\t\t<\/div>\n\t\t\t\t<div class=\"elementor-element elementor-element-8bbb6e5 elementor-widget elementor-widget-heading\" data-id=\"8bbb6e5\" data-element_type=\"widget\" data-e-type=\"widget\" data-widget_type=\"heading.default\">\n\t\t\t\t\t<h3 class=\"elementor-heading-title elementor-size-default\">Zm\u011bny z\u00e1sad<\/h3>\t\t\t\t<\/div>\n\t\t\t\t<div class=\"elementor-element elementor-element-986aa64 elementor-widget elementor-widget-text-editor\" data-id=\"986aa64\" data-element_type=\"widget\" data-e-type=\"widget\" data-widget_type=\"text-editor.default\">\n\t\t\t\t\t\t\t\t\t<p>Ve\u0161ker\u00fd obsah t\u011bchto Z\u00e1sad pou\u017e\u00edv\u00e1n\u00ed soubor\u016f cookie se m\u016f\u017ee kdykoli a bez p\u0159edchoz\u00edho upozorn\u011bn\u00ed zm\u011bnit. Ve\u0161ker\u00e9 zm\u011bny proveden\u00e9 v t\u011bchto z\u00e1sad\u00e1ch nab\u00fdvaj\u00ed platnosti okam\u017eit\u011b po jejich zve\u0159ejn\u011bn\u00ed. Na\u0161i u\u017eivatel\u00e9 se mus\u00ed ujistit, \u017ee jsou informov\u00e1ni o nejnov\u011bj\u0161\u00ed verzi t\u011bchto Z\u00e1sad pou\u017e\u00edv\u00e1n\u00ed soubor\u016f cookie, proto\u017ee jejich dal\u0161\u00ed pou\u017e\u00edv\u00e1n\u00ed <strong>Immediate Connect<\/strong> vyjad\u0159uje jejich souhlas se v\u0161emi proveden\u00fdmi zm\u011bnami.<\/p>\t\t\t\t\t\t\t\t<\/div>\n\t\t\t\t\t<\/div>\n\t\t\t\t<\/div>\n\t\t\t\t<\/div>","protected":false},"excerpt":{"rendered":"<p>Cookie Policy In this section, we shall explain everything you need to know about the different types of cookie usage on the Immediate Connect website. What Is a Cookie? A cookie is a text file that is stored within a web browser and saves browsing information that helps to identify your device. When you visit [&hellip;]<\/p>\n","protected":false},"author":1,"featured_media":0,"parent":0,"menu_order":0,"comment_status":"closed","ping_status":"closed","template":"elementor_header_footer","meta":{"footnotes":""},"class_list":["post-297","page","type-page","status-publish","hentry"],"_links":{"self":[{"href":"https:\/\/immediateconnect.biz\/cs\/wp-json\/wp\/v2\/pages\/297","targetHints":{"allow":["GET"]}}],"collection":[{"href":"https:\/\/immediateconnect.biz\/cs\/wp-json\/wp\/v2\/pages"}],"about":[{"href":"https:\/\/immediateconnect.biz\/cs\/wp-json\/wp\/v2\/types\/page"}],"author":[{"embeddable":true,"href":"https:\/\/immediateconnect.biz\/cs\/wp-json\/wp\/v2\/users\/1"}],"replies":[{"embeddable":true,"href":"https:\/\/immediateconnect.biz\/cs\/wp-json\/wp\/v2\/comments?post=297"}],"version-history":[{"count":44,"href":"https:\/\/immediateconnect.biz\/cs\/wp-json\/wp\/v2\/pages\/297\/revisions"}],"predecessor-version":[{"id":1647,"href":"https:\/\/immediateconnect.biz\/cs\/wp-json\/wp\/v2\/pages\/297\/revisions\/1647"}],"wp:attachment":[{"href":"https:\/\/immediateconnect.biz\/cs\/wp-json\/wp\/v2\/media?parent=297"}],"curies":[{"name":"wp","href":"https:\/\/api.w.org\/{rel}","templated":true}]}}