{"id":241,"date":"2023-08-24T11:10:31","date_gmt":"2023-08-24T11:10:31","guid":{"rendered":"https:\/\/immediateconnect.biz\/?page_id=241"},"modified":"2025-06-30T13:23:33","modified_gmt":"2025-06-30T13:23:33","slug":"casto-kladene-otazky","status":"publish","type":"page","link":"https:\/\/immediateconnect.biz\/cs\/faqs\/","title":{"rendered":"FAQs"},"content":{"rendered":"<div data-elementor-type=\"wp-page\" data-elementor-id=\"241\" class=\"elementor elementor-241\" data-elementor-post-type=\"page\">\n\t\t\t\t<div class=\"elementor-element elementor-element-e359744 e-flex e-con-boxed e-con e-parent\" data-id=\"e359744\" data-element_type=\"container\" data-e-type=\"container\" data-settings=\"{&quot;background_background&quot;:&quot;gradient&quot;}\">\n\t\t\t\t\t<div class=\"e-con-inner\">\n\t\t\t\t<div class=\"elementor-element elementor-element-f14c8f1 elementor-widget elementor-widget-heading\" data-id=\"f14c8f1\" data-element_type=\"widget\" data-e-type=\"widget\" data-widget_type=\"heading.default\">\n\t\t\t\t\t<h1 class=\"elementor-heading-title elementor-size-default\">\u010casto kladen\u00e9 ot\u00e1zky<\/h1>\t\t\t\t<\/div>\n\t\t\t\t<div class=\"elementor-element elementor-element-5e3769f elementor-widget elementor-widget-text-editor\" data-id=\"5e3769f\" data-element_type=\"widget\" data-e-type=\"widget\" data-widget_type=\"text-editor.default\">\n\t\t\t\t\t\t\t\t\t<p>Zde naleznete odpov\u011bdi na nej\u010dast\u011bji kladen\u00e9 ot\u00e1zky t\u00fdkaj\u00edc\u00ed se na\u0161\u00ed platformy, slu\u017eeb a makl\u00e9\u0159\u016f, se kter\u00fdmi spolupracujeme!<\/p>\t\t\t\t\t\t\t\t<\/div>\n\t\t\t\t\t<\/div>\n\t\t\t\t<\/div>\n\t\t<div class=\"elementor-element elementor-element-a660155 e-flex e-con-boxed e-con e-parent\" data-id=\"a660155\" data-element_type=\"container\" data-e-type=\"container\" data-settings=\"{&quot;background_background&quot;:&quot;classic&quot;}\">\n\t\t\t\t\t<div class=\"e-con-inner\">\n\t\t<div class=\"elementor-element elementor-element-bf346dd e-con-full e-flex e-con e-child\" data-id=\"bf346dd\" data-element_type=\"container\" data-e-type=\"container\" data-settings=\"{&quot;background_background&quot;:&quot;classic&quot;}\">\n\t\t\t\t<div class=\"elementor-element elementor-element-6e1b2f3 elementor-widget elementor-widget-heading\" data-id=\"6e1b2f3\" data-element_type=\"widget\" data-e-type=\"widget\" data-widget_type=\"heading.default\">\n\t\t\t\t\t<h2 class=\"elementor-heading-title elementor-size-default\">Co je slu\u017eba Immediate Connect?<\/h2>\t\t\t\t<\/div>\n\t\t\t\t<div class=\"elementor-element elementor-element-7f8b315 elementor-widget elementor-widget-text-editor\" data-id=\"7f8b315\" data-element_type=\"widget\" data-e-type=\"widget\" data-widget_type=\"text-editor.default\">\n\t\t\t\t\t\t\t\t\t<p>Immediate Connect je marketingov\u00fd n\u00e1stroj, jeho\u017e \u00fa\u010delem je p\u0159eklenout propast mezi obchodn\u00edky a makl\u00e9\u0159i. Tato platforma byla navr\u017eena tak, aby zp\u0159\u00edstupnila obchodov\u00e1n\u00ed i \u00fapln\u00fdm za\u010d\u00e1te\u010dn\u00edk\u016fm. Immediate Connect se rozhodl spolupracovat se zaveden\u00fdmi brokery po cel\u00e9m sv\u011bt\u011b, kte\u0159\u00ed u\u017eivatel\u016fm nab\u00edzej\u00ed u\u017eite\u010dn\u00e9 n\u00e1stroje a slu\u017eby. Nejsme finan\u010dn\u00ed poradci a neneseme odpov\u011bdnost za \u017e\u00e1dn\u00e9 v\u00fdsledky, kter\u00e9 mohou nastat v d\u016fsledku obchodov\u00e1n\u00ed prost\u0159ednictv\u00edm n\u011bkter\u00e9ho z na\u0161ich partnersk\u00fdch broker\u016f.<\/p>\t\t\t\t\t\t\t\t<\/div>\n\t\t\t\t<\/div>\n\t\t<div class=\"elementor-element elementor-element-90855d5 e-con-full e-flex e-con e-child\" data-id=\"90855d5\" data-element_type=\"container\" data-e-type=\"container\" data-settings=\"{&quot;background_background&quot;:&quot;classic&quot;}\">\n\t\t\t\t<div class=\"elementor-element elementor-element-942ad48 elementor-widget elementor-widget-heading\" data-id=\"942ad48\" data-element_type=\"widget\" data-e-type=\"widget\" data-widget_type=\"heading.default\">\n\t\t\t\t\t<h2 class=\"elementor-heading-title elementor-size-default\">Co je to makl\u00e9\u0159?<\/h2>\t\t\t\t<\/div>\n\t\t\t\t<div class=\"elementor-element elementor-element-1cc02a3 elementor-widget elementor-widget-text-editor\" data-id=\"1cc02a3\" data-element_type=\"widget\" data-e-type=\"widget\" data-widget_type=\"text-editor.default\">\n\t\t\t\t\t\t\t\t\t<p>Makl\u00e9\u0159 (nebo makl\u00e9\u0159sk\u00e1 spole\u010dnost) je prost\u0159edn\u00edkem mezi obchodn\u00edky a trhem. Jejich \u00fakolem je zprost\u0159edkov\u00e1vat transakce, za co\u017e jsou odm\u011b\u0148ov\u00e1ni, a nab\u00edzet r\u016fzn\u00e9 dal\u0161\u00ed slu\u017eby. Mnoho makl\u00e9\u0159\u016f tak\u00e9 poskytuje obchodn\u00edk\u016fm n\u00e1stroje, pokyny a zdroje, kter\u00e9 jim mohou pomoci p\u0159i obchodov\u00e1n\u00ed s kryptom\u011bnami a dal\u0161\u00edmi aktivy. N\u011bkte\u0159\u00ed makl\u00e9\u0159i nap\u0159\u00edklad poskytuj\u00ed demo \u00fa\u010dty, kter\u00e9 u\u017eivatel\u016fm umo\u017e\u0148uj\u00ed tr\u00e9novat obchodov\u00e1n\u00ed v bezpe\u010dn\u00e9m prost\u0159ed\u00ed s vyu\u017eit\u00edm fiktivn\u00edch finan\u010dn\u00edch prost\u0159edk\u016f.<\/p>\t\t\t\t\t\t\t\t<\/div>\n\t\t\t\t<\/div>\n\t\t<div class=\"elementor-element elementor-element-c178d55 e-con-full e-flex e-con e-child\" data-id=\"c178d55\" data-element_type=\"container\" data-e-type=\"container\" data-settings=\"{&quot;background_background&quot;:&quot;classic&quot;}\">\n\t\t\t\t<div class=\"elementor-element elementor-element-5605e1c elementor-widget elementor-widget-heading\" data-id=\"5605e1c\" data-element_type=\"widget\" data-e-type=\"widget\" data-widget_type=\"heading.default\">\n\t\t\t\t\t<h2 class=\"elementor-heading-title elementor-size-default\">S jak\u00fdmi aktivy mohu obchodovat?<\/h2>\t\t\t\t<\/div>\n\t\t\t\t<div class=\"elementor-element elementor-element-450da9a elementor-widget elementor-widget-text-editor\" data-id=\"450da9a\" data-element_type=\"widget\" data-e-type=\"widget\" data-widget_type=\"text-editor.default\">\n\t\t\t\t\t\t\t\t\t<p>Na\u0161i makl\u00e9\u0159i podporuj\u00ed obchodov\u00e1n\u00ed s mnoha r\u016fzn\u00fdmi aktivy, v\u010detn\u011b r\u016fzn\u00fdch kryptom\u011bn, jako jsou Bitcoin (BTC), Ethereum (ETH), XRP (XRP), BNB (BNB), Tether (USDT), Cardano (ADA), Dogecoin (DOGE), Shiba Inu (SHIB), Avalanche (AVAX), Polygon (MATIC) a Solana (SOL). Mnoho broker\u016f, se kter\u00fdmi spolupracujeme, podporuje krom\u011b komodit, jako je zlato, st\u0159\u00edbro a ropa, tak\u00e9 dal\u0161\u00ed obchodovateln\u00e1 aktiva, v\u010detn\u011b akci\u00ed, forexu a CFD.<\/p>\t\t\t\t\t\t\t\t<\/div>\n\t\t\t\t<\/div>\n\t\t<div class=\"elementor-element elementor-element-3387eca e-con-full e-flex e-con e-child\" data-id=\"3387eca\" data-element_type=\"container\" data-e-type=\"container\" data-settings=\"{&quot;background_background&quot;:&quot;classic&quot;}\">\n\t\t\t\t<div class=\"elementor-element elementor-element-12f1420 elementor-widget elementor-widget-heading\" data-id=\"12f1420\" data-element_type=\"widget\" data-e-type=\"widget\" data-widget_type=\"heading.default\">\n\t\t\t\t\t<h2 class=\"elementor-heading-title elementor-size-default\">Je Immediate Connect vhodn\u00fd pro za\u010d\u00ednaj\u00edc\u00ed obchodn\u00edky?<\/h2>\t\t\t\t<\/div>\n\t\t\t\t<div class=\"elementor-element elementor-element-790c42b elementor-widget elementor-widget-text-editor\" data-id=\"790c42b\" data-element_type=\"widget\" data-e-type=\"widget\" data-widget_type=\"text-editor.default\">\n\t\t\t\t\t\t\t\t\t<p>Ano, Immediate Connect je rozhodn\u011b vhodn\u00fd jak pro za\u010d\u00e1te\u010dn\u00edky, tak pro obchodn\u00edky v\u0161ech ostatn\u00edch \u00farovn\u00ed zku\u0161enost\u00ed! Zajistili jsme, \u017ee na\u0161e platforma je snadno ovladateln\u00e1 a v\u0161echny slu\u017eby jsou p\u0159\u00e1telsk\u00e9 k za\u010d\u00e1te\u010dn\u00edk\u016fm, tak\u017ee nepot\u0159ebujete \u017e\u00e1dn\u00e9 p\u0159edchoz\u00ed zku\u0161enosti s obchodov\u00e1n\u00edm, abyste si mohli vytvo\u0159it \u00fa\u010det a b\u00fdt p\u0159ipojeni k jednomu z na\u0161ich broker\u016f s bohatou nab\u00eddkou funkc\u00ed.<\/p>\t\t\t\t\t\t\t\t<\/div>\n\t\t\t\t<\/div>\n\t\t<div class=\"elementor-element elementor-element-7cb36ec e-con-full e-flex e-con e-child\" data-id=\"7cb36ec\" data-element_type=\"container\" data-e-type=\"container\" data-settings=\"{&quot;background_background&quot;:&quot;classic&quot;}\">\n\t\t\t\t<div class=\"elementor-element elementor-element-bd736b4 elementor-widget elementor-widget-heading\" data-id=\"bd736b4\" data-element_type=\"widget\" data-e-type=\"widget\" data-widget_type=\"heading.default\">\n\t\t\t\t\t<h2 class=\"elementor-heading-title elementor-size-default\">Jak si mohu vytvo\u0159it \u00fa\u010det u slu\u017eby Immediate Connect?<\/h2>\t\t\t\t<\/div>\n\t\t\t\t<div class=\"elementor-element elementor-element-b36b32e elementor-widget elementor-widget-text-editor\" data-id=\"b36b32e\" data-element_type=\"widget\" data-e-type=\"widget\" data-widget_type=\"text-editor.default\">\n\t\t\t\t\t\t\t\t\t<p>Vytvo\u0159en\u00ed \u00fa\u010dtu v Immediate Connect je rychl\u00e9 a jednoduch\u00e9. Sta\u010d\u00ed p\u0159ej\u00edt na str\u00e1nku \"Login\" a vyplnit registra\u010dn\u00ed formul\u00e1\u0159 zad\u00e1n\u00edm cel\u00e9ho jm\u00e9na a kontaktn\u00edch \u00fadaj\u016f. Brzy pot\u00e9 m\u016f\u017eete o\u010dek\u00e1vat, \u017ee v\u00e1s bude kontaktovat makl\u00e9\u0159, se kter\u00fdm v\u00e1s n\u00e1\u0161 algoritmus spojil. S p\u0159id\u011blen\u00fdm makl\u00e9\u0159em m\u016f\u017eete probrat sv\u00e9 preference a c\u00edle je\u0161t\u011b p\u0159ed vlo\u017een\u00edm prost\u0159edk\u016f na \u00fa\u010det. Pot\u00e9 jste p\u0159ipraveni za\u010d\u00edt obchodovat!<\/p>\t\t\t\t\t\t\t\t<\/div>\n\t\t\t\t<\/div>\n\t\t<div class=\"elementor-element elementor-element-6aef8a8 e-con-full e-flex e-con e-child\" data-id=\"6aef8a8\" data-element_type=\"container\" data-e-type=\"container\" data-settings=\"{&quot;background_background&quot;:&quot;classic&quot;}\">\n\t\t\t\t<div class=\"elementor-element elementor-element-9fb4d4d elementor-widget elementor-widget-heading\" data-id=\"9fb4d4d\" data-element_type=\"widget\" data-e-type=\"widget\" data-widget_type=\"heading.default\">\n\t\t\t\t\t<h2 class=\"elementor-heading-title elementor-size-default\">Kolik stoj\u00ed slu\u017eba Immediate Connect?<\/h2>\t\t\t\t<\/div>\n\t\t\t\t<div class=\"elementor-element elementor-element-cb14c07 elementor-widget elementor-widget-text-editor\" data-id=\"cb14c07\" data-element_type=\"widget\" data-e-type=\"widget\" data-widget_type=\"text-editor.default\">\n\t\t\t\t\t\t\t\t\t<p>Immediate Connect je 100% zdarma pro v\u0161echny u\u017eivatele! Proto\u017ee jsme kompenzov\u00e1ni na\u0161imi partnersk\u00fdmi makl\u00e9\u0159i, m\u016f\u017eeme hrd\u011b prohl\u00e1sit, \u017ee nikde na na\u0161\u00ed platform\u011b nejsou \u017e\u00e1dn\u00e9 skryt\u00e9 poplatky. V\u0161ichni u\u017eivatel\u00e9 mohou proch\u00e1zet na\u0161e webov\u00e9 str\u00e1nky, vytvo\u0159it si \u00fa\u010det a nechat n\u00e1\u0161 automatick\u00fd algoritmus, aby jim bez jak\u00fdchkoli n\u00e1klad\u016f p\u0159id\u011blil makl\u00e9\u0159e. Ne\u017e v\u0161ak u\u017eivatel\u00e9 dokon\u010d\u00ed registraci sv\u00e9ho \u00fa\u010dtu a za\u010dnou obchodovat prost\u0159ednictv\u00edm p\u0159id\u011blen\u00e9ho brokera, budou muset vlo\u017eit minim\u00e1ln\u011b 250 USD.<\/p>\t\t\t\t\t\t\t\t<\/div>\n\t\t\t\t<\/div>\n\t\t<div class=\"elementor-element elementor-element-b73d891 e-con-full e-flex e-con e-child\" data-id=\"b73d891\" data-element_type=\"container\" data-e-type=\"container\" data-settings=\"{&quot;background_background&quot;:&quot;classic&quot;}\">\n\t\t\t\t<div class=\"elementor-element elementor-element-520c8e2 elementor-widget elementor-widget-heading\" data-id=\"520c8e2\" data-element_type=\"widget\" data-e-type=\"widget\" data-widget_type=\"heading.default\">\n\t\t\t\t\t<h2 class=\"elementor-heading-title elementor-size-default\">Mohu vyd\u011blat na obchodov\u00e1n\u00ed s kryptom\u011bnami?<\/h2>\t\t\t\t<\/div>\n\t\t\t\t<div class=\"elementor-element elementor-element-34d73ba elementor-widget elementor-widget-text-editor\" data-id=\"34d73ba\" data-element_type=\"widget\" data-e-type=\"widget\" data-widget_type=\"text-editor.default\">\n\t\t\t\t\t\t\t\t\t<p>Nen\u00ed zaru\u010deno, \u017ee vy nebo jak\u00fdkoli jin\u00fd obchodn\u00edk dos\u00e1hnete zisku z obchodov\u00e1n\u00ed s kryptom\u011bnami, a to ani p\u0159i pou\u017eit\u00ed n\u00e1stroj\u016f a slu\u017eeb nab\u00edzen\u00fdch na\u0161imi makl\u00e9\u0159i. Trh s kryptom\u011bnami je extr\u00e9mn\u011b volatiln\u00ed a i velmi zku\u0161en\u00fdm obchodn\u00edk\u016fm hroz\u00ed, \u017ee o sv\u00e1 aktiva p\u0159ijdou. Abyste v\u0161ak zv\u00fd\u0161ili sv\u00e9 \u0161ance na potenci\u00e1ln\u00ed zisk z obchodov\u00e1n\u00ed s kryptom\u011bnami, doporu\u010dujeme prov\u00e9st dostate\u010dn\u00fd pr\u016fzkum, zv\u00e1\u017eit svou toleranci k riziku a vytvo\u0159it diverzifikovan\u00e9 portfolio.<\/p>\t\t\t\t\t\t\t\t<\/div>\n\t\t\t\t<\/div>\n\t\t\t\t\t<\/div>\n\t\t\t\t<\/div>\n\t\t\t\t<\/div>","protected":false},"excerpt":{"rendered":"<p>Frequently Asked Questions Here, you\u2019ll find the answers to the most frequently asked questions about our platform, services, and the brokers we partner with! What Is Immediate Connect? Immediate Connect is a marketing tool whose purpose is to bridge the gap between traders and brokers. This platform was designed to make trading more accessible, even [&hellip;]<\/p>\n","protected":false},"author":1,"featured_media":0,"parent":0,"menu_order":0,"comment_status":"closed","ping_status":"closed","template":"elementor_header_footer","meta":{"footnotes":""},"class_list":["post-241","page","type-page","status-publish","hentry"],"_links":{"self":[{"href":"https:\/\/immediateconnect.biz\/cs\/wp-json\/wp\/v2\/pages\/241","targetHints":{"allow":["GET"]}}],"collection":[{"href":"https:\/\/immediateconnect.biz\/cs\/wp-json\/wp\/v2\/pages"}],"about":[{"href":"https:\/\/immediateconnect.biz\/cs\/wp-json\/wp\/v2\/types\/page"}],"author":[{"embeddable":true,"href":"https:\/\/immediateconnect.biz\/cs\/wp-json\/wp\/v2\/users\/1"}],"replies":[{"embeddable":true,"href":"https:\/\/immediateconnect.biz\/cs\/wp-json\/wp\/v2\/comments?post=241"}],"version-history":[{"count":31,"href":"https:\/\/immediateconnect.biz\/cs\/wp-json\/wp\/v2\/pages\/241\/revisions"}],"predecessor-version":[{"id":1563,"href":"https:\/\/immediateconnect.biz\/cs\/wp-json\/wp\/v2\/pages\/241\/revisions\/1563"}],"wp:attachment":[{"href":"https:\/\/immediateconnect.biz\/cs\/wp-json\/wp\/v2\/media?parent=241"}],"curies":[{"name":"wp","href":"https:\/\/api.w.org\/{rel}","templated":true}]}}