{"id":222,"date":"2023-08-24T09:40:47","date_gmt":"2023-08-24T09:40:47","guid":{"rendered":"https:\/\/immediateconnect.biz\/?page_id=222"},"modified":"2025-12-10T06:53:22","modified_gmt":"2025-12-10T06:53:22","slug":"o","status":"publish","type":"page","link":"https:\/\/immediateconnect.biz\/cs\/about\/","title":{"rendered":"O str\u00e1nk\u00e1ch"},"content":{"rendered":"<div data-elementor-type=\"wp-page\" data-elementor-id=\"222\" class=\"elementor elementor-222\" data-elementor-post-type=\"page\">\n\t\t\t\t<div class=\"elementor-element elementor-element-1f80fca e-flex e-con-boxed e-con e-parent\" data-id=\"1f80fca\" data-element_type=\"container\" data-e-type=\"container\" data-settings=\"{&quot;background_background&quot;:&quot;gradient&quot;}\">\n\t\t\t\t\t<div class=\"e-con-inner\">\n\t\t\t\t<div class=\"elementor-element elementor-element-1217b5a elementor-widget elementor-widget-heading\" data-id=\"1217b5a\" data-element_type=\"widget\" data-e-type=\"widget\" data-widget_type=\"heading.default\">\n\t\t\t\t\t<h1 class=\"elementor-heading-title elementor-size-default\">O n\u00e1s<\/h1>\t\t\t\t<\/div>\n\t\t\t\t<div class=\"elementor-element elementor-element-6b81b3f elementor-widget elementor-widget-text-editor\" data-id=\"6b81b3f\" data-element_type=\"widget\" data-e-type=\"widget\" data-widget_type=\"text-editor.default\">\n\t\t\t\t\t\t\t\t\t<p>Zjist\u011bte v\u00edce o platform\u011b Immediate Connect a zjist\u011bte, jak se sna\u017e\u00edme zm\u011bnit stav obchodov\u00e1n\u00ed s akciemi pro u\u017eivatele po cel\u00e9m sv\u011bt\u011b!<\/p>\t\t\t\t\t\t\t\t<\/div>\n\t\t\t\t\t<\/div>\n\t\t\t\t<\/div>\n\t\t<div class=\"elementor-element elementor-element-c59ca0c e-flex e-con-boxed e-con e-parent\" data-id=\"c59ca0c\" data-element_type=\"container\" data-e-type=\"container\" data-settings=\"{&quot;background_background&quot;:&quot;classic&quot;}\">\n\t\t\t\t\t<div class=\"e-con-inner\">\n\t\t<div class=\"elementor-element elementor-element-ebac9cf e-con-full e-flex e-con e-child\" data-id=\"ebac9cf\" data-element_type=\"container\" data-e-type=\"container\">\n\t\t\t\t<div class=\"elementor-element elementor-element-b1b5e85 elementor-widget elementor-widget-heading\" data-id=\"b1b5e85\" data-element_type=\"widget\" data-e-type=\"widget\" data-widget_type=\"heading.default\">\n\t\t\t\t\t<h2 class=\"elementor-heading-title elementor-size-default\">Na\u0161e hodnoty<\/h2>\t\t\t\t<\/div>\n\t\t\t\t<div class=\"elementor-element elementor-element-f56ff0f elementor-widget elementor-widget-text-editor\" data-id=\"f56ff0f\" data-element_type=\"widget\" data-e-type=\"widget\" data-widget_type=\"text-editor.default\">\n\t\t\t\t\t\t\t\t\t<p>Immediate Connect m\u00e1 t\u0159i hlavn\u00ed hodnoty, kter\u00e9 jsme zohlednili p\u0159i navrhov\u00e1n\u00ed t\u00e9to platformy a v\u00fdb\u011bru makl\u00e9\u0159\u016f, s nimi\u017e spolupracujeme. Jsou to n\u00e1sleduj\u00edc\u00ed:<\/p>\t\t\t\t\t\t\t\t<\/div>\n\t\t\t\t<div class=\"elementor-element elementor-element-900c73a elementor-widget elementor-widget-text-editor\" data-id=\"900c73a\" data-element_type=\"widget\" data-e-type=\"widget\" data-widget_type=\"text-editor.default\">\n\t\t\t\t\t\t\t\t\t<ul class=\"text-white\"><li>Ka\u017ed\u00fd by m\u011bl m\u00edt mo\u017enost investovat do akci\u00ed a dal\u0161\u00edch aktiv.<\/li><li>Sv\u011bt obchodov\u00e1n\u00ed by m\u011bl b\u00fdt p\u0159\u00edstupn\u00fd a p\u0159\u00edv\u011btiv\u00fd pro obchodn\u00edky s jakoukoli \u00farovn\u00ed zku\u0161enost\u00ed.<\/li><li>Makl\u00e9\u0159i by m\u011bli b\u00fdt pln\u011b funk\u010dn\u00ed, vst\u0159\u00edcn\u00ed a p\u0159\u00e1tel\u0161t\u00ed k za\u010d\u00e1te\u010dn\u00edk\u016fm, aby ka\u017ed\u00fd obchodn\u00edk mohl snadno vyu\u017e\u00edvat jejich slu\u017eeb.<\/li><\/ul>\t\t\t\t\t\t\t\t<\/div>\n\t\t\t\t<div class=\"elementor-element elementor-element-1d61d43 elementor-widget elementor-widget-text-editor\" data-id=\"1d61d43\" data-element_type=\"widget\" data-e-type=\"widget\" data-widget_type=\"text-editor.default\">\n\t\t\t\t\t\t\t\t\t<p>Na\u0161\u00edm c\u00edlem je zp\u0159\u00edstupnit obchodov\u00e1n\u00ed pro za\u010d\u00e1te\u010dn\u00edky a bez stresu. D\u00edky partnerstv\u00ed se \u0161pi\u010dkov\u00fdmi makl\u00e9\u0159i zjednodu\u0161ujeme proces t\u00edm, \u017ee v\u00e1m nab\u00eddneme spr\u00e1vnou podporu, tak\u017ee se m\u016f\u017eete soust\u0159edit na u\u010den\u00ed bez obav z drah\u00fdch chyb. Na\u0161i makl\u00e9\u0159i poskytuj\u00ed n\u00e1stroje, zdroje a dokonce demo \u00fa\u010dty vhodn\u00e9 pro za\u010d\u00e1te\u010dn\u00edky, kter\u00e9 v\u00e1m pomohou cvi\u010dit bez rizika a vybudovat si sebev\u011bdom\u00ed p\u0159ed investov\u00e1n\u00edm skute\u010dn\u00fdch pen\u011bz. Za\u010dn\u011bte svou obchodn\u00ed cestu s lehkost\u00ed a p\u0159izp\u016fsobenou podporou pro jakoukoli \u00farove\u0148 zku\u0161enost\u00ed!<\/p>\t\t\t\t\t\t\t\t<\/div>\n\t\t\t\t<\/div>\n\t\t<div class=\"elementor-element elementor-element-ff7c6ba e-con-full e-flex e-con e-child\" data-id=\"ff7c6ba\" data-element_type=\"container\" data-e-type=\"container\">\n\t\t\t\t<div class=\"elementor-element elementor-element-9043b3b elementor-widget-mobile__width-initial elementor-widget elementor-widget-image\" data-id=\"9043b3b\" data-element_type=\"widget\" data-e-type=\"widget\" data-widget_type=\"image.default\">\n\t\t\t\t\t\t\t\t\t\t\t\t\t\t\t<img fetchpriority=\"high\" decoding=\"async\" width=\"800\" height=\"450\" src=\"https:\/\/immediateconnect.biz\/wp-content\/uploads\/2024\/02\/bg-hero-1_11zon.webp\" class=\"attachment-large size-large wp-image-607\" alt=\"trade with immediate connect\" srcset=\"https:\/\/immediateconnect.biz\/wp-content\/uploads\/2024\/02\/bg-hero-1_11zon.webp 1000w, https:\/\/immediateconnect.biz\/wp-content\/uploads\/2024\/02\/bg-hero-1_11zon-300x169.webp 300w, https:\/\/immediateconnect.biz\/wp-content\/uploads\/2024\/02\/bg-hero-1_11zon-768x432.webp 768w\" sizes=\"(max-width: 800px) 100vw, 800px\" \/>\t\t\t\t\t\t\t\t\t\t\t\t\t\t\t<\/div>\n\t\t\t\t<\/div>\n\t\t\t\t\t<\/div>\n\t\t\t\t<\/div>\n\t\t<div class=\"elementor-element elementor-element-4fefd7f e-flex e-con-boxed e-con e-parent\" data-id=\"4fefd7f\" data-element_type=\"container\" data-e-type=\"container\" data-settings=\"{&quot;background_background&quot;:&quot;classic&quot;}\">\n\t\t\t\t\t<div class=\"e-con-inner\">\n\t\t<div class=\"elementor-element elementor-element-fe8598c e-con-full e-flex e-con e-child\" data-id=\"fe8598c\" data-element_type=\"container\" data-e-type=\"container\">\n\t\t\t\t<div class=\"elementor-element elementor-element-17c3574 elementor-widget elementor-widget-spacer\" data-id=\"17c3574\" data-element_type=\"widget\" data-e-type=\"widget\" data-widget_type=\"spacer.default\">\n\t\t\t\t\t\t\t<div class=\"elementor-spacer\">\n\t\t\t<div class=\"elementor-spacer-inner\"><\/div>\n\t\t<\/div>\n\t\t\t\t\t\t<\/div>\n\t\t<div class=\"elementor-element elementor-element-df92ba6 e-con-full e-flex e-con e-child\" data-id=\"df92ba6\" data-element_type=\"container\" data-e-type=\"container\">\n\t\t<div class=\"elementor-element elementor-element-d714503 e-con-full e-flex e-con e-child\" data-id=\"d714503\" data-element_type=\"container\" data-e-type=\"container\" data-settings=\"{&quot;background_background&quot;:&quot;classic&quot;}\">\n\t\t\t\t<div class=\"elementor-element elementor-element-8afc750 elementor-widget elementor-widget-heading\" data-id=\"8afc750\" data-element_type=\"widget\" data-e-type=\"widget\" data-widget_type=\"heading.default\">\n\t\t\t\t\t<h2 class=\"elementor-heading-title elementor-size-default\">P\u0159ipojte se k akciov\u00e9 revoluci s Immediate Connect<\/h2>\t\t\t\t<\/div>\n\t\t\t\t<div class=\"elementor-element elementor-element-73527c5 elementor-widget elementor-widget-text-editor\" data-id=\"73527c5\" data-element_type=\"widget\" data-e-type=\"widget\" data-widget_type=\"text-editor.default\">\n\t\t\t\t\t\t\t\t\t<p>Hled\u00e1te diverzifikaci sv\u00e9ho portfolia pomoc\u00ed revolu\u010dn\u00edho aktiva? Zva\u017ete obchodov\u00e1n\u00ed s akciemi a tr\u017en\u00edmi aktivy! Tyto investice z\u00edsk\u00e1vaj\u00ed na popularit\u011b, p\u0159i\u010dem\u017e jejich hodnotu zvy\u0161uje re\u00e1ln\u00e9 vyu\u017eit\u00ed a rostouc\u00ed glob\u00e1ln\u00ed akceptace. Tr\u017en\u00ed aktiva v\u0161ak z\u016fst\u00e1vaj\u00ed spekulativn\u00ed, proto investujte moud\u0159e a jen to, co si m\u016f\u017eete dovolit ztratit.<\/p><p>Pokud akcie nejsou va\u0161\u00ed volbou, na\u0161i makl\u00e9\u0159i nab\u00edzej\u00ed dal\u0161\u00ed obchodovateln\u00e1 aktiva, jako jsou akcie, CFD, Forex, ropa, zlato a st\u0159\u00edbro, aby v\u00e1m pomohli vybudovat diverzifikovan\u00e9 portfolio. Preferujete obchodov\u00e1n\u00ed s finan\u010dn\u00edmi aktivy? Za\u010dn\u011bte hned a chopte se potenci\u00e1ln\u00edch p\u0159\u00edle\u017eitost\u00ed s obl\u00edben\u00fdmi mo\u017enostmi, jako je Ethereum, Ripple, Solana a dal\u0161\u00ed.<\/p><p>P\u0159ipojte se k Immediate Connect je\u0161t\u011b dnes, spojte se s makl\u00e9\u0159em a za\u010dn\u011bte svou obchodn\u00ed cestu s odbornou podporou!<\/p>\t\t\t\t\t\t\t\t<\/div>\n\t\t\t\t<div class=\"elementor-element elementor-element-f0d5321 elementor-align-center elementor-widget elementor-widget-button\" data-id=\"f0d5321\" data-element_type=\"widget\" data-e-type=\"widget\" data-widget_type=\"button.default\">\n\t\t\t\t\t\t\t\t\t\t<a class=\"elementor-button elementor-button-link elementor-size-sm elementor-animation-grow\" href=\"https:\/\/immediateconnect.biz\/cs\/kontaktujte-nas\/#registration\">\n\t\t\t\t\t\t<span class=\"elementor-button-content-wrapper\">\n\t\t\t\t\t\t\t\t\t<span class=\"elementor-button-text\">BEZPLATN\u00c1 REGISTRACE<\/span>\n\t\t\t\t\t<\/span>\n\t\t\t\t\t<\/a>\n\t\t\t\t\t\t\t\t<\/div>\n\t\t\t\t<\/div>\n\t\t\t\t<\/div>\n\t\t\t\t<div class=\"elementor-element elementor-element-643a75c elementor-widget elementor-widget-spacer\" data-id=\"643a75c\" data-element_type=\"widget\" data-e-type=\"widget\" data-widget_type=\"spacer.default\">\n\t\t\t\t\t\t\t<div class=\"elementor-spacer\">\n\t\t\t<div class=\"elementor-spacer-inner\"><\/div>\n\t\t<\/div>\n\t\t\t\t\t\t<\/div>\n\t\t\t\t<\/div>\n\t\t\t\t\t<\/div>\n\t\t\t\t<\/div>\n\t\t\t\t<\/div>","protected":false},"excerpt":{"rendered":"<p>About Us Find out more about the Immediate Connect platform and discover how we aim to change the state of Equity trading for users worldwide! Our Values Immediate Connect has three main values that we\u2019ve considered when designing this platform and choosing brokers to partner with. They are as follows: Everyone should be given the [&hellip;]<\/p>\n","protected":false},"author":1,"featured_media":0,"parent":0,"menu_order":0,"comment_status":"closed","ping_status":"closed","template":"elementor_header_footer","meta":{"footnotes":""},"class_list":["post-222","page","type-page","status-publish","hentry"],"_links":{"self":[{"href":"https:\/\/immediateconnect.biz\/cs\/wp-json\/wp\/v2\/pages\/222","targetHints":{"allow":["GET"]}}],"collection":[{"href":"https:\/\/immediateconnect.biz\/cs\/wp-json\/wp\/v2\/pages"}],"about":[{"href":"https:\/\/immediateconnect.biz\/cs\/wp-json\/wp\/v2\/types\/page"}],"author":[{"embeddable":true,"href":"https:\/\/immediateconnect.biz\/cs\/wp-json\/wp\/v2\/users\/1"}],"replies":[{"embeddable":true,"href":"https:\/\/immediateconnect.biz\/cs\/wp-json\/wp\/v2\/comments?post=222"}],"version-history":[{"count":58,"href":"https:\/\/immediateconnect.biz\/cs\/wp-json\/wp\/v2\/pages\/222\/revisions"}],"predecessor-version":[{"id":1665,"href":"https:\/\/immediateconnect.biz\/cs\/wp-json\/wp\/v2\/pages\/222\/revisions\/1665"}],"wp:attachment":[{"href":"https:\/\/immediateconnect.biz\/cs\/wp-json\/wp\/v2\/media?parent=222"}],"curies":[{"name":"wp","href":"https:\/\/api.w.org\/{rel}","templated":true}]}}